{"id":781289,"date":"2026-01-20T04:44:04","date_gmt":"2026-01-20T01:44:04","guid":{"rendered":"https:\/\/roveyayinevi.com.tr\/index.php\/urun\/iasos-limanlari\/"},"modified":"2026-04-15T03:45:58","modified_gmt":"2026-04-15T00:45:58","slug":"iasos-limanlari","status":"publish","type":"product","link":"https:\/\/roveyayinevi.com.tr\/index.php\/urun\/iasos-limanlari\/","title":{"rendered":"Iasos Limanlar\u0131"},"content":{"rendered":"<p>Co\u011frafi konumu nedeniyle tarih boyunca denizcilerin en \u00f6nem- li rotalar\u0131ndan birisi Anadolu k\u0131y\u0131lar\u0131d\u0131r. Antik d\u00f6nemde Kar- ia B\u00f6lgesinin \u00f6nemli kentlerinden olan Iasos hem Ege hem de   Do\u011fu Akdeniz ticaret rotas\u0131nda \u00f6nemli bir konuma sahiptir.   Ana kara ve yar\u0131madan\u0131n sa\u011flad\u0131\u011f\u0131 topo\u011frafik avantajlar ned- eniyle, hem do\u011fal koya in\u015faa edilen yapay hem de do\u011fal koyun   oldu\u011fu gibi kullan\u0131ld\u0131\u011f\u0131 do\u011fal olmak \u00fczere iki limana sahiptir. Antik kentte yap\u0131lan kaz\u0131larda a\u00e7\u0131\u011fa \u00e7\u0131kar\u0131lan ve ithal malzeme olarak de\u011ferlendirilen buluntular yoluyla limanlar\u0131n uzunca bir   s\u00fcre yo\u011fun olarak kullan\u0131ld\u0131\u011f\u0131 anla\u015f\u0131lmaktad\u0131r. Bu \u00e7al\u0131\u015fmada Ia- sos\u2019un iki liman\u0131n\u0131n (do\u011fu ve bat\u0131 liman) t\u00fcm evrelerinin, i\u015flev- lerinin, planlar\u0131n\u0131n ve formlar\u0131n\u0131n kapsaml\u0131 incelenmesi ama\u00e7l- anm\u0131\u015ft\u0131r. Ayr\u0131ca k\u00f6rfez i\u00e7erisinde yap\u0131lan sualt\u0131 ara\u015ft\u0131rmalar\u0131   sonucunda tespit edilmi\u015f olan bir bat\u0131k ve bu bat\u0131kta ele ge\u00e7en   sa\u011flam bir amphora da deniz ticaretinin adalarla ba\u011flant\u0131l\u0131 olar- ak ger\u00e7ekle\u015fti\u011fini g\u00f6steren \u00f6nemli bir buluntudur..<\/p>\n","protected":false},"excerpt":{"rendered":"<p>Co\u011frafi konumu nedeniyle tarih boyunca denizcilerin en \u00f6nem- li rotalar\u0131ndan birisi Anadolu k\u0131y\u0131lar\u0131d\u0131r. Antik d\u00f6nemde Kar- ia B\u00f6lgesinin \u00f6nemli kentlerinden olan Iasos hem Ege hem de<span class=\"excerpt-hellip\"> [\u2026]<\/span><\/p>\n","protected":false},"featured_media":0,"template":"","meta":{"_monsterinsights_skip_tracking":false,"_monsterinsights_sitenote_active":false,"_monsterinsights_sitenote_note":"","_monsterinsights_sitenote_category":0},"product_brand":[],"product_cat":[52477,52478],"product_tag":[],"class_list":{"0":"post-781289","1":"product","2":"type-product","3":"status-publish","5":"product_cat-arastirma","6":"product_cat-arkeoloji","7":"pa_cilt-ciltsiz","8":"pa_tur-kitap","9":"pa_yayinevi-bilgin-kultur-sanat","10":"pa_yazar-umut-gorgulu","12":"first","13":"instock","14":"sale","15":"shipping-taxable","16":"purchasable","17":"product-type-simple"},"_links":{"self":[{"href":"https:\/\/roveyayinevi.com.tr\/index.php\/wp-json\/wp\/v2\/product\/781289","targetHints":{"allow":["GET"]}}],"collection":[{"href":"https:\/\/roveyayinevi.com.tr\/index.php\/wp-json\/wp\/v2\/product"}],"about":[{"href":"https:\/\/roveyayinevi.com.tr\/index.php\/wp-json\/wp\/v2\/types\/product"}],"wp:attachment":[{"href":"https:\/\/roveyayinevi.com.tr\/index.php\/wp-json\/wp\/v2\/media?parent=781289"}],"wp:term":[{"taxonomy":"product_brand","embeddable":true,"href":"https:\/\/roveyayinevi.com.tr\/index.php\/wp-json\/wp\/v2\/product_brand?post=781289"},{"taxonomy":"product_cat","embeddable":true,"href":"https:\/\/roveyayinevi.com.tr\/index.php\/wp-json\/wp\/v2\/product_cat?post=781289"},{"taxonomy":"product_tag","embeddable":true,"href":"https:\/\/roveyayinevi.com.tr\/index.php\/wp-json\/wp\/v2\/product_tag?post=781289"}],"curies":[{"name":"wp","href":"https:\/\/api.w.org\/{rel}","templated":true}]}}