{"id":781288,"date":"2026-01-20T04:44:02","date_gmt":"2026-01-20T01:44:02","guid":{"rendered":"https:\/\/roveyayinevi.com.tr\/index.php\/urun\/yukunu-atmis-bedenler\/"},"modified":"2026-04-15T03:45:58","modified_gmt":"2026-04-15T00:45:58","slug":"yukunu-atmis-bedenler","status":"publish","type":"product","link":"https:\/\/roveyayinevi.com.tr\/index.php\/urun\/yukunu-atmis-bedenler\/","title":{"rendered":"Y\u00fck\u00fcn\u00fc Atm\u0131\u015f Bedenler"},"content":{"rendered":"<p>Esra Sar\u0131o\u011flu, Y\u00fck\u00fcn\u00fc Atm\u0131\u015f Bedenler T\u00fcrkiye\u2019de \u015eiddet, Duygular ve Yeni Kad\u0131n isimli bu kitapta, i\u015f\u00e7i s\u0131n\u0131f\u0131na mensup yeni kad\u0131nlara dair etnografik bir ara\u015ft\u0131rmay\u0131 g\u00fcn\u00fcm\u00fcz T\u00fcrkiye\u2019sindeki ahlak bek\u00e7isi erkek \u015fiddetine dair bir \u00e7al\u0131\u015fmayla birle\u015ftirerek, T\u00fcrkiye\u2019nin son on y\u0131l\u0131n\u0131 Yeni Kad\u0131n taraf\u0131ndan deneyimlenen haliyle ara\u015ft\u0131r\u0131yor \u0130\u00e7inde ya\u015fad\u0131\u011f\u0131m\u0131z \u201cbelirsiz zamanlardaki toplumsal cinsiyet ve k\u00fcreselle\u015fme\u201d \u00e7al\u0131\u015fmalar\u0131 i\u00e7in yeni bir istikamet \u00f6neren kitapta fenomenoloji sosyolojiyle, duygular siyasetle, beden k\u00fcresel kapitalist yap\u0131larla ve T\u00fcrkiye\u2019deki hizmet ekonomisinin cinsiyetlendirilmi\u015f \u00f6rg\u00fctlenmesine dair \u00f6ng\u00f6r\u00fclerle bulu\u015fuyor.   Yeni Kad\u0131n\u0131n sa\u011fc\u0131, pop\u00fclist momentte nas\u0131l k\u00fcresel hizmet ekonomisinin arzu edilen bir \u00e7al\u0131\u015fan\u0131 olmaktan ahlak bek\u00e7isi \u015fiddet riskiyle y\u00fcz y\u00fcze kalan g\u00fcvencesiz bir bedene d\u00f6n\u00fc\u015ft\u00fc\u011f\u00fcn\u00fc g\u00f6stermek amac\u0131yla, Yeni Kad\u0131n\u0131n neoliberal k\u00fcresel \u00e7a\u011fdan yirmi birinci y\u00fczy\u0131ldaki pop\u00fclist momente do\u011fru uzanan yolculu\u011funun kayd\u0131n\u0131 tutuyor. Kitap yaln\u0131zca k\u00fcresel \u00e7a\u011fda kad\u0131nlara y\u00f6nelik husumetin y\u00fckseli\u015fine ili\u015fkin yeni bir a\u00e7\u0131klama \u00f6nermekle kalm\u0131yor, Yeni Kad\u0131n taraf\u0131ndan sergilenen benzersiz failli\u011fin onu neden hem AKP otoriterizmine kar\u015f\u0131 denetim alt\u0131na al\u0131nmas\u0131 gereken bir tehdit hem de otoriterizme kar\u015f\u0131 toplumsal direni\u015fin ve yeni bir siyaset \u00e7a\u011fr\u0131s\u0131n\u0131n umut verici yeni bir simgesi haline getirdi\u011fine \u0131\u015f\u0131k tutuyor.  Duygusal ve bedenlenmi\u015f kapasiteleriyle Yeni Kad\u0131n\u0131n T\u00fcrkiye\u2019nin son on y\u0131l\u0131nda sat\u0131\u015f kat\u0131ndan Gezi direni\u015fine, feminist sokak eylemlerinden ahlak bek\u00e7isi \u015fiddete uzanan \u00f6yk\u00fcs\u00fc, cinsiyet ve siyaset aras\u0131nda s\u0131kl\u0131kla ihmal edilen ba\u011flant\u0131lar\u0131 netle\u015ftiriyor. Kitap Amerikan Sosyoloji Derne\u011fi\u2019nin Beden ve Bedenle\u015fme B\u00f6l\u00fcm\u00fc En \u0130yi Kitap \u00d6d\u00fcl\u00fcn\u00fc (2023) kazanm\u0131\u015ft\u0131r.<\/p>\n","protected":false},"excerpt":{"rendered":"<p>Esra Sar\u0131o\u011flu, Y\u00fck\u00fcn\u00fc Atm\u0131\u015f Bedenler T\u00fcrkiye\u2019de \u015eiddet, Duygular ve Yeni Kad\u0131n isimli bu kitapta, i\u015f\u00e7i s\u0131n\u0131f\u0131na mensup yeni kad\u0131nlara dair etnografik bir ara\u015ft\u0131rmay\u0131 g\u00fcn\u00fcm\u00fcz T\u00fcrkiye\u2019sindeki ahlak<span class=\"excerpt-hellip\"> [\u2026]<\/span><\/p>\n","protected":false},"featured_media":0,"template":"","meta":{"_monsterinsights_skip_tracking":false,"_monsterinsights_sitenote_active":false,"_monsterinsights_sitenote_note":"","_monsterinsights_sitenote_category":0},"product_brand":[],"product_cat":[14741,13488],"product_tag":[],"class_list":{"0":"post-781288","1":"product","2":"type-product","3":"status-publish","5":"product_cat-kadin-sorunlari-feminizm","6":"product_cat-toplum-ve-insan","7":"pa_cilt-ciltsiz","8":"pa_tur-kitap","9":"pa_yayinevi-dipnot-yayinlari","10":"pa_yazar-esra-sarioglu","12":"first","13":"instock","14":"sale","15":"shipping-taxable","16":"purchasable","17":"product-type-simple"},"_links":{"self":[{"href":"https:\/\/roveyayinevi.com.tr\/index.php\/wp-json\/wp\/v2\/product\/781288","targetHints":{"allow":["GET"]}}],"collection":[{"href":"https:\/\/roveyayinevi.com.tr\/index.php\/wp-json\/wp\/v2\/product"}],"about":[{"href":"https:\/\/roveyayinevi.com.tr\/index.php\/wp-json\/wp\/v2\/types\/product"}],"wp:attachment":[{"href":"https:\/\/roveyayinevi.com.tr\/index.php\/wp-json\/wp\/v2\/media?parent=781288"}],"wp:term":[{"taxonomy":"product_brand","embeddable":true,"href":"https:\/\/roveyayinevi.com.tr\/index.php\/wp-json\/wp\/v2\/product_brand?post=781288"},{"taxonomy":"product_cat","embeddable":true,"href":"https:\/\/roveyayinevi.com.tr\/index.php\/wp-json\/wp\/v2\/product_cat?post=781288"},{"taxonomy":"product_tag","embeddable":true,"href":"https:\/\/roveyayinevi.com.tr\/index.php\/wp-json\/wp\/v2\/product_tag?post=781288"}],"curies":[{"name":"wp","href":"https:\/\/api.w.org\/{rel}","templated":true}]}}