{"id":781287,"date":"2026-01-20T04:44:01","date_gmt":"2026-01-20T01:44:01","guid":{"rendered":"https:\/\/roveyayinevi.com.tr\/index.php\/urun\/yeni-genc-turkler\/"},"modified":"2026-04-15T03:45:58","modified_gmt":"2026-04-15T00:45:58","slug":"yeni-genc-turkler","status":"publish","type":"product","link":"https:\/\/roveyayinevi.com.tr\/index.php\/urun\/yeni-genc-turkler\/","title":{"rendered":"Yeni Gen\u00e7 T\u00fcrkler"},"content":{"rendered":"<p>Gen\u00e7ler aras\u0131nda yay\u0131lan ve \u00f6zellikle \u201csek\u00fcler\u201d niteli\u011fiyle tarif edilen bir \u201cyeni milliyet\u00e7ilik\u201d potansiyeli, T\u00fcrkiye\u2019de 2020\u2019lerin pop\u00fcler temalar\u0131ndan oldu. Bu potansiyel, genellikle eski-yerle\u015fik milliyet\u00e7i partilerin kapsama alan\u0131n\u0131n d\u0131\u015f\u0131nda kal\u0131yor, hatta kurulan \u201cyeni\u201d milliyet\u00e7i partiler de onlar\u0131 tatmin etmeyebiliyor. Yeni Gen\u00e7 T\u00fcrkler\u2019de Beg\u00fcm Uzun, Cihan Erdal ve \u00d6zlem Avc\u0131 Aksoy, bu \u201cyeni nesil\u201d milliyet\u00e7ili\u011fin karakterini te\u015fhis etmeye \u00e7al\u0131\u015f\u0131yorlar.\u201cYeni milliyet\u00e7i\u201d gen\u00e7lerin temel y\u00f6nelimleri ne? Nas\u0131l bir devlet alg\u0131s\u0131na sahipler? Laiklik\/sek\u00fclerlik vurgusu neyi ifade ediyor, dine nas\u0131l bak\u0131yorlar? Atat\u00fcrk\u2019\u00fc sahiplenme motifleri ne? Muhafazak\u00e2r milliyet\u00e7ilikle nas\u0131l ayr\u0131\u015f\u0131yor, nas\u0131l kesi\u015fiyorlar? S\u0131\u011f\u0131nmac\u0131 kar\u015f\u0131tl\u0131\u011f\u0131 neden bu kadar g\u00fc\u00e7l\u00fc? \u201cT\u00fcrkl\u00fck\u201dten ne anl\u0131yor, ulusal kimli\u011fi, ortak tarihi ve bir arada ya\u015fam\u0131 nas\u0131l tasavvur ediyorlar? K\u00fcrtlere ve K\u00fcrt meselesine nas\u0131l bak\u0131yorlar? Otoriterle\u015fme ele\u015ftirilerinin ve demokrasi savunular\u0131n\u0131n s\u0131n\u0131rlar\u0131 nerede?\u00d6zellikle demokratik hak ve \u00f6zg\u00fcrl\u00fckler konusundaki kafa kar\u0131\u015f\u0131kl\u0131klar\u0131na dikkat \u00e7eken yazarlar, \u201cyeni milliyet\u00e7ili\u011fin\u201d hen\u00fcz \u015fekillenmekte olan yeni bir kimlik formu oldu\u011funu g\u00f6zl\u00fcyorlar. Bol spek\u00fclasyonla konu\u015fulan bir olgu hakk\u0131nda, derinlemesine m\u00fclakatlara ve dikkatli g\u00f6zlemlere dayanan bir \u00e7al\u0131\u015fma.<\/p>\n","protected":false},"excerpt":{"rendered":"<p>Gen\u00e7ler aras\u0131nda yay\u0131lan ve \u00f6zellikle \u201csek\u00fcler\u201d niteli\u011fiyle tarif edilen bir \u201cyeni milliyet\u00e7ilik\u201d potansiyeli, T\u00fcrkiye\u2019de 2020\u2019lerin pop\u00fcler temalar\u0131ndan oldu. Bu potansiyel, genellikle eski-yerle\u015fik milliyet\u00e7i partilerin kapsama alan\u0131n\u0131n<span class=\"excerpt-hellip\"> [\u2026]<\/span><\/p>\n","protected":false},"featured_media":0,"template":"","meta":{"_monsterinsights_skip_tracking":false,"_monsterinsights_sitenote_active":false,"_monsterinsights_sitenote_note":"","_monsterinsights_sitenote_category":0},"product_brand":[],"product_cat":[13590,12337],"product_tag":[],"class_list":{"0":"post-781287","1":"product","2":"type-product","3":"status-publish","5":"product_cat-arastirma-inceleme-politika-siyaset","6":"product_cat-politika-siyaset","7":"pa_cilt-ciltsiz","8":"pa_tur-kitap","9":"pa_yayinevi-iletisim-yayinlari","10":"pa_yazar-begum-uzun-cihan-erdal-ozlem-avci-aksoy","12":"first","13":"instock","14":"sale","15":"shipping-taxable","16":"purchasable","17":"product-type-simple"},"_links":{"self":[{"href":"https:\/\/roveyayinevi.com.tr\/index.php\/wp-json\/wp\/v2\/product\/781287","targetHints":{"allow":["GET"]}}],"collection":[{"href":"https:\/\/roveyayinevi.com.tr\/index.php\/wp-json\/wp\/v2\/product"}],"about":[{"href":"https:\/\/roveyayinevi.com.tr\/index.php\/wp-json\/wp\/v2\/types\/product"}],"wp:attachment":[{"href":"https:\/\/roveyayinevi.com.tr\/index.php\/wp-json\/wp\/v2\/media?parent=781287"}],"wp:term":[{"taxonomy":"product_brand","embeddable":true,"href":"https:\/\/roveyayinevi.com.tr\/index.php\/wp-json\/wp\/v2\/product_brand?post=781287"},{"taxonomy":"product_cat","embeddable":true,"href":"https:\/\/roveyayinevi.com.tr\/index.php\/wp-json\/wp\/v2\/product_cat?post=781287"},{"taxonomy":"product_tag","embeddable":true,"href":"https:\/\/roveyayinevi.com.tr\/index.php\/wp-json\/wp\/v2\/product_tag?post=781287"}],"curies":[{"name":"wp","href":"https:\/\/api.w.org\/{rel}","templated":true}]}}