{"id":781286,"date":"2026-01-20T04:43:59","date_gmt":"2026-01-20T01:43:59","guid":{"rendered":"https:\/\/roveyayinevi.com.tr\/index.php\/urun\/wall-streetin-think-tanki\/"},"modified":"2026-04-15T03:45:58","modified_gmt":"2026-04-15T00:45:58","slug":"wall-streetin-think-tanki","status":"publish","type":"product","link":"https:\/\/roveyayinevi.com.tr\/index.php\/urun\/wall-streetin-think-tanki\/","title":{"rendered":"Wall Street\u2019in Think Tank&#8217;i"},"content":{"rendered":"<p>D\u00fcnyan\u0131n en b\u00fcy\u00fck sava\u015f ayg\u0131t\u0131 olan ABD devleti ile d\u00fcnyan\u0131n en b\u00fcy\u00fck tekellerini i\u00e7eren ABD b\u00fcy\u00fck sermayesi aras\u0131nda nas\u0131l bir ili\u015fki var? Bu ili\u015fki, Elon Musk gibi multimilyarderlerin \u015fu ya da bu ba\u015fkan aday\u0131n\u0131 desteklemesiyle mi s\u0131n\u0131rl\u0131? Deneyimli gazeteci Laurance H. Shoup d\u00fcnyan\u0131n en \u00f6nemli d\u00fc\u015f\u00fcnce kurulu\u015flar\u0131ndan biri olan D\u0131\u015f \u0130li\u015fkiler Konseyi\u2019ni inceledi\u011fi bu kitapta, ABD\u2019de devlet ile sermayenin nas\u0131l i\u00e7 i\u00e7e ge\u00e7ti\u011fini ortaya koyuyor. ABD i\u015fgallerini \u00f6nceden duyurmas\u0131yla \u00fcnl\u00fc \u201cForeign Affairs\u201d dergisinin de sahibi olan bu think tank; h\u00fck\u00fcmet, sermaye ve akademi i\u00e7indeki a\u011f\u0131yla sadece neoliberal d\u00fc\u015f\u00fcncenin de\u011fil, emperyalist stratejilerin olu\u015fturulmas\u0131nda da olduk\u00e7a etkili. Kitap, devlet ve sermaye aras\u0131nda teorideki ili\u015fkinin somut bir boyutunu tarihselli\u011fi, \u00f6zneleri ve kan\u0131tlar\u0131yla birlikte sergileme ba\u015far\u0131s\u0131n\u0131 g\u00f6stermi\u015ftir.<\/p>\n","protected":false},"excerpt":{"rendered":"<p>D\u00fcnyan\u0131n en b\u00fcy\u00fck sava\u015f ayg\u0131t\u0131 olan ABD devleti ile d\u00fcnyan\u0131n en b\u00fcy\u00fck tekellerini i\u00e7eren ABD b\u00fcy\u00fck sermayesi aras\u0131nda nas\u0131l bir ili\u015fki var? Bu ili\u015fki, Elon Musk<span class=\"excerpt-hellip\"> [\u2026]<\/span><\/p>\n","protected":false},"featured_media":0,"template":"","meta":{"_monsterinsights_skip_tracking":false,"_monsterinsights_sitenote_active":false,"_monsterinsights_sitenote_note":"","_monsterinsights_sitenote_category":0},"product_brand":[],"product_cat":[12337],"product_tag":[],"class_list":{"0":"post-781286","1":"product","2":"type-product","3":"status-publish","5":"product_cat-politika-siyaset","6":"pa_cilt-ciltsiz","7":"pa_tur-kitap","8":"pa_yayinevi-kor-kitap","9":"pa_yazar-laurance-h-shoup","11":"first","12":"instock","13":"sale","14":"shipping-taxable","15":"purchasable","16":"product-type-simple"},"_links":{"self":[{"href":"https:\/\/roveyayinevi.com.tr\/index.php\/wp-json\/wp\/v2\/product\/781286","targetHints":{"allow":["GET"]}}],"collection":[{"href":"https:\/\/roveyayinevi.com.tr\/index.php\/wp-json\/wp\/v2\/product"}],"about":[{"href":"https:\/\/roveyayinevi.com.tr\/index.php\/wp-json\/wp\/v2\/types\/product"}],"wp:attachment":[{"href":"https:\/\/roveyayinevi.com.tr\/index.php\/wp-json\/wp\/v2\/media?parent=781286"}],"wp:term":[{"taxonomy":"product_brand","embeddable":true,"href":"https:\/\/roveyayinevi.com.tr\/index.php\/wp-json\/wp\/v2\/product_brand?post=781286"},{"taxonomy":"product_cat","embeddable":true,"href":"https:\/\/roveyayinevi.com.tr\/index.php\/wp-json\/wp\/v2\/product_cat?post=781286"},{"taxonomy":"product_tag","embeddable":true,"href":"https:\/\/roveyayinevi.com.tr\/index.php\/wp-json\/wp\/v2\/product_tag?post=781286"}],"curies":[{"name":"wp","href":"https:\/\/api.w.org\/{rel}","templated":true}]}}