{"id":781279,"date":"2026-01-20T04:43:47","date_gmt":"2026-01-20T01:43:47","guid":{"rendered":"https:\/\/roveyayinevi.com.tr\/index.php\/urun\/mide-agrisi\/"},"modified":"2026-04-11T14:48:15","modified_gmt":"2026-04-11T11:48:15","slug":"mide-agrisi","status":"publish","type":"product","link":"https:\/\/roveyayinevi.com.tr\/index.php\/urun\/mide-agrisi\/","title":{"rendered":"Mide A\u011fr\u0131s\u0131"},"content":{"rendered":"<p>Duygular kendini ilk \u00f6nce midede belli eder. Kayb\u0131n, arzunun, ihaneti sezmenin ve susarak sevmeyi \u00f6\u011frenmenin bedende tutuldu\u011fu bir kay\u0131t defteri Mide A\u011fr\u0131s\u0131. K\u0131sa pasajlardan olu\u015fan bu anlat\u0131da bir kad\u0131n; babas\u0131na, a\u015fka, evlere, \u015fehirlere, u\u00e7ak biletlerine ve s\u00f6ylenememi\u015f c\u00fcmlelere dokunarak ilerliyor.Karabulut\u2019un dili yal\u0131n ama keskin, k\u0131r\u0131lgan ama diren\u00e7li. Bazen bir mezar\u0131n ba\u015f\u0131nda, bazen mutfakta, bazen terasta ya da bir kafede so\u011fuyan kahvenin kar\u015f\u0131s\u0131nda\u2026 Hayatla aras\u0131ndaki mesafeyi \u00f6l\u00e7erken eksik kalman\u0131n hafifli\u011fini ve rahat edememenin a\u011f\u0131rl\u0131\u011f\u0131n\u0131 ayn\u0131 anda ta\u015f\u0131yor. Her pasaj, i\u00e7-d\u0131\u015f, g\u00fcnd\u00fcz-gece, kalmak-gitmek aras\u0131nda s\u0131k\u0131\u015fm\u0131\u015f bir ruh h\u00e2linin notu gibi. Sevilmeyi istemenin ay\u0131b\u0131 yok burada; korkman\u0131n, durman\u0131n, kalamaman\u0131n da.Okur, bu anlat\u0131da kendini bir c\u00fcmlede yakal\u0131yor, bir ba\u015fka c\u00fcmlede susarken buluyor. Baz\u0131 metinler bir \u015feyi en ba\u015ftan anlatmaz, \u00e7oktan ba\u015flam\u0131\u015f olana e\u015flik eder. Mide A\u011fr\u0131s\u0131 da onlardan biri.<\/p>\n","protected":false},"excerpt":{"rendered":"<p>Duygular kendini ilk \u00f6nce midede belli eder. Kayb\u0131n, arzunun, ihaneti sezmenin ve susarak sevmeyi \u00f6\u011frenmenin bedende tutuldu\u011fu bir kay\u0131t defteri Mide A\u011fr\u0131s\u0131. K\u0131sa pasajlardan olu\u015fan bu<span class=\"excerpt-hellip\"> [\u2026]<\/span><\/p>\n","protected":false},"featured_media":0,"template":"","meta":{"_monsterinsights_skip_tracking":false,"_monsterinsights_sitenote_active":false,"_monsterinsights_sitenote_note":"","_monsterinsights_sitenote_category":0},"product_brand":[],"product_cat":[18545,12291],"product_tag":[],"class_list":{"0":"post-781279","1":"product","2":"type-product","3":"status-publish","5":"product_cat-anlati","6":"product_cat-edebiyat","7":"pa_cilt-ciltsiz","8":"pa_tur-kitap","9":"pa_yayinevi-literatur-yayinevi","10":"pa_yazar-ayca-derin-karabulut","12":"first","13":"instock","14":"sale","15":"shipping-taxable","16":"purchasable","17":"product-type-simple"},"_links":{"self":[{"href":"https:\/\/roveyayinevi.com.tr\/index.php\/wp-json\/wp\/v2\/product\/781279","targetHints":{"allow":["GET"]}}],"collection":[{"href":"https:\/\/roveyayinevi.com.tr\/index.php\/wp-json\/wp\/v2\/product"}],"about":[{"href":"https:\/\/roveyayinevi.com.tr\/index.php\/wp-json\/wp\/v2\/types\/product"}],"wp:attachment":[{"href":"https:\/\/roveyayinevi.com.tr\/index.php\/wp-json\/wp\/v2\/media?parent=781279"}],"wp:term":[{"taxonomy":"product_brand","embeddable":true,"href":"https:\/\/roveyayinevi.com.tr\/index.php\/wp-json\/wp\/v2\/product_brand?post=781279"},{"taxonomy":"product_cat","embeddable":true,"href":"https:\/\/roveyayinevi.com.tr\/index.php\/wp-json\/wp\/v2\/product_cat?post=781279"},{"taxonomy":"product_tag","embeddable":true,"href":"https:\/\/roveyayinevi.com.tr\/index.php\/wp-json\/wp\/v2\/product_tag?post=781279"}],"curies":[{"name":"wp","href":"https:\/\/api.w.org\/{rel}","templated":true}]}}