{"id":781277,"date":"2026-01-20T04:43:43","date_gmt":"2026-01-20T01:43:43","guid":{"rendered":"https:\/\/roveyayinevi.com.tr\/index.php\/urun\/kusursuz-gun\/"},"modified":"2026-04-15T03:45:58","modified_gmt":"2026-04-15T00:45:58","slug":"kusursuz-gun","status":"publish","type":"product","link":"https:\/\/roveyayinevi.com.tr\/index.php\/urun\/kusursuz-gun\/","title":{"rendered":"Kusursuz G\u00fcn"},"content":{"rendered":"<p>\u2018Kusursuz bir g\u00fcn\u2019 ya\u015famak m\u00fcmk\u00fcn m\u00fcd\u00fcr? \u00c7aresiz bir adam b\u00f6yle bir g\u00fcn\u00fc elde etmek i\u00e7in ne kadar ileri gidebilir? Neler yapabilir?Mike, hi\u00e7 beklemedi\u011fi bir teklif ald\u0131\u011f\u0131nda omzunda ge\u00e7mi\u015finin y\u00fckleriyle birlikte s\u0131radan bir hayat s\u00fcrmektedir. Alaca\u011f\u0131 bu karar\u0131n t\u00fcm hayat\u0131n\u0131 de\u011fi\u015ftirece\u011finden habersizdir. Hayata dair umudu kalmam\u0131\u015f bir adam i\u00e7in bu bilinmezli\u011fe s\u00fcr\u00fcklenmek yoksa tek \u00e7are midir? Kusursuz G\u00fcn, sadece s\u0131radan bir adam\u0131n hayat\u0131ndaki anlam aray\u0131\u015f\u0131na de\u011fil, ayn\u0131 zamanda yeralt\u0131na gizlenmi\u015f tarihin izlerine de kap\u0131 aral\u0131yor. Okuyucuyu davet etti\u011fi bu gizemli macerada \u015fu soruya cevap ar\u0131yor: Ger\u00e7eklerle aldatmacalar\u0131n i\u00e7 i\u00e7e ge\u00e7ti\u011fi bu hik\u00e2yede siz kimin taraf\u0131n\u0131 se\u00e7eceksiniz? Kusursuz G\u00fcn, Nagihan Do\u011fan\u2019\u0131n ilk roman\u0131. Bir solukta okuyacaks\u0131n\u0131z.<\/p>\n","protected":false},"excerpt":{"rendered":"<p>\u2018Kusursuz bir g\u00fcn\u2019 ya\u015famak m\u00fcmk\u00fcn m\u00fcd\u00fcr? \u00c7aresiz bir adam b\u00f6yle bir g\u00fcn\u00fc elde etmek i\u00e7in ne kadar ileri gidebilir? Neler yapabilir?Mike, hi\u00e7 beklemedi\u011fi bir teklif ald\u0131\u011f\u0131nda<span class=\"excerpt-hellip\"> [\u2026]<\/span><\/p>\n","protected":false},"featured_media":0,"template":"","meta":{"_monsterinsights_skip_tracking":false,"_monsterinsights_sitenote_active":false,"_monsterinsights_sitenote_note":"","_monsterinsights_sitenote_category":0},"product_brand":[],"product_cat":[12291,12711],"product_tag":[],"class_list":{"0":"post-781277","1":"product","2":"type-product","3":"status-publish","5":"product_cat-edebiyat","6":"product_cat-roman-oyku","7":"pa_cilt-ciltsiz","8":"pa_tur-kitap","9":"pa_yayinevi-yitik-ulke-yayinlari","10":"pa_yazar-nagihan-dogan","12":"first","13":"instock","14":"sale","15":"shipping-taxable","16":"purchasable","17":"product-type-simple"},"_links":{"self":[{"href":"https:\/\/roveyayinevi.com.tr\/index.php\/wp-json\/wp\/v2\/product\/781277","targetHints":{"allow":["GET"]}}],"collection":[{"href":"https:\/\/roveyayinevi.com.tr\/index.php\/wp-json\/wp\/v2\/product"}],"about":[{"href":"https:\/\/roveyayinevi.com.tr\/index.php\/wp-json\/wp\/v2\/types\/product"}],"wp:attachment":[{"href":"https:\/\/roveyayinevi.com.tr\/index.php\/wp-json\/wp\/v2\/media?parent=781277"}],"wp:term":[{"taxonomy":"product_brand","embeddable":true,"href":"https:\/\/roveyayinevi.com.tr\/index.php\/wp-json\/wp\/v2\/product_brand?post=781277"},{"taxonomy":"product_cat","embeddable":true,"href":"https:\/\/roveyayinevi.com.tr\/index.php\/wp-json\/wp\/v2\/product_cat?post=781277"},{"taxonomy":"product_tag","embeddable":true,"href":"https:\/\/roveyayinevi.com.tr\/index.php\/wp-json\/wp\/v2\/product_tag?post=781277"}],"curies":[{"name":"wp","href":"https:\/\/api.w.org\/{rel}","templated":true}]}}