{"id":781269,"date":"2026-01-20T04:43:32","date_gmt":"2026-01-20T01:43:32","guid":{"rendered":"https:\/\/roveyayinevi.com.tr\/index.php\/urun\/uygarlik-toplum-ve-din\/"},"modified":"2026-01-22T03:59:26","modified_gmt":"2026-01-22T00:59:26","slug":"uygarlik-toplum-ve-din","status":"publish","type":"product","link":"https:\/\/roveyayinevi.com.tr\/index.php\/urun\/uygarlik-toplum-ve-din\/","title":{"rendered":"Uygarl\u0131k Toplum ve Din"},"content":{"rendered":"<p>Uygarl\u0131k, Toplum ve Din konusundaki denemeler, Freud&#8217;un toplumu ve kurumlar\u0131n\u0131 ruh\u00e7\u00f6z\u00fcmsel bak\u0131\u015fla yorumlama konusunda uzun s\u00fcredir ilgi duydu\u011funu g\u00f6steriyor. Bu kitapta bulunan Grup Ruhbilimi ve Ego \u00c7\u00f6z\u00fcmlemesi adl\u0131 denemede Freud, bireyin zihinsel ya\u015fam\u0131 \u00fczerine daha \u00f6nce yapt\u0131\u011f\u0131 incemelerin \u00f6tesine de ge\u00e7mekte ve bireysel ruhbilimi grup ruhbiliminden ay\u0131ran \u00f6zellikleri incelemektedir. Bir Yan\u0131lsaman\u0131n Gelece\u011fi adl\u0131 denemede, Freud Kiliseyi bir grup olarak ele almaktad\u0131r. Dinsel ve tak\u0131nt\u0131l\u0131 nevroz aras\u0131nda bir benzerlik bulan, Freud, dinsel fikirlerin temelinin yan\u0131lsamada oldu\u011funu ve insanl\u0131\u011f\u0131n kurtulu\u015funun uygarl\u0131k, din ve bilim aras\u0131ndaki ili\u015fkinin k\u00f6kl\u00fc bir \u015fekilde yeniden de\u011ferlendirilmesinde yatt\u0131\u011f\u0131n\u0131 inand\u0131r\u0131c\u0131 bir \u015fekilde savunmaktad\u0131r. \u00d6l\u00fcm\u00fcnden birka\u00e7 y\u0131l \u00f6nce yaz\u0131lm\u0131\u015f olan Uygarl\u0131k ve Ho\u015fnutsuzluklar\u0131 Freud&#8217;un daha \u00f6nceki temalar\u0131n\u0131 geli\u015ftirmektedir; bu deneme, Freud&#8217;un insanl\u0131\u011f\u0131n i\u00e7inde bulundu\u011fu durumla ilgili kesin g\u00f6r\u00fc\u015f\u00fc olarak de\u011ferlendirilebilir. Kitapta ayr\u0131ca &#8220;Uygarla\u015fm\u0131\u015f&#8221; Cinsel Ahl\u00e2k ve \u00c7a\u011fda\u015f Sinir Hastal\u0131\u011f\u0131, Sava\u015f ve \u00d6l\u00fcm Zamanlar\u0131 \u00dczerine D\u00fc\u015f\u00fcnceler ile Neden Sava\u015f? gibi denemeler de yer almaktad\u0131r.<\/p>\n","protected":false},"excerpt":{"rendered":"<p>Uygarl\u0131k, Toplum ve Din konusundaki denemeler, Freud&#8217;un toplumu ve kurumlar\u0131n\u0131 ruh\u00e7\u00f6z\u00fcmsel bak\u0131\u015fla yorumlama konusunda uzun s\u00fcredir ilgi duydu\u011funu g\u00f6steriyor. Bu kitapta bulunan Grup Ruhbilimi ve Ego<span class=\"excerpt-hellip\"> [\u2026]<\/span><\/p>\n","protected":false},"featured_media":0,"template":"","meta":{"_monsterinsights_skip_tracking":false,"_monsterinsights_sitenote_active":false,"_monsterinsights_sitenote_note":"","_monsterinsights_sitenote_category":0},"product_brand":[],"product_cat":[13488],"product_tag":[],"class_list":{"0":"post-781269","1":"product","2":"type-product","3":"status-publish","5":"product_cat-toplum-ve-insan","6":"pa_cilt-ciltsiz","7":"pa_tur-kitap","8":"pa_yayinevi-payel-yayinlari","9":"pa_yazar-kolektif","11":"first","12":"instock","13":"sale","14":"shipping-taxable","15":"purchasable","16":"product-type-simple"},"_links":{"self":[{"href":"https:\/\/roveyayinevi.com.tr\/index.php\/wp-json\/wp\/v2\/product\/781269","targetHints":{"allow":["GET"]}}],"collection":[{"href":"https:\/\/roveyayinevi.com.tr\/index.php\/wp-json\/wp\/v2\/product"}],"about":[{"href":"https:\/\/roveyayinevi.com.tr\/index.php\/wp-json\/wp\/v2\/types\/product"}],"wp:attachment":[{"href":"https:\/\/roveyayinevi.com.tr\/index.php\/wp-json\/wp\/v2\/media?parent=781269"}],"wp:term":[{"taxonomy":"product_brand","embeddable":true,"href":"https:\/\/roveyayinevi.com.tr\/index.php\/wp-json\/wp\/v2\/product_brand?post=781269"},{"taxonomy":"product_cat","embeddable":true,"href":"https:\/\/roveyayinevi.com.tr\/index.php\/wp-json\/wp\/v2\/product_cat?post=781269"},{"taxonomy":"product_tag","embeddable":true,"href":"https:\/\/roveyayinevi.com.tr\/index.php\/wp-json\/wp\/v2\/product_tag?post=781269"}],"curies":[{"name":"wp","href":"https:\/\/api.w.org\/{rel}","templated":true}]}}