{"id":781267,"date":"2026-01-20T04:43:28","date_gmt":"2026-01-20T01:43:28","guid":{"rendered":"https:\/\/roveyayinevi.com.tr\/index.php\/urun\/sosyal-varlik-varlikbilimine-dogru-3-emek\/"},"modified":"2026-01-22T03:59:26","modified_gmt":"2026-01-22T00:59:26","slug":"sosyal-varlik-varlikbilimine-dogru-3-emek","status":"publish","type":"product","link":"https:\/\/roveyayinevi.com.tr\/index.php\/urun\/sosyal-varlik-varlikbilimine-dogru-3-emek\/","title":{"rendered":"Sosyal Varl\u0131k Varl\u0131kbilimine Do\u011fru 3: Emek"},"content":{"rendered":"<p>Lukacs&#8217;\u0131n \u00f6mr\u00fcn\u00fcn son y\u0131llar\u0131nda \u00fczerinde \u00e7al\u0131\u015ft\u0131\u011f\u0131 ve \u00f6l\u00fcm\u00fc nedeniyle son haline kavu\u015fturamad\u0131\u011f\u0131 Sosyal Varl\u0131k Varl\u0131kbilimine Do\u011fru adl\u0131 bu \u00e7al\u0131\u015fmas\u0131 Hegel Marx ve Emek ba\u015fl\u0131klar\u0131 alt\u0131nda 3 cilt olarak yay\u0131mlanacakt\u0131r. Lukacs bu kitab\u0131 yazmaya ba\u015flad\u0131\u011f\u0131nda ele\u015ftiri anlay\u0131\u015f\u0131 bak\u0131m\u0131ndan k\u00f6klerine d\u00f6nm\u00fc\u015ft\u00fcr. Yazd\u0131klar\u0131n\u0131n b\u00fcy\u00fck bir b\u00f6l\u00fcm\u00fcnde 1920&#8217;li y\u0131llarda yazd\u0131\u011f\u0131 Tarih ve S\u0131n\u0131f Bilinci Eserine hakim olan tazelik ve \u00f6ng\u00f6r\u00fc mevcuttur ve elden ge\u00e7irilmi\u015f yer yer yenilenmi\u015f bir \u015fekilde sunulur.Stalin&#8217;in \u00f6l\u00fcm\u00fcyle birlikte zay\u0131flamaya ba\u015flayan Marksizmin canland\u0131r\u0131lmas\u0131 gerekti\u011fini d\u00fc\u015f\u00fcnen Lukacs bu ama\u00e7la Marksist anlay\u0131\u015ftan eme\u011fi varl\u0131\u011f\u0131n temel yap\u0131ta\u015f\u0131 olarak a\u00e7\u0131klayan bir varl\u0131kbilim \u00e7\u0131kart\u0131lmas\u0131 gere\u011fi \u00fczerinde durur. Bunu da Hegel&#8217;i ve Marx&#8217;\u0131 bilgi felsefesi a\u00e7\u0131s\u0131ndan de\u011fil varl\u0131kbilimsel bak\u0131\u015f a\u00e7\u0131s\u0131yla inceleyerek \u00e7\u00f6z\u00fcmleyerek yapar.Ortaya \u00e7\u0131kan varl\u0131kbilim varl\u0131ktan \u00e7ok d\u00f6n\u00fc\u015f\u00fcme dayal\u0131 olarak kendini de\u011fi\u015fim s\u00fcre\u011fenlik ve hareket olarak g\u00f6sterir. Lukacs varl\u0131kbilime b\u00f6ylesine devrim niteli\u011findeki bir bak\u0131\u015fla yakla\u015farak Marksizmi yapt\u0131klar\u0131yla nitelenen ve olu\u015fan varl\u0131k temeline oturtmaya \u00e7al\u0131\u015f\u0131r bu y\u00f6n\u00fcyle de ortodoks marksizmi reddederek tarihsel ve diyalektik materyalizme yeni bir mant\u0131ksal d\u00fczlem getirmeyi ama\u00e7lar.<\/p>\n","protected":false},"excerpt":{"rendered":"<p>Lukacs&#8217;\u0131n \u00f6mr\u00fcn\u00fcn son y\u0131llar\u0131nda \u00fczerinde \u00e7al\u0131\u015ft\u0131\u011f\u0131 ve \u00f6l\u00fcm\u00fc nedeniyle son haline kavu\u015fturamad\u0131\u011f\u0131 Sosyal Varl\u0131k Varl\u0131kbilimine Do\u011fru adl\u0131 bu \u00e7al\u0131\u015fmas\u0131 Hegel Marx ve Emek ba\u015fl\u0131klar\u0131 alt\u0131nda 3<span class=\"excerpt-hellip\"> [\u2026]<\/span><\/p>\n","protected":false},"featured_media":0,"template":"","meta":{"_monsterinsights_skip_tracking":false,"_monsterinsights_sitenote_active":false,"_monsterinsights_sitenote_note":"","_monsterinsights_sitenote_category":0},"product_brand":[],"product_cat":[12337],"product_tag":[],"class_list":{"0":"post-781267","1":"product","2":"type-product","3":"status-publish","5":"product_cat-politika-siyaset","6":"pa_cilt-ciltsiz","7":"pa_tur-kitap","8":"pa_yayinevi-payel-yayinlari","9":"pa_yazar-georg-lukacs","11":"first","12":"instock","13":"sale","14":"shipping-taxable","15":"purchasable","16":"product-type-simple"},"_links":{"self":[{"href":"https:\/\/roveyayinevi.com.tr\/index.php\/wp-json\/wp\/v2\/product\/781267","targetHints":{"allow":["GET"]}}],"collection":[{"href":"https:\/\/roveyayinevi.com.tr\/index.php\/wp-json\/wp\/v2\/product"}],"about":[{"href":"https:\/\/roveyayinevi.com.tr\/index.php\/wp-json\/wp\/v2\/types\/product"}],"wp:attachment":[{"href":"https:\/\/roveyayinevi.com.tr\/index.php\/wp-json\/wp\/v2\/media?parent=781267"}],"wp:term":[{"taxonomy":"product_brand","embeddable":true,"href":"https:\/\/roveyayinevi.com.tr\/index.php\/wp-json\/wp\/v2\/product_brand?post=781267"},{"taxonomy":"product_cat","embeddable":true,"href":"https:\/\/roveyayinevi.com.tr\/index.php\/wp-json\/wp\/v2\/product_cat?post=781267"},{"taxonomy":"product_tag","embeddable":true,"href":"https:\/\/roveyayinevi.com.tr\/index.php\/wp-json\/wp\/v2\/product_tag?post=781267"}],"curies":[{"name":"wp","href":"https:\/\/api.w.org\/{rel}","templated":true}]}}