{"id":781256,"date":"2026-01-20T04:43:03","date_gmt":"2026-01-20T01:43:03","guid":{"rendered":"https:\/\/roveyayinevi.com.tr\/index.php\/urun\/ilgi-alani\/"},"modified":"2026-01-22T03:59:26","modified_gmt":"2026-01-22T00:59:26","slug":"ilgi-alani","status":"publish","type":"product","link":"https:\/\/roveyayinevi.com.tr\/index.php\/urun\/ilgi-alani\/","title":{"rendered":"\u0130lgi Alan\u0131"},"content":{"rendered":"<p>2023\u2019te aram\u0131zdan ayr\u0131lan \u0130ngiliz yazar Martin Amis\u2019in \u201c\u0130lgi Alan\u0131\u201d roman\u0131, \u00fcnl\u00fc y\u00f6netmen Jonathan Glazer\u2019\u0131n, romanla ayn\u0131 ad\u0131 ta\u015f\u0131yan \u201cThe Zone of Interest\u201d filmi (2023) sayesinde genel kitle taraf\u0131ndan tan\u0131nmaya ba\u015flad\u0131. The Zone of Interest, Cannes Film Festivali\u2019nden Grand Prix ile, ayr\u0131ca bir\u00e7ok festivalden de \u00e7e\u015fitli \u00f6d\u00fcllerle d\u00f6nerken, Akademi \u00d6d\u00fclleri taraf\u0131ndan da En \u0130yi Uluslararas\u0131 Film Oscar\u2019\u0131na lay\u0131k g\u00f6r\u00fcld\u00fc. Toplamda 15 roman\u0131 ve on adet kurgu d\u0131\u015f\u0131 eseri bulunan Martin Amis\u2019in, 2014\u2019te kaleme ald\u0131\u011f\u0131 \u0130lgi Alan\u0131\u2019nda uygulad\u0131\u011f\u0131, hem bi\u00e7imsel a\u00e7\u0131dan hem de i\u00e7erik ba\u011flam\u0131nda, son derece yenilik\u00e7i bir \u00fcslup. \u0130nsanl\u0131k tarihinin en karanl\u0131k sahnelerinden biri olan, 2. D\u00fcnya Sava\u015f\u0131\u2019nda ya\u015fanan Yahudi Soyk\u0131r\u0131m\u0131 konusunu, \u201co tarihte, orada bulunarak, fark edilmeden t\u00fcm olup bitene tan\u0131k olabilseydik\u201d \u015feklinde \u00f6zetleyebilece\u011fimiz bir d\u00fcsturla ele al\u0131yor. Bu yakla\u015f\u0131m, \u0130ngiliz edebiyat\u0131n\u0131n en kan dondurucu eserlerinden birini ortaya \u00e7\u0131kartm\u0131\u015f oldu, \u00e7\u00fcnk\u00fc \u201corada olsayd\u0131k\u201d derken Amis, bir Toplama Kamp\u0131 sorumlusunun evini kast ediyor, zulmedilenleri de\u011fil. Nazilerin sistematik bir \u015fekilde ger\u00e7ekle\u015ftirdi\u011fi soyk\u0131r\u0131m g\u00fcn\u00fcm\u00fcz insanlar\u0131 taraf\u0131ndan, sava\u015f\u0131n Almanya\u2019n\u0131n yenilgisiyle sonland\u0131\u011f\u0131n\u0131 bildi\u011fimiz i\u00e7in \u201cge\u00e7mi\u015ften bir sayfa\u201d olarak alg\u0131lansa da, sava\u015f\u0131n ne kadar s\u00fcrece\u011finin, Almanlar\u0131n sava\u015f\u0131 kazan\u0131p kazanmayaca\u011f\u0131n\u0131n bilinmedi\u011fi, kabus gibi ge\u00e7en y\u0131llar o d\u00f6nem insanlar\u0131 taraf\u0131ndan korkun\u00e7 bir \u015fekilde ya\u015fand\u0131; Martin Amis okuru i\u015fte tam da o y\u0131llara, insan\u0131n izlemekten ba\u015fka bir \u015fey yapamayaca\u011f\u0131 karanl\u0131k y\u0131llara g\u00f6t\u00fcrerek ya\u015fanan kabusu \u00e7ok daha net bir \u015fekilde hissetmemize yol a\u00e7\u0131yor.<\/p>\n","protected":false},"excerpt":{"rendered":"<p>2023\u2019te aram\u0131zdan ayr\u0131lan \u0130ngiliz yazar Martin Amis\u2019in \u201c\u0130lgi Alan\u0131\u201d roman\u0131, \u00fcnl\u00fc y\u00f6netmen Jonathan Glazer\u2019\u0131n, romanla ayn\u0131 ad\u0131 ta\u015f\u0131yan \u201cThe Zone of Interest\u201d filmi (2023) sayesinde genel<span class=\"excerpt-hellip\"> [\u2026]<\/span><\/p>\n","protected":false},"featured_media":0,"template":"","meta":{"_monsterinsights_skip_tracking":false,"_monsterinsights_sitenote_active":false,"_monsterinsights_sitenote_note":"","_monsterinsights_sitenote_category":0},"product_brand":[],"product_cat":[12291,12711],"product_tag":[],"class_list":{"0":"post-781256","1":"product","2":"type-product","3":"status-publish","5":"product_cat-edebiyat","6":"product_cat-roman-oyku","7":"pa_cilt-ciltsiz","8":"pa_tur-kitap","9":"pa_yayinevi-payel-yayinlari","10":"pa_yazar-martin-amis","12":"first","13":"instock","14":"sale","15":"shipping-taxable","16":"purchasable","17":"product-type-simple"},"_links":{"self":[{"href":"https:\/\/roveyayinevi.com.tr\/index.php\/wp-json\/wp\/v2\/product\/781256","targetHints":{"allow":["GET"]}}],"collection":[{"href":"https:\/\/roveyayinevi.com.tr\/index.php\/wp-json\/wp\/v2\/product"}],"about":[{"href":"https:\/\/roveyayinevi.com.tr\/index.php\/wp-json\/wp\/v2\/types\/product"}],"wp:attachment":[{"href":"https:\/\/roveyayinevi.com.tr\/index.php\/wp-json\/wp\/v2\/media?parent=781256"}],"wp:term":[{"taxonomy":"product_brand","embeddable":true,"href":"https:\/\/roveyayinevi.com.tr\/index.php\/wp-json\/wp\/v2\/product_brand?post=781256"},{"taxonomy":"product_cat","embeddable":true,"href":"https:\/\/roveyayinevi.com.tr\/index.php\/wp-json\/wp\/v2\/product_cat?post=781256"},{"taxonomy":"product_tag","embeddable":true,"href":"https:\/\/roveyayinevi.com.tr\/index.php\/wp-json\/wp\/v2\/product_tag?post=781256"}],"curies":[{"name":"wp","href":"https:\/\/api.w.org\/{rel}","templated":true}]}}