{"id":781252,"date":"2026-01-20T04:42:57","date_gmt":"2026-01-20T01:42:57","guid":{"rendered":"https:\/\/roveyayinevi.com.tr\/index.php\/urun\/farkli-ulkelerde-secim-sistemleri\/"},"modified":"2026-01-22T03:59:26","modified_gmt":"2026-01-22T00:59:26","slug":"farkli-ulkelerde-secim-sistemleri","status":"publish","type":"product","link":"https:\/\/roveyayinevi.com.tr\/index.php\/urun\/farkli-ulkelerde-secim-sistemleri\/","title":{"rendered":"Farkl\u0131 \u00dclkelerde Se\u00e7im Sistemleri"},"content":{"rendered":"<p>Demokrasinin en \u00f6nemli unsurlar\u0131ndan birisi olan se\u00e7imler, halk iradesinin y\u00f6netime somut bir \u015fekilde tezah\u00fcr etmesini sa\u011flayan en etkili siyasal kat\u0131l\u0131m mekanizmalar\u0131d\u0131r. Se\u00e7im sistemleri ise halk iradesinin y\u00f6netime hangi y\u00f6ntem ve tekniklerle yans\u0131t\u0131laca\u011f\u0131n\u0131 belirleyen kurallar b\u00fct\u00fcn\u00fc olarak tan\u0131mlanabilir. Ge\u00e7mi\u015fte oldu\u011fu gibi g\u00fcn\u00fcm\u00fczde de \u00f6zellikle modern toplumlarda se\u00e7im ve se\u00e7im sistemleri, siyasal hayat\u0131n en merkezi ve tart\u0131\u015fmal\u0131 konular\u0131 aras\u0131nda yer almaya devam etmektedir. Se\u00e7imler, vatanda\u015flar\u0131n temsilcileri belirledi\u011fi siyasal bir kat\u0131l\u0131m mekanizmas\u0131 olmakla birlikte me\u015fruiyetin de ana zeminini olu\u015fturmaktad\u0131r. Se\u00e7imlerden dolay\u0131 her ne kadar toplumsal kutupla\u015fman\u0131n artmas\u0131, etnik, dini ya da ideolojik ayr\u0131mc\u0131l\u0131\u011f\u0131n siyasete ta\u015f\u0131nmas\u0131 gibi temel sorunlar ortaya \u00e7\u0131ksa da \u00f6zellikle halk egemenli\u011finin sa\u011flanmas\u0131, demokratik temsilin ger\u00e7ekle\u015fmesi, siyasal kat\u0131l\u0131m\u0131n te\u015fvik edilmesi, toplumsal denetim mekanizmas\u0131n\u0131n olu\u015fturulmas\u0131 ve devlet-vatanda\u015f ili\u015fkisinin g\u00fc\u00e7lendirilmesi a\u00e7\u0131s\u0131ndan se\u00e7imler olduk\u00e7a \u00f6nem arz etmektedir. Dolay\u0131s\u0131yla se\u00e7imlerden kaynakl\u0131 baz\u0131 olumsuz yanlar ve temel sorunlar olmakla birlikte se\u00e7imlerin, sa\u011flad\u0131\u011f\u0131 temel faydalar a\u00e7\u0131s\u0131ndan demokratik sistemlerdeki yeri ve \u00f6nemi olduk\u00e7a b\u00fcy\u00fckt\u00fcr. \u00dclkelerin siyasal i\u015fleyi\u015fi a\u00e7\u0131s\u0131ndan olduk\u00e7a \u00f6nem arz eden se\u00e7im sistemleri, her \u00fclkenin yasal d\u00fczenlemelerine g\u00f6re farkl\u0131l\u0131k g\u00f6sterebilmektedir. Bu nedenle \u00e7al\u0131\u015fmada 13 \u00fclkenin (T\u00fcrkiye, Fransa, \u0130ngiltere, Amerika Birle\u015fik Devletleri, Almanya, \u0130talya, \u0130spanya, Rusya Federasyonu, Japonya, M\u0131s\u0131r, Azerbaycan, \u00c7in Halk Cumhuriyeti ve Hindistan) kendi yasal d\u00fczenlemelerine g\u00f6re se\u00e7im sistemlerini nas\u0131l ger\u00e7ekle\u015ftirdi\u011fi ve bu se\u00e7imlerin nas\u0131l denetlendi\u011fi ortaya konulmaya \u00e7al\u0131\u015f\u0131lmaktad\u0131r.<\/p>\n","protected":false},"excerpt":{"rendered":"<p>Demokrasinin en \u00f6nemli unsurlar\u0131ndan birisi olan se\u00e7imler, halk iradesinin y\u00f6netime somut bir \u015fekilde tezah\u00fcr etmesini sa\u011flayan en etkili siyasal kat\u0131l\u0131m mekanizmalar\u0131d\u0131r. Se\u00e7im sistemleri ise halk iradesinin<span class=\"excerpt-hellip\"> [\u2026]<\/span><\/p>\n","protected":false},"featured_media":0,"template":"","meta":{"_monsterinsights_skip_tracking":false,"_monsterinsights_sitenote_active":false,"_monsterinsights_sitenote_note":"","_monsterinsights_sitenote_category":0},"product_brand":[],"product_cat":[12338,12337],"product_tag":[],"class_list":{"0":"post-781252","1":"product","2":"type-product","3":"status-publish","5":"product_cat-dunya-siyaseti-ve-politikasi","6":"product_cat-politika-siyaset","7":"pa_cilt-ciltsiz","8":"pa_tur-kitap","9":"pa_yayinevi-sayda-yayincilik","10":"pa_yazar-kolektif","12":"first","13":"instock","14":"sale","15":"shipping-taxable","16":"purchasable","17":"product-type-simple"},"_links":{"self":[{"href":"https:\/\/roveyayinevi.com.tr\/index.php\/wp-json\/wp\/v2\/product\/781252","targetHints":{"allow":["GET"]}}],"collection":[{"href":"https:\/\/roveyayinevi.com.tr\/index.php\/wp-json\/wp\/v2\/product"}],"about":[{"href":"https:\/\/roveyayinevi.com.tr\/index.php\/wp-json\/wp\/v2\/types\/product"}],"wp:attachment":[{"href":"https:\/\/roveyayinevi.com.tr\/index.php\/wp-json\/wp\/v2\/media?parent=781252"}],"wp:term":[{"taxonomy":"product_brand","embeddable":true,"href":"https:\/\/roveyayinevi.com.tr\/index.php\/wp-json\/wp\/v2\/product_brand?post=781252"},{"taxonomy":"product_cat","embeddable":true,"href":"https:\/\/roveyayinevi.com.tr\/index.php\/wp-json\/wp\/v2\/product_cat?post=781252"},{"taxonomy":"product_tag","embeddable":true,"href":"https:\/\/roveyayinevi.com.tr\/index.php\/wp-json\/wp\/v2\/product_tag?post=781252"}],"curies":[{"name":"wp","href":"https:\/\/api.w.org\/{rel}","templated":true}]}}