{"id":781251,"date":"2026-01-20T04:42:55","date_gmt":"2026-01-20T01:42:55","guid":{"rendered":"https:\/\/roveyayinevi.com.tr\/index.php\/urun\/eymen-ile-cimen-sevginin-gucu\/"},"modified":"2026-01-22T03:59:26","modified_gmt":"2026-01-22T00:59:26","slug":"eymen-ile-cimen-sevginin-gucu","status":"publish","type":"product","link":"https:\/\/roveyayinevi.com.tr\/index.php\/urun\/eymen-ile-cimen-sevginin-gucu\/","title":{"rendered":"Eymen ile \u00c7imen &#8211; Sevgi\u2019nin G\u00fcc\u00fc"},"content":{"rendered":"<p>TRT \u00c7ocuk\u2019un \u00e7ok sevilen yap\u0131mlar\u0131ndan Eymen ile \u00c7imen karakterleri \u015fimdi de   fark\u0131ndal\u0131k dolu, \u00f6\u011fretici bir masal ile \u00e7ocuklar\u0131m\u0131z\u0131n d\u00fcnyas\u0131na konuk oluyor. Sayda Kitap taraf\u0131ndan yay\u0131nlanan Sevgi\u2019nin G\u00fcc\u00fc masal kitab\u0131, k\u00fc\u00e7\u00fck bir hastal\u0131k g\u00fcn\u00fcn\u00fcn nas\u0131l sevgi dolu bir iyile\u015fme hik\u00e2yesine d\u00f6n\u00fc\u015febildi\u011fini g\u00f6steriyor.  Eymen, hasta oldu\u011fu bir sabah arkada\u015f\u0131n\u0131n deste\u011fine ihtiya\u00e7 duyar ve arkada\u015f\u0131 Sevgi, anlay\u0131\u015fla onun yan\u0131nda olmay\u0131 se\u00e7er. Eymen\u2019in hastal\u0131\u011f\u0131 sebebi ile bah\u00e7ede oynamak yerine evde oyun kuran iki arkada\u015f, payla\u015fman\u0131n ve uyumlu olman\u0131n mutlulu\u011funu ya\u015far. Sa\u011fl\u0131k ile ilgili kurallar konusunda da minik hat\u0131rlatmalar yapan kitap; arkada\u015fl\u0131\u011f\u0131n anlay\u0131\u015f ve \u00f6zveri ile b\u00fcy\u00fcyen bir g\u00fc\u00e7 oldu\u011funu \u00e7ocuklar\u0131m\u0131za g\u00f6sterir.  Eymen\u2019in ablas\u0131 Dila\u2019n\u0131n \u201cSevgi\u2019nin G\u00fcc\u00fc\u201d s\u00f6zleriyle anlam bulan bu hik\u00e2ye, Sevgi adl\u0131 karakter \u00fczerinden alt metinde duygu olarak sevgiyi i\u015fler ve sevgi duygusunun ya\u015fam i\u00e7indeki iyile\u015ftirici etkisi \u00fczerine fark\u0131ndal\u0131k yarat\u0131r.<\/p>\n","protected":false},"excerpt":{"rendered":"<p>TRT \u00c7ocuk\u2019un \u00e7ok sevilen yap\u0131mlar\u0131ndan Eymen ile \u00c7imen karakterleri \u015fimdi de fark\u0131ndal\u0131k dolu, \u00f6\u011fretici bir masal ile \u00e7ocuklar\u0131m\u0131z\u0131n d\u00fcnyas\u0131na konuk oluyor. Sayda Kitap taraf\u0131ndan yay\u0131nlanan Sevgi\u2019nin<span class=\"excerpt-hellip\"> [\u2026]<\/span><\/p>\n","protected":false},"featured_media":0,"template":"","meta":{"_monsterinsights_skip_tracking":false,"_monsterinsights_sitenote_active":false,"_monsterinsights_sitenote_note":"","_monsterinsights_sitenote_category":0},"product_brand":[],"product_cat":[12274,12523],"product_tag":[],"class_list":{"0":"post-781251","1":"product","2":"type-product","3":"status-publish","5":"product_cat-cocuk-ve-genclik-kitaplari","6":"product_cat-masallar","7":"pa_cilt-ciltsiz","8":"pa_tur-kitap","9":"pa_yayinevi-sayda-yayincilik","10":"pa_yazar-burcin-alpacar-arda","12":"first","13":"instock","14":"sale","15":"shipping-taxable","16":"purchasable","17":"product-type-simple"},"_links":{"self":[{"href":"https:\/\/roveyayinevi.com.tr\/index.php\/wp-json\/wp\/v2\/product\/781251","targetHints":{"allow":["GET"]}}],"collection":[{"href":"https:\/\/roveyayinevi.com.tr\/index.php\/wp-json\/wp\/v2\/product"}],"about":[{"href":"https:\/\/roveyayinevi.com.tr\/index.php\/wp-json\/wp\/v2\/types\/product"}],"wp:attachment":[{"href":"https:\/\/roveyayinevi.com.tr\/index.php\/wp-json\/wp\/v2\/media?parent=781251"}],"wp:term":[{"taxonomy":"product_brand","embeddable":true,"href":"https:\/\/roveyayinevi.com.tr\/index.php\/wp-json\/wp\/v2\/product_brand?post=781251"},{"taxonomy":"product_cat","embeddable":true,"href":"https:\/\/roveyayinevi.com.tr\/index.php\/wp-json\/wp\/v2\/product_cat?post=781251"},{"taxonomy":"product_tag","embeddable":true,"href":"https:\/\/roveyayinevi.com.tr\/index.php\/wp-json\/wp\/v2\/product_tag?post=781251"}],"curies":[{"name":"wp","href":"https:\/\/api.w.org\/{rel}","templated":true}]}}