{"id":781246,"date":"2026-01-20T04:42:48","date_gmt":"2026-01-20T01:42:48","guid":{"rendered":"https:\/\/roveyayinevi.com.tr\/index.php\/urun\/cinsiyetler-arasinda-isbirligi\/"},"modified":"2026-01-22T03:59:26","modified_gmt":"2026-01-22T00:59:26","slug":"cinsiyetler-arasinda-isbirligi","status":"publish","type":"product","link":"https:\/\/roveyayinevi.com.tr\/index.php\/urun\/cinsiyetler-arasinda-isbirligi\/","title":{"rendered":"Cinsiyetler Aras\u0131nda \u0130\u015fbirli\u011fi"},"content":{"rendered":"<p>Bireysel ruhbilim okulunu kuran ve &#8220;eksiklik duygusu&#8221; terimini ilk kez ortaya atan Adler&#8217;in \u00e7al\u0131\u015fmalar\u0131na y\u00f6n veren itici g\u00fc\u00e7, ya\u015fam\u0131 boyunca toplumsal sorunlarla kar\u015f\u0131s\u0131da g\u00f6sterdi\u011fi duyarl\u0131l\u0131kt\u0131r. 1895&#8217;te Viyana \u00dcniversitesi T\u0131p Fak\u00fcltesi&#8217;ni bitirdikten sonra pratisyen hekim olarak \u00e7al\u0131\u015ft\u0131\u011f\u0131 ilk doktorluk y\u0131llar\u0131ndan ba\u015flayarak hastay\u0131 \u00e7evresiyle ili\u015fkileri i\u00e7inde ele almak gerekti\u011fini vurgulad\u0131 ve bireyle ilgili sorunlara insanc\u0131l, b\u00fct\u00fcnselci ve organik bir yakla\u015f\u0131m geli\u015ftirdi. Buradan haraket ederek, Viyana&#8217;da ilk \u00e7ocuk rehberli\u011fi klinikleri kurdu. Toplumsal de\u011ferlerin s\u00fcrd\u00fcr\u00fclmesinde \u00e7ocuklar\u0131n e\u011fitimine \u00e7ok temel bir yer veren Adler, \u00e7ocuklara sa\u011fl\u0131kl\u0131 bir rehberlik hizmeti verilmesi gere\u011fini b\u0131kmadan usanmadan savundu. Elinizdeki kitap Adler&#8217;in, kad\u0131n-erkek-, a\u015fk-evlilik ve cinsellik \u00fczerine yapt\u0131\u011f\u0131 \u00e7al\u0131\u015fmalar\u0131 bir araya getirmekte ve erkelerin egemen oldu\u011fu bir toplumsal yap\u0131n\u0131n her iki cins \u00fczerinde ne gibi ruhsal rahats\u0131zl\u0131klar olu\u015fturdu\u011funu g\u00f6stermektedir.<\/p>\n","protected":false},"excerpt":{"rendered":"<p>Bireysel ruhbilim okulunu kuran ve &#8220;eksiklik duygusu&#8221; terimini ilk kez ortaya atan Adler&#8217;in \u00e7al\u0131\u015fmalar\u0131na y\u00f6n veren itici g\u00fc\u00e7, ya\u015fam\u0131 boyunca toplumsal sorunlarla kar\u015f\u0131s\u0131da g\u00f6sterdi\u011fi duyarl\u0131l\u0131kt\u0131r. 1895&#8217;te<span class=\"excerpt-hellip\"> [\u2026]<\/span><\/p>\n","protected":false},"featured_media":0,"template":"","meta":{"_monsterinsights_skip_tracking":false,"_monsterinsights_sitenote_active":false,"_monsterinsights_sitenote_note":"","_monsterinsights_sitenote_category":0},"product_brand":[],"product_cat":[13488],"product_tag":[],"class_list":{"0":"post-781246","1":"product","2":"type-product","3":"status-publish","5":"product_cat-toplum-ve-insan","6":"pa_cilt-ciltsiz","7":"pa_tur-kitap","8":"pa_yayinevi-payel-yayinlari","9":"pa_yazar-alfred-adler","11":"first","12":"instock","13":"sale","14":"shipping-taxable","15":"purchasable","16":"product-type-simple"},"_links":{"self":[{"href":"https:\/\/roveyayinevi.com.tr\/index.php\/wp-json\/wp\/v2\/product\/781246","targetHints":{"allow":["GET"]}}],"collection":[{"href":"https:\/\/roveyayinevi.com.tr\/index.php\/wp-json\/wp\/v2\/product"}],"about":[{"href":"https:\/\/roveyayinevi.com.tr\/index.php\/wp-json\/wp\/v2\/types\/product"}],"wp:attachment":[{"href":"https:\/\/roveyayinevi.com.tr\/index.php\/wp-json\/wp\/v2\/media?parent=781246"}],"wp:term":[{"taxonomy":"product_brand","embeddable":true,"href":"https:\/\/roveyayinevi.com.tr\/index.php\/wp-json\/wp\/v2\/product_brand?post=781246"},{"taxonomy":"product_cat","embeddable":true,"href":"https:\/\/roveyayinevi.com.tr\/index.php\/wp-json\/wp\/v2\/product_cat?post=781246"},{"taxonomy":"product_tag","embeddable":true,"href":"https:\/\/roveyayinevi.com.tr\/index.php\/wp-json\/wp\/v2\/product_tag?post=781246"}],"curies":[{"name":"wp","href":"https:\/\/api.w.org\/{rel}","templated":true}]}}