{"id":781244,"date":"2026-01-20T04:42:45","date_gmt":"2026-01-20T01:42:45","guid":{"rendered":"https:\/\/roveyayinevi.com.tr\/index.php\/urun\/cinselligin-psikopatolojisi-1-cilt\/"},"modified":"2026-01-22T03:59:26","modified_gmt":"2026-01-22T00:59:26","slug":"cinselligin-psikopatolojisi-1-cilt","status":"publish","type":"product","link":"https:\/\/roveyayinevi.com.tr\/index.php\/urun\/cinselligin-psikopatolojisi-1-cilt\/","title":{"rendered":"Cinselli\u011fin Psikopatolojisi 1. Cilt"},"content":{"rendered":"<p>14 A\u011fustos 1840 tarihinde Almanya&#8217;n\u0131n Mannheim kentinde d\u00fcnyaya gelen Richard Von Krafft-Ebing, Almanya ve \u0130svi\u00e7re&#8217;de e\u011fitim g\u00f6rd\u00fc. Heidelberg \u00dcniversitesi&#8217;nde psikiyatri okudu. \u00dcniversite&#8217;den sonra ak\u0131l hastanelerinde bir s\u00fcre \u00e7al\u0131\u015ft\u0131ktan sonra psikiyatri, hipnoz ve adli t\u0131p alanlar\u0131n\u0131 se\u00e7erek bu konularda uzmanl\u0131\u015ft\u0131.32 ya\u015f\u0131nda Strasbourg&#8217;da psikiyatri profes\u00f6r\u00fc oldu. Ak\u0131l hastal\u0131klar\u0131 ve cinsel sapmalarda kal\u0131t\u0131m\u0131n rol\u00fcnden sara, parkinson hastal\u0131\u011f ve migrene kadar \u00e7e\u015fitli konularla ilgilendi. Ayr\u0131ca frengiyle genel fel\u00e7 aras\u0131ndaki ili\u015fkiyi ortaya koydu ve hipnoz deneyleri yapt\u0131. En \u00f6nemli yap\u0131t\u0131 olan Psychopathia Sexualis&#8217;te (Cinselli\u011fin Psikopatolojisi) cinsel sapmalar\u0131 238 adet \u00f6rnek \u00fczerinde deneyler yaparak bilimsel olarak cesurca inceledi. Bu yap\u0131t\u0131nda ak\u0131l hastal\u0131klar\u0131n\u0131 s\u0131n\u0131fland\u0131rmak i\u00e7in b\u00fcy\u00fck bir \u00e7aba harcad\u0131. Amac\u0131, belli bir ruhsal hastal\u0131\u011fa sahip ki\u015filerle ili\u015fki i\u00e7inde olan insanlar\u0131n s\u00f6z konusu hastal\u0131\u011f\u0131 tan\u0131y\u0131p ona uygun bir \u015fekilde cevap vermelerini sa\u011flamakt\u0131.<\/p>\n","protected":false},"excerpt":{"rendered":"<p>14 A\u011fustos 1840 tarihinde Almanya&#8217;n\u0131n Mannheim kentinde d\u00fcnyaya gelen Richard Von Krafft-Ebing, Almanya ve \u0130svi\u00e7re&#8217;de e\u011fitim g\u00f6rd\u00fc. Heidelberg \u00dcniversitesi&#8217;nde psikiyatri okudu. \u00dcniversite&#8217;den sonra ak\u0131l hastanelerinde bir<span class=\"excerpt-hellip\"> [\u2026]<\/span><\/p>\n","protected":false},"featured_media":0,"template":"","meta":{"_monsterinsights_skip_tracking":false,"_monsterinsights_sitenote_active":false,"_monsterinsights_sitenote_note":"","_monsterinsights_sitenote_category":0},"product_brand":[],"product_cat":[12357],"product_tag":[],"class_list":{"0":"post-781244","1":"product","2":"type-product","3":"status-publish","5":"product_cat-psikoloji","6":"pa_cilt-ciltsiz","7":"pa_tur-kitap","8":"pa_yayinevi-payel-yayinlari","9":"pa_yazar-richard-von-krafft-ebing","11":"first","12":"instock","13":"sale","14":"shipping-taxable","15":"purchasable","16":"product-type-simple"},"_links":{"self":[{"href":"https:\/\/roveyayinevi.com.tr\/index.php\/wp-json\/wp\/v2\/product\/781244","targetHints":{"allow":["GET"]}}],"collection":[{"href":"https:\/\/roveyayinevi.com.tr\/index.php\/wp-json\/wp\/v2\/product"}],"about":[{"href":"https:\/\/roveyayinevi.com.tr\/index.php\/wp-json\/wp\/v2\/types\/product"}],"wp:attachment":[{"href":"https:\/\/roveyayinevi.com.tr\/index.php\/wp-json\/wp\/v2\/media?parent=781244"}],"wp:term":[{"taxonomy":"product_brand","embeddable":true,"href":"https:\/\/roveyayinevi.com.tr\/index.php\/wp-json\/wp\/v2\/product_brand?post=781244"},{"taxonomy":"product_cat","embeddable":true,"href":"https:\/\/roveyayinevi.com.tr\/index.php\/wp-json\/wp\/v2\/product_cat?post=781244"},{"taxonomy":"product_tag","embeddable":true,"href":"https:\/\/roveyayinevi.com.tr\/index.php\/wp-json\/wp\/v2\/product_tag?post=781244"}],"curies":[{"name":"wp","href":"https:\/\/api.w.org\/{rel}","templated":true}]}}