{"id":781240,"date":"2026-01-20T04:42:40","date_gmt":"2026-01-20T01:42:40","guid":{"rendered":"https:\/\/roveyayinevi.com.tr\/index.php\/urun\/gockunyolcu-dogu-anadolu\/"},"modified":"2026-04-15T03:45:37","modified_gmt":"2026-04-15T00:45:37","slug":"gockunyolcu-dogu-anadolu","status":"publish","type":"product","link":"https:\/\/roveyayinevi.com.tr\/index.php\/urun\/gockunyolcu-dogu-anadolu\/","title":{"rendered":"G\u00f6\u00e7k\u00fcnyolcu \u2013 Do\u011fu Anadolu"},"content":{"rendered":"<p>Bu kitap, bir yolculu\u011fun notlar\u0131 de\u011fil; bir hayalin pe\u015finden gitmenin hik\u00e2yesi\u2026   T\u00fcrkiye\u2019nin her bir \u015fehrine ad\u0131m atma hedefiyle ba\u015flayan bu yolculukta, da\u011flar\u0131n sessizli\u011fiyle, sokaklar\u0131n kalabal\u0131\u011f\u0131yla, insanlar\u0131n s\u0131cakl\u0131\u011f\u0131yla, yemek lezzetleriyle ve tarihi yap\u0131lar\u0131n \u0131\u015f\u0131\u011f\u0131nda yoluma devam ettim. Amac\u0131m sadece gezmek de\u011fildi; g\u00f6rd\u00fc\u011f\u00fcm her yeri, hissetti\u011fim her duyguyu kendi dilimle anlatmak, bu \u00fclkenin zenginli\u011fini herkesle payla\u015fmakt\u0131.   Bu sayfalarda \u00f6nyarg\u0131s\u0131z bir gezginin g\u00f6zleri var. Bazen bir \u015fehrin hak etti\u011fi de\u011feri bulamamas\u0131na \u00fcz\u00fclerek, bazen do\u011fan\u0131n b\u00fcy\u00fcs\u00fcne hayran kalarak, bazen de k\u00fc\u00e7\u00fck bir ayr\u0131nt\u0131ya g\u00fcl\u00fcmseyerek yazd\u0131m. T\u00fcrkiye\u2019yi sadece foto\u011fraflarla de\u011fil, kokusuyla, sesiyle, insan\u0131yla lezzetleriyle tan\u0131tmak istedim.   Her b\u00f6l\u00fcm, yollarda \u00f6\u011frendi\u011fim bir ger\u00e7e\u011fi f\u0131s\u0131ld\u0131yor:   \u201cGezmek, ad\u0131m ad\u0131m ilerlemek de\u011fil; her \u015fehirde kendine ve \u00fclkenin g\u00fczelliklerine dokunmakt\u0131r.\u201d   Bu kitap, T\u00fcrkiye\u2019yi ad\u0131m ad\u0131m gezme hedefimin ilk dura\u011f\u0131\u2026 Yedi b\u00f6lge, Yedi kitap yolunda yollar\u0131m uzun, hayalim b\u00fcy\u00fck. Ve bu hik\u00e2ye daha yeni ba\u015fl\u0131yor\u2026<\/p>\n","protected":false},"excerpt":{"rendered":"<p>Bu kitap, bir yolculu\u011fun notlar\u0131 de\u011fil; bir hayalin pe\u015finden gitmenin hik\u00e2yesi\u2026 T\u00fcrkiye\u2019nin her bir \u015fehrine ad\u0131m atma hedefiyle ba\u015flayan bu yolculukta, da\u011flar\u0131n sessizli\u011fiyle, sokaklar\u0131n kalabal\u0131\u011f\u0131yla, insanlar\u0131n<span class=\"excerpt-hellip\"> [\u2026]<\/span><\/p>\n","protected":false},"featured_media":0,"template":"","meta":{"_monsterinsights_skip_tracking":false,"_monsterinsights_sitenote_active":false,"_monsterinsights_sitenote_note":"","_monsterinsights_sitenote_category":0},"product_brand":[],"product_cat":[13054],"product_tag":[],"class_list":{"0":"post-781240","1":"product","2":"type-product","3":"status-publish","5":"product_cat-gezi-ve-rehber-kitaplari","6":"pa_cilt-ciltsiz","7":"pa_tur-kitap","8":"pa_yayinevi-perseus","9":"pa_yazar-emrah-akyol","11":"first","12":"instock","13":"sale","14":"shipping-taxable","15":"purchasable","16":"product-type-simple"},"_links":{"self":[{"href":"https:\/\/roveyayinevi.com.tr\/index.php\/wp-json\/wp\/v2\/product\/781240","targetHints":{"allow":["GET"]}}],"collection":[{"href":"https:\/\/roveyayinevi.com.tr\/index.php\/wp-json\/wp\/v2\/product"}],"about":[{"href":"https:\/\/roveyayinevi.com.tr\/index.php\/wp-json\/wp\/v2\/types\/product"}],"wp:attachment":[{"href":"https:\/\/roveyayinevi.com.tr\/index.php\/wp-json\/wp\/v2\/media?parent=781240"}],"wp:term":[{"taxonomy":"product_brand","embeddable":true,"href":"https:\/\/roveyayinevi.com.tr\/index.php\/wp-json\/wp\/v2\/product_brand?post=781240"},{"taxonomy":"product_cat","embeddable":true,"href":"https:\/\/roveyayinevi.com.tr\/index.php\/wp-json\/wp\/v2\/product_cat?post=781240"},{"taxonomy":"product_tag","embeddable":true,"href":"https:\/\/roveyayinevi.com.tr\/index.php\/wp-json\/wp\/v2\/product_tag?post=781240"}],"curies":[{"name":"wp","href":"https:\/\/api.w.org\/{rel}","templated":true}]}}