{"id":781238,"date":"2026-01-20T04:42:37","date_gmt":"2026-01-20T01:42:37","guid":{"rendered":"https:\/\/roveyayinevi.com.tr\/index.php\/urun\/buradayim\/"},"modified":"2026-04-08T03:43:01","modified_gmt":"2026-04-08T00:43:01","slug":"buradayim","status":"publish","type":"product","link":"https:\/\/roveyayinevi.com.tr\/index.php\/urun\/buradayim\/","title":{"rendered":"Buraday\u0131m"},"content":{"rendered":"<p>\u0130\u015fitme engelli bir ailenin duyabilen \u00e7ocu\u011fu olarak b\u00fcy\u00fcyen Kavin, iki d\u00fcnya aras\u0131nda sessiz bir k\u00f6pr\u00fc kurmay\u0131 \u00f6\u011frenmi\u015ftir. En b\u00fcy\u00fck tutkusu ise bir g\u00fcn sahne \u0131\u015f\u0131klar\u0131n\u0131n alt\u0131nda bir tiyatro oyuncusu olarak yer almakt\u0131r. Ancak y\u0131l sonunda okulda sergilenecek oyun yakla\u015f\u0131rken hem evde hem de okulda i\u015fler d\u00fc\u015f\u00fcnd\u00fc\u011f\u00fc kadar kolay ilerlemez. Kavin g\u00f6r\u00fcnmez sorumluluklar\u0131n ve gen\u00e7li\u011fin karma\u015fas\u0131n\u0131n aras\u0131nda kendi sesini bulmaya \u00e7al\u0131\u015f\u0131r.Buraday\u0131m, i\u015fitenlerle i\u015fitmeyenlerin d\u00fcnyas\u0131 aras\u0131nda gidip gelen CODA bireylerin i\u00e7 d\u00fcnyas\u0131na duygu dolu bir pencere a\u00e7arken, okurlara onlar\u0131n benzersiz deneyimlerini ger\u00e7ekten anlaya- bilmek i\u00e7in e\u015fsiz bir f\u0131rsat sunuyor.Sesin ve sessizli\u011fin kol kola gezdi\u011fi Kavin&#8217;in CODA d\u00fcnyas\u0131na ho\u015f geldiniz!<\/p>\n","protected":false},"excerpt":{"rendered":"<p>\u0130\u015fitme engelli bir ailenin duyabilen \u00e7ocu\u011fu olarak b\u00fcy\u00fcyen Kavin, iki d\u00fcnya aras\u0131nda sessiz bir k\u00f6pr\u00fc kurmay\u0131 \u00f6\u011frenmi\u015ftir. En b\u00fcy\u00fck tutkusu ise bir g\u00fcn sahne \u0131\u015f\u0131klar\u0131n\u0131n alt\u0131nda<span class=\"excerpt-hellip\"> [\u2026]<\/span><\/p>\n","protected":false},"featured_media":0,"template":"","meta":{"_monsterinsights_skip_tracking":false,"_monsterinsights_sitenote_active":false,"_monsterinsights_sitenote_note":"","_monsterinsights_sitenote_category":0},"product_brand":[],"product_cat":[12274,12284],"product_tag":[],"class_list":{"0":"post-781238","1":"product","2":"type-product","3":"status-publish","5":"product_cat-cocuk-ve-genclik-kitaplari","6":"product_cat-hikayeler","7":"pa_cilt-ciltsiz","8":"pa_tur-kitap","9":"pa_yayinevi-altin-kitaplar","10":"pa_yazar-filiz-gundogan","12":"first","13":"instock","14":"sale","15":"shipping-taxable","16":"purchasable","17":"product-type-simple"},"_links":{"self":[{"href":"https:\/\/roveyayinevi.com.tr\/index.php\/wp-json\/wp\/v2\/product\/781238","targetHints":{"allow":["GET"]}}],"collection":[{"href":"https:\/\/roveyayinevi.com.tr\/index.php\/wp-json\/wp\/v2\/product"}],"about":[{"href":"https:\/\/roveyayinevi.com.tr\/index.php\/wp-json\/wp\/v2\/types\/product"}],"wp:attachment":[{"href":"https:\/\/roveyayinevi.com.tr\/index.php\/wp-json\/wp\/v2\/media?parent=781238"}],"wp:term":[{"taxonomy":"product_brand","embeddable":true,"href":"https:\/\/roveyayinevi.com.tr\/index.php\/wp-json\/wp\/v2\/product_brand?post=781238"},{"taxonomy":"product_cat","embeddable":true,"href":"https:\/\/roveyayinevi.com.tr\/index.php\/wp-json\/wp\/v2\/product_cat?post=781238"},{"taxonomy":"product_tag","embeddable":true,"href":"https:\/\/roveyayinevi.com.tr\/index.php\/wp-json\/wp\/v2\/product_tag?post=781238"}],"curies":[{"name":"wp","href":"https:\/\/api.w.org\/{rel}","templated":true}]}}