{"id":781236,"date":"2026-01-20T04:42:33","date_gmt":"2026-01-20T01:42:33","guid":{"rendered":"https:\/\/roveyayinevi.com.tr\/index.php\/urun\/anitkabirde-bir-gece\/"},"modified":"2026-04-15T03:45:37","modified_gmt":"2026-04-15T00:45:37","slug":"anitkabirde-bir-gece","status":"publish","type":"product","link":"https:\/\/roveyayinevi.com.tr\/index.php\/urun\/anitkabirde-bir-gece\/","title":{"rendered":"An\u0131tkabir&#8217;de Bir Gece"},"content":{"rendered":"<p>Duygular, hayaller ve tarihle dolu unutulmaz bir gece\u2026Mehmet kendi h\u00e2linde iyi y\u00fcrekli bir \u00e7ocuktur. Fakat konu okul ve sorumluluklar olunca baz\u0131 eksiklikleri oldu\u011fu hissinden bir t\u00fcrl\u00fc uzakla\u015famaz.Bir g\u00fcn okulda bir \u015fiir yar\u0131\u015fmas\u0131 d\u00fczenlenece\u011fini \u00f6\u011frenir. Bu yar\u0131\u015fmaya kat\u0131l\u0131p kendini g\u00f6stermek, \u015fiir yazabilece\u011fini kan\u0131tlamak ister. Ancak bir sorunu vard\u0131r. Ona \u015fiir yazd\u0131racak bir ilham\u0131 yoktur. Ta ki yolu, okul gezisiyle An\u0131tkabir&#8217;e d\u00fc\u015fene kadar\u2026An\u0131tkabir&#8217;de ge\u00e7irdi\u011fi o d\u00fc\u015fle ger\u00e7ek aras\u0131ndaki gecede kendisine Mustafa Kemal Atat\u00fcrk e\u015flik eder ve o anlar, Mehmet&#8217;in hayat\u0131nda silinmeyecek izler b\u0131rak\u0131r\u2026\u015eiir, tarih ve biraz da sihirle \u00f6r\u00fcl\u00fc bu hik\u00e2yede, k\u00fc\u00e7\u00fck bir \u00e7ocu\u011fun kalbinden kocaman bir \u015fiirin do\u011fdu\u011funa tan\u0131kl\u0131k edeceksiniz.<\/p>\n","protected":false},"excerpt":{"rendered":"<p>Duygular, hayaller ve tarihle dolu unutulmaz bir gece\u2026Mehmet kendi h\u00e2linde iyi y\u00fcrekli bir \u00e7ocuktur. Fakat konu okul ve sorumluluklar olunca baz\u0131 eksiklikleri oldu\u011fu hissinden bir t\u00fcrl\u00fc<span class=\"excerpt-hellip\"> [\u2026]<\/span><\/p>\n","protected":false},"featured_media":0,"template":"","meta":{"_monsterinsights_skip_tracking":false,"_monsterinsights_sitenote_active":false,"_monsterinsights_sitenote_note":"","_monsterinsights_sitenote_category":0},"product_brand":[],"product_cat":[141304],"product_tag":[],"class_list":{"0":"post-781236","1":"product","2":"type-product","3":"status-publish","5":"product_cat-yeni-cikanlar","6":"pa_cilt-ciltsiz","7":"pa_tur-kitap","8":"pa_yayinevi-altin-kitaplar","9":"pa_yazar-asaf-ekin-yesil","11":"first","12":"instock","13":"sale","14":"shipping-taxable","15":"purchasable","16":"product-type-simple"},"_links":{"self":[{"href":"https:\/\/roveyayinevi.com.tr\/index.php\/wp-json\/wp\/v2\/product\/781236","targetHints":{"allow":["GET"]}}],"collection":[{"href":"https:\/\/roveyayinevi.com.tr\/index.php\/wp-json\/wp\/v2\/product"}],"about":[{"href":"https:\/\/roveyayinevi.com.tr\/index.php\/wp-json\/wp\/v2\/types\/product"}],"wp:attachment":[{"href":"https:\/\/roveyayinevi.com.tr\/index.php\/wp-json\/wp\/v2\/media?parent=781236"}],"wp:term":[{"taxonomy":"product_brand","embeddable":true,"href":"https:\/\/roveyayinevi.com.tr\/index.php\/wp-json\/wp\/v2\/product_brand?post=781236"},{"taxonomy":"product_cat","embeddable":true,"href":"https:\/\/roveyayinevi.com.tr\/index.php\/wp-json\/wp\/v2\/product_cat?post=781236"},{"taxonomy":"product_tag","embeddable":true,"href":"https:\/\/roveyayinevi.com.tr\/index.php\/wp-json\/wp\/v2\/product_tag?post=781236"}],"curies":[{"name":"wp","href":"https:\/\/api.w.org\/{rel}","templated":true}]}}