{"id":781232,"date":"2026-01-20T04:42:27","date_gmt":"2026-01-20T01:42:27","guid":{"rendered":"https:\/\/roveyayinevi.com.tr\/index.php\/urun\/ahtapot-minu\/"},"modified":"2026-04-15T03:45:37","modified_gmt":"2026-04-15T00:45:37","slug":"ahtapot-minu","status":"publish","type":"product","link":"https:\/\/roveyayinevi.com.tr\/index.php\/urun\/ahtapot-minu\/","title":{"rendered":"Ahtapot Minu"},"content":{"rendered":"<p>Ahtapot Minu &#8211; Annem Hep Yan\u0131mda, ayr\u0131lma ve kavu\u015fma deneyimlerini \u00e7ocuklar\u0131n d\u00fcnyas\u0131ndan ele alan, duygusal g\u00fcveni merkeze alan bir resimli \u00e7ocuk kitab\u0131d\u0131r.   Minu, bazen annesinden uzak kald\u0131\u011f\u0131nda korkar ve yaln\u0131z hisseder. R\u00fcyas\u0131nda ya\u015fad\u0131\u011f\u0131 bu ayr\u0131l\u0131k anlar\u0131, onun kalbindeki sevgiyle yeniden g\u00fcvene d\u00f6n\u00fc\u015f\u00fcr. Hik\u00e2ye, \u00e7ocuklara sevginin yaln\u0131zca fiziksel varl\u0131kla de\u011fil, duygusal ba\u011fla da s\u00fcrd\u00fc\u011f\u00fcn\u00fc anlat\u0131r.   Kitap; okula ba\u015flama, uykuya ge\u00e7i\u015f, ebeveynden k\u0131sa ya da uzun s\u00fcreli ayr\u0131lma gibi d\u00f6nemlerden ge\u00e7en \u00e7ocuklara e\u015flik etmek \u00fczere kurgulanm\u0131\u015ft\u0131r. Ayr\u0131l\u0131k kayg\u0131s\u0131n\u0131 sade, yumu\u015fak ve umut veren bir dille ele al\u0131rken, yeti\u015fkinler i\u00e7in de rehber niteli\u011finde bir arka plan sunar.   Ahtapot Minu &#8211; Annem Hep Yan\u0131mda, \u00e7ocuklar\u0131n kalbine dokunan, g\u00fcvenli ba\u011flanmay\u0131 destekleyen ve sevginin her zaman hissedilebilece\u011fini hat\u0131rlatan s\u0131cac\u0131k bir hik\u00e2yedir.   ***  Ahtapot Minu\u2019nun kalbi bazen k\u00fct k\u00fct at\u0131yor.   Annesi yan\u0131ndayken her \u015fey kolay\u2026 Peki ya annesi yan\u0131nda de\u011filken? Minu, okyanusun derinliklerinde bir r\u00fcyan\u0131n i\u00e7ine dal\u0131yor. Ar\u0131yor, bekliyor, hissediyor\u2026 Ve sunu ke\u015ffediyor: Sevgi bazen g\u00f6zle g\u00f6r\u00fcnmez ama hep oradad\u0131r.   Ahtapot Minu &#8211; Annem Hep Yan\u0131mda, \u00e7ocuklar\u0131n duygular\u0131n\u0131 tan\u0131mas\u0131na, ebeveynlerin ise sa\u011fl\u0131kl\u0131 ayr\u0131\u015fmay\u0131 desteklemesine e\u015flik ediyor.<\/p>\n","protected":false},"excerpt":{"rendered":"<p>Ahtapot Minu &#8211; Annem Hep Yan\u0131mda, ayr\u0131lma ve kavu\u015fma deneyimlerini \u00e7ocuklar\u0131n d\u00fcnyas\u0131ndan ele alan, duygusal g\u00fcveni merkeze alan bir resimli \u00e7ocuk kitab\u0131d\u0131r. Minu, bazen annesinden uzak<span class=\"excerpt-hellip\"> [\u2026]<\/span><\/p>\n","protected":false},"featured_media":0,"template":"","meta":{"_monsterinsights_skip_tracking":false,"_monsterinsights_sitenote_active":false,"_monsterinsights_sitenote_note":"","_monsterinsights_sitenote_category":0},"product_brand":[],"product_cat":[141304],"product_tag":[],"class_list":{"0":"post-781232","1":"product","2":"type-product","3":"status-publish","5":"product_cat-yeni-cikanlar","6":"pa_cilt-ciltsiz","7":"pa_tur-kitap","8":"pa_yayinevi-kronik-kitap","9":"pa_yazar-bahar-cakir","11":"first","12":"instock","13":"sale","14":"shipping-taxable","15":"purchasable","16":"product-type-simple"},"_links":{"self":[{"href":"https:\/\/roveyayinevi.com.tr\/index.php\/wp-json\/wp\/v2\/product\/781232","targetHints":{"allow":["GET"]}}],"collection":[{"href":"https:\/\/roveyayinevi.com.tr\/index.php\/wp-json\/wp\/v2\/product"}],"about":[{"href":"https:\/\/roveyayinevi.com.tr\/index.php\/wp-json\/wp\/v2\/types\/product"}],"wp:attachment":[{"href":"https:\/\/roveyayinevi.com.tr\/index.php\/wp-json\/wp\/v2\/media?parent=781232"}],"wp:term":[{"taxonomy":"product_brand","embeddable":true,"href":"https:\/\/roveyayinevi.com.tr\/index.php\/wp-json\/wp\/v2\/product_brand?post=781232"},{"taxonomy":"product_cat","embeddable":true,"href":"https:\/\/roveyayinevi.com.tr\/index.php\/wp-json\/wp\/v2\/product_cat?post=781232"},{"taxonomy":"product_tag","embeddable":true,"href":"https:\/\/roveyayinevi.com.tr\/index.php\/wp-json\/wp\/v2\/product_tag?post=781232"}],"curies":[{"name":"wp","href":"https:\/\/api.w.org\/{rel}","templated":true}]}}