{"id":781231,"date":"2026-01-20T04:42:24","date_gmt":"2026-01-20T01:42:24","guid":{"rendered":"https:\/\/roveyayinevi.com.tr\/index.php\/urun\/cem-2\/"},"modified":"2026-04-15T03:45:37","modified_gmt":"2026-04-15T00:45:37","slug":"cem-2","status":"publish","type":"product","link":"https:\/\/roveyayinevi.com.tr\/index.php\/urun\/cem-2\/","title":{"rendered":"Cem"},"content":{"rendered":"<p>B\u00dcY\u00dcK KARTAL \u00d6LD\u00dc!Papa\u2019n\u0131n dudaklar\u0131ndan, \u201cLa Grande Aquila \u00e8 morta!\u201d c\u00fcmlesi d\u00f6k\u00fcld\u00fc\u011f\u00fcnde, Vatikan\u2019\u0131n ta\u015f duvarlar\u0131 aras\u0131nda sevin\u00e7 \u00e7\u0131\u011fl\u0131klar\u0131 y\u00fckseldi. O s\u0131ralarda \u0130talya topu\u011fundan yakalanm\u0131\u015f, Otranto ele ge\u00e7irilmi\u015fti. Aziz Petrus\u2019un k\u0131z\u0131l kubbesi Mehmet Han\u2019\u0131n uzan\u0131p almas\u0131 i\u00e7in haz\u0131r bekliyordu.Koca H\u00fcnk\u00e2r, Tekfur \u00c7ay\u0131r\u0131\u2019nda hayata g\u00f6zlerini yummu\u015ftu. \u00d6l\u00fcm\u00fc askerden sakland\u0131. Amasya ve Konya sanca\u011f\u0131na tatarlar yolland\u0131. \u0130stanbul, yeni\u00e7eri zulm\u00fc alt\u0131nda inim inim inliyordu. G\u00f6zler bo\u011faz\u0131n kar\u015f\u0131 yakas\u0131nda, taht i\u00e7in ilk gelecek \u015fehzadedeydi.Bayezid ilk gelen oldu ve tahta oturdu. Haber Konya\u2019ya ula\u015ft\u0131\u011f\u0131nda Cem, taht i\u00e7in Bursa\u2019ya y\u00fcr\u00fcd\u00fc.\u0130\u00c7 SAVA\u015e KA\u00c7INILMAZDI.K\u0131l\u0131\u00e7lar\u0131n \u015fark\u0131s\u0131 Yeni\u015fehir sahras\u0131nda yank\u0131land\u0131. Cem ihanete u\u011frad\u0131, yenildi. M\u0131s\u0131r\u2019a gitti. D\u00f6n\u00fcp hakk\u0131n\u0131 almak i\u00e7in yeniden sava\u015ft\u0131; ikinci kez yenildi.Rodos \u015e\u00f6valyeleri\u2019ne s\u0131\u011f\u0131nd\u0131.Do\u011fuda Erdebil Oca\u011f\u0131 bu i\u00e7 sava\u015f\u0131 bekliyordu. Bat\u0131da Ha\u00e7l\u0131 ordusu haz\u0131rd\u0131.* * *Esir \u015fehzadenin hik\u00e2yesi, Avrupa topraklar\u0131nda kuleden kuleye, saraydan saraya uzand\u0131.Ailesinden uzakt\u0131. O\u011flu O\u011fuz Han\u2019\u0131n \u00f6l\u00fcm haberini bir da\u011f ba\u015f\u0131nda ald\u0131.On \u00fc\u00e7 y\u0131l s\u00fcren zorlu esaret g\u00fcnleri Napoli\u2019de, Capua \u015eatosu\u2019nda son buldu.Otuz alt\u0131 y\u0131l, iki ay, sekiz g\u00fcnl\u00fck ya\u015fam\u0131 sonlanmak \u00fczereyken dudaklar\u0131ndan son bir c\u00fcmle d\u00f6k\u00fcld\u00fc.\u201cB\u0130R D\u00dc\u015eTEN BA\u015eKA NED\u0130R K\u0130 D\u00dcNYA\u2026\u201d* * *CEM: ES\u0130R \u015eEHZADE bir \u015fehzadenin taht\u0131 de\u011fil hayat\u0131n\u0131 kaybetmesinin hik\u00e2yesi. Tarihin en trajik Osmanl\u0131 \u015fehzadesinin ya\u015fad\u0131klar\u0131n\u0131 belgesel ger\u00e7ekli\u011fiyle roman tad\u0131nda sunan bu eser, okuru 15. y\u00fczy\u0131l\u0131n saray entrikalar\u0131na, karanl\u0131k zindanlar\u0131na ve k\u0131r\u0131k kalplerine g\u00f6t\u00fcr\u00fcyor.<\/p>\n","protected":false},"excerpt":{"rendered":"<p>B\u00dcY\u00dcK KARTAL \u00d6LD\u00dc!Papa\u2019n\u0131n dudaklar\u0131ndan, \u201cLa Grande Aquila \u00e8 morta!\u201d c\u00fcmlesi d\u00f6k\u00fcld\u00fc\u011f\u00fcnde, Vatikan\u2019\u0131n ta\u015f duvarlar\u0131 aras\u0131nda sevin\u00e7 \u00e7\u0131\u011fl\u0131klar\u0131 y\u00fckseldi. O s\u0131ralarda \u0130talya topu\u011fundan yakalanm\u0131\u015f, Otranto ele ge\u00e7irilmi\u015fti.<span class=\"excerpt-hellip\"> [\u2026]<\/span><\/p>\n","protected":false},"featured_media":0,"template":"","meta":{"_monsterinsights_skip_tracking":false,"_monsterinsights_sitenote_active":false,"_monsterinsights_sitenote_note":"","_monsterinsights_sitenote_category":0},"product_brand":[],"product_cat":[12291,12745],"product_tag":[],"class_list":{"0":"post-781231","1":"product","2":"type-product","3":"status-publish","5":"product_cat-edebiyat","6":"product_cat-tarihi-roman","7":"pa_cilt-ciltsiz","8":"pa_tur-kitap","9":"pa_yayinevi-kronik-kitap","10":"pa_yazar-hakan-kagan","12":"first","13":"instock","14":"sale","15":"shipping-taxable","16":"purchasable","17":"product-type-simple"},"_links":{"self":[{"href":"https:\/\/roveyayinevi.com.tr\/index.php\/wp-json\/wp\/v2\/product\/781231","targetHints":{"allow":["GET"]}}],"collection":[{"href":"https:\/\/roveyayinevi.com.tr\/index.php\/wp-json\/wp\/v2\/product"}],"about":[{"href":"https:\/\/roveyayinevi.com.tr\/index.php\/wp-json\/wp\/v2\/types\/product"}],"wp:attachment":[{"href":"https:\/\/roveyayinevi.com.tr\/index.php\/wp-json\/wp\/v2\/media?parent=781231"}],"wp:term":[{"taxonomy":"product_brand","embeddable":true,"href":"https:\/\/roveyayinevi.com.tr\/index.php\/wp-json\/wp\/v2\/product_brand?post=781231"},{"taxonomy":"product_cat","embeddable":true,"href":"https:\/\/roveyayinevi.com.tr\/index.php\/wp-json\/wp\/v2\/product_cat?post=781231"},{"taxonomy":"product_tag","embeddable":true,"href":"https:\/\/roveyayinevi.com.tr\/index.php\/wp-json\/wp\/v2\/product_tag?post=781231"}],"curies":[{"name":"wp","href":"https:\/\/api.w.org\/{rel}","templated":true}]}}