{"id":781228,"date":"2026-01-20T04:42:19","date_gmt":"2026-01-20T01:42:19","guid":{"rendered":"https:\/\/roveyayinevi.com.tr\/index.php\/urun\/dakikalar-icinde-buyuk-olaylar\/"},"modified":"2026-04-15T03:45:36","modified_gmt":"2026-04-15T00:45:36","slug":"dakikalar-icinde-buyuk-olaylar","status":"publish","type":"product","link":"https:\/\/roveyayinevi.com.tr\/index.php\/urun\/dakikalar-icinde-buyuk-olaylar\/","title":{"rendered":"Dakikalar \u0130\u00e7inde B\u00fcy\u00fck Olaylar"},"content":{"rendered":"<p>D\u00dcNYANIN SEYR\u0130N\u0130 DE\u011e\u0130\u015eT\u0130REN OLAYLARAntik \u00c7a\u011f\u2019dan g\u00fcn\u00fcm\u00fcze uzanan insanl\u0131k ser\u00fcveni, kimi zaman y\u00fczy\u0131llar s\u00fcren d\u00f6n\u00fc\u015f\u00fcmlerle, kimi zamansa birka\u00e7 g\u00fcn i\u00e7inde geli\u015fen olaylarla y\u00f6n de\u011fi\u015ftirdi.Roma\u2019n\u0131n Kurulmas\u0131, \u0130skender\u2019in tarih sahnesine \u00e7\u0131kmas\u0131, Sezar\u2019\u0131n Rubikon\u2019u ge\u00e7mesi, Pontus kral\u0131 Mithridates\u2019in \u00f6l\u00fcm\u00fc, \u0130znik Konsili\u2019nin toplanmas\u0131, Medine\u2019ye hicret, Mo\u011fol istilas\u0131, \u0130stanbul\u2019un fethi, Amerikan Ba\u011f\u0131ms\u0131zl\u0131k Bildirgesi, Lizbon ve \u0130stanbul depremleri, \u00c7anakkale Sava\u015flar\u0131, Gandhi\u2019nin tuz y\u00fcr\u00fcy\u00fc\u015f\u00fc, Valkyrie Operasyonu, Hiro\u015fima\u2019ya at\u0131lan atom bombas\u0131, K\u00fcba f\u00fcze krizi, Ay y\u00fczeyine at\u0131lan ilk ad\u0131m, Berlin Duvar\u0131\u2019n\u0131n y\u0131k\u0131lmas\u0131, Sovyetler\u2019in \u00e7\u00f6kmesi, 11 Eyl\u00fcl sald\u0131r\u0131lar\u0131\u2026Bunlar ve daha pek \u00e7ok olay tarihin seyrini nas\u0131l etkiledi? Bu olaylar nas\u0131l ve neden ya\u015fand\u0131? Al\u0131nan tek bir karar, yanl\u0131\u015f okunan bir mesaj ya da geciken bir ad\u0131m, d\u00fcnyay\u0131 geri d\u00f6n\u00fclmez bi\u00e7imde nas\u0131l de\u011fi\u015ftirdi? K\u00fcresel dengeleri sarsan bu k\u0131sa anlar\u0131n ard\u0131nda hangi siyasi, toplumsal ve insani hik\u00e2yeler vard\u0131?Dakikalar \u0130\u00e7inde B\u00fcy\u00fck Olaylar, Antik \u00c7a\u011f\u2019dan g\u00fcn\u00fcm\u00fcze uzanan geni\u015f bir zaman diliminde, tarihin ak\u0131\u015f\u0131n\u0131 de\u011fi\u015ftiren d\u00f6n\u00fcm noktalar\u0131n\u0131 g\u00f6rseller e\u015fli\u011finde sunarak okuru zaman\u0131n h\u0131zland\u0131\u011f\u0131 anlara davet ediyor.<\/p>\n","protected":false},"excerpt":{"rendered":"<p>D\u00dcNYANIN SEYR\u0130N\u0130 DE\u011e\u0130\u015eT\u0130REN OLAYLARAntik \u00c7a\u011f\u2019dan g\u00fcn\u00fcm\u00fcze uzanan insanl\u0131k ser\u00fcveni, kimi zaman y\u00fczy\u0131llar s\u00fcren d\u00f6n\u00fc\u015f\u00fcmlerle, kimi zamansa birka\u00e7 g\u00fcn i\u00e7inde geli\u015fen olaylarla y\u00f6n de\u011fi\u015ftirdi.Roma\u2019n\u0131n Kurulmas\u0131, \u0130skender\u2019in tarih<span class=\"excerpt-hellip\"> [\u2026]<\/span><\/p>\n","protected":false},"featured_media":0,"template":"","meta":{"_monsterinsights_skip_tracking":false,"_monsterinsights_sitenote_active":false,"_monsterinsights_sitenote_note":"","_monsterinsights_sitenote_category":0},"product_brand":[],"product_cat":[141304],"product_tag":[],"class_list":{"0":"post-781228","1":"product","2":"type-product","3":"status-publish","5":"product_cat-yeni-cikanlar","6":"pa_cilt-ciltsiz","7":"pa_tur-kitap","8":"pa_yayinevi-kronik-kitap","9":"pa_yazar-onder-kaya","11":"first","12":"instock","13":"sale","14":"shipping-taxable","15":"purchasable","16":"product-type-simple"},"_links":{"self":[{"href":"https:\/\/roveyayinevi.com.tr\/index.php\/wp-json\/wp\/v2\/product\/781228","targetHints":{"allow":["GET"]}}],"collection":[{"href":"https:\/\/roveyayinevi.com.tr\/index.php\/wp-json\/wp\/v2\/product"}],"about":[{"href":"https:\/\/roveyayinevi.com.tr\/index.php\/wp-json\/wp\/v2\/types\/product"}],"wp:attachment":[{"href":"https:\/\/roveyayinevi.com.tr\/index.php\/wp-json\/wp\/v2\/media?parent=781228"}],"wp:term":[{"taxonomy":"product_brand","embeddable":true,"href":"https:\/\/roveyayinevi.com.tr\/index.php\/wp-json\/wp\/v2\/product_brand?post=781228"},{"taxonomy":"product_cat","embeddable":true,"href":"https:\/\/roveyayinevi.com.tr\/index.php\/wp-json\/wp\/v2\/product_cat?post=781228"},{"taxonomy":"product_tag","embeddable":true,"href":"https:\/\/roveyayinevi.com.tr\/index.php\/wp-json\/wp\/v2\/product_tag?post=781228"}],"curies":[{"name":"wp","href":"https:\/\/api.w.org\/{rel}","templated":true}]}}