{"id":781221,"date":"2026-01-20T04:42:06","date_gmt":"2026-01-20T01:42:06","guid":{"rendered":"https:\/\/roveyayinevi.com.tr\/index.php\/urun\/national-geographic-kids-gelgit-havuzlari\/"},"modified":"2026-04-15T03:45:36","modified_gmt":"2026-04-15T00:45:36","slug":"national-geographic-kids-gelgit-havuzlari","status":"publish","type":"product","link":"https:\/\/roveyayinevi.com.tr\/index.php\/urun\/national-geographic-kids-gelgit-havuzlari\/","title":{"rendered":"National Geographic Kids &#8211; Gelgit Havuzlar\u0131"},"content":{"rendered":"<p>Gelgit havuzlar\u0131 deniz k\u0131y\u0131s\u0131nda olu\u015fan k\u00fc\u00e7\u00fck su birikintileri gibi g\u00f6r\u00fcn\u00fcr ama asl\u0131nda i\u00e7lerinde inan\u0131lmaz bir ya\u015fam saklan\u0131r. Bu Seviye 1 kitab\u0131, \u00e7ocuklara bu \u00f6zel mini ekosistemleri basit c\u00fcmlelerle tan\u0131t\u0131r ve i\u00e7eride ya\u015fayan \u015fa\u015f\u0131rt\u0131c\u0131 canl\u0131lar\u0131 g\u00f6sterir. \u00c7ocuklar; deniz y\u0131ld\u0131zlar\u0131, yenge\u00e7ler, k\u00fc\u00e7\u00fck bal\u0131klar ve anemonlar gibi dayan\u0131kl\u0131 canl\u0131lar\u0131n gelgit hareketine nas\u0131l uyum sa\u011flad\u0131\u011f\u0131n\u0131 ke\u015ffeder. Her sayfa, g\u00f6r\u00fcnt\u00fclerle desteklenmi\u015f k\u0131sa a\u00e7\u0131klamalarla doludur. National Geographic Kids\u2019in g\u00f6z al\u0131c\u0131 foto\u011fraflar\u0131 ve kolay okunan metinleri, gen\u00e7 okuyucular\u0131n do\u011fay\u0131 ke\u015ffetme iste\u011fini art\u0131r\u0131r. Deniz ya\u015fam\u0131n\u0131 ilk kez tan\u0131yan \u00e7ocuklar i\u00e7in harika bir ba\u015flang\u0131\u00e7t\u0131r.<\/p>\n","protected":false},"excerpt":{"rendered":"<p>Gelgit havuzlar\u0131 deniz k\u0131y\u0131s\u0131nda olu\u015fan k\u00fc\u00e7\u00fck su birikintileri gibi g\u00f6r\u00fcn\u00fcr ama asl\u0131nda i\u00e7lerinde inan\u0131lmaz bir ya\u015fam saklan\u0131r. Bu Seviye 1 kitab\u0131, \u00e7ocuklara bu \u00f6zel mini ekosistemleri<span class=\"excerpt-hellip\"> [\u2026]<\/span><\/p>\n","protected":false},"featured_media":0,"template":"","meta":{"_monsterinsights_skip_tracking":false,"_monsterinsights_sitenote_active":false,"_monsterinsights_sitenote_note":"","_monsterinsights_sitenote_category":0},"product_brand":[],"product_cat":[13829,12274],"product_tag":[],"class_list":{"0":"post-781221","1":"product","2":"type-product","3":"status-publish","5":"product_cat-bilimsel-kitaplar","6":"product_cat-cocuk-ve-genclik-kitaplari","7":"pa_cilt-ciltsiz","8":"pa_tur-kitap","9":"pa_yayinevi-beta-kids","10":"pa_yazar-laura-marsh","12":"first","13":"instock","14":"sale","15":"shipping-taxable","16":"purchasable","17":"product-type-simple"},"_links":{"self":[{"href":"https:\/\/roveyayinevi.com.tr\/index.php\/wp-json\/wp\/v2\/product\/781221","targetHints":{"allow":["GET"]}}],"collection":[{"href":"https:\/\/roveyayinevi.com.tr\/index.php\/wp-json\/wp\/v2\/product"}],"about":[{"href":"https:\/\/roveyayinevi.com.tr\/index.php\/wp-json\/wp\/v2\/types\/product"}],"wp:attachment":[{"href":"https:\/\/roveyayinevi.com.tr\/index.php\/wp-json\/wp\/v2\/media?parent=781221"}],"wp:term":[{"taxonomy":"product_brand","embeddable":true,"href":"https:\/\/roveyayinevi.com.tr\/index.php\/wp-json\/wp\/v2\/product_brand?post=781221"},{"taxonomy":"product_cat","embeddable":true,"href":"https:\/\/roveyayinevi.com.tr\/index.php\/wp-json\/wp\/v2\/product_cat?post=781221"},{"taxonomy":"product_tag","embeddable":true,"href":"https:\/\/roveyayinevi.com.tr\/index.php\/wp-json\/wp\/v2\/product_tag?post=781221"}],"curies":[{"name":"wp","href":"https:\/\/api.w.org\/{rel}","templated":true}]}}