{"id":781218,"date":"2026-01-20T04:42:01","date_gmt":"2026-01-20T01:42:01","guid":{"rendered":"https:\/\/roveyayinevi.com.tr\/index.php\/urun\/national-geographic-kids-kurbagalar\/"},"modified":"2026-04-15T03:45:36","modified_gmt":"2026-04-15T00:45:36","slug":"national-geographic-kids-kurbagalar","status":"publish","type":"product","link":"https:\/\/roveyayinevi.com.tr\/index.php\/urun\/national-geographic-kids-kurbagalar\/","title":{"rendered":"National Geographic Kids &#8211; Kurba\u011falar"},"content":{"rendered":"<p>Kurba\u011falar k\u00fc\u00e7\u00fck, renkli ve inan\u0131lmaz ilgin\u00e7 canl\u0131lard\u0131r. Bu Seviye 1 kitab\u0131, yeni okumaya ba\u015flayan \u00e7ocuklara bir kurba\u011fan\u0131n yumurtadan yeti\u015fkine uzanan yolculu\u011funu basit ve anla\u015f\u0131l\u0131r c\u00fcmlelerle anlat\u0131r. Sayfalar, \u00e7ocuklar\u0131n merak\u0131n\u0131 uyand\u0131ran canl\u0131 ve yak\u0131n \u00e7ekim foto\u011fraflarla doludur. Kitap, kurba\u011falar\u0131n nerelerde ya\u015fad\u0131\u011f\u0131n\u0131, nas\u0131l z\u0131plad\u0131\u011f\u0131n\u0131, neden ses \u00e7\u0131kard\u0131\u011f\u0131n\u0131 ve \u00e7evrelerini nas\u0131l korudu\u011funu a\u00e7\u0131k bir dille g\u00f6sterir. Metinler, okuma \u00f6zg\u00fcveni geli\u015fen \u00e7ocuklar\u0131n rahat\u00e7a takip edebilece\u011fi kadar k\u0131sad\u0131r. National Geographic Kids\u2019in uzmanlar taraf\u0131ndan haz\u0131rlanm\u0131\u015f i\u00e7eri\u011fi, bu kitab\u0131 hem e\u011flenceli hem de \u00f6\u011fretici bir kaynak yapar. Do\u011fay\u0131 tan\u0131may\u0131 seven minikler i\u00e7in kurba\u011falar d\u00fcnyas\u0131na m\u00fckemmel bir ilk ad\u0131m.<\/p>\n","protected":false},"excerpt":{"rendered":"<p>Kurba\u011falar k\u00fc\u00e7\u00fck, renkli ve inan\u0131lmaz ilgin\u00e7 canl\u0131lard\u0131r. Bu Seviye 1 kitab\u0131, yeni okumaya ba\u015flayan \u00e7ocuklara bir kurba\u011fan\u0131n yumurtadan yeti\u015fkine uzanan yolculu\u011funu basit ve anla\u015f\u0131l\u0131r c\u00fcmlelerle anlat\u0131r.<span class=\"excerpt-hellip\"> [\u2026]<\/span><\/p>\n","protected":false},"featured_media":0,"template":"","meta":{"_monsterinsights_skip_tracking":false,"_monsterinsights_sitenote_active":false,"_monsterinsights_sitenote_note":"","_monsterinsights_sitenote_category":0},"product_brand":[],"product_cat":[13829,12274],"product_tag":[],"class_list":{"0":"post-781218","1":"product","2":"type-product","3":"status-publish","5":"product_cat-bilimsel-kitaplar","6":"product_cat-cocuk-ve-genclik-kitaplari","7":"pa_cilt-ciltsiz","8":"pa_tur-kitap","9":"pa_yayinevi-beta-kids","10":"pa_yazar-elizabeth-carney","12":"first","13":"instock","14":"sale","15":"shipping-taxable","16":"purchasable","17":"product-type-simple"},"_links":{"self":[{"href":"https:\/\/roveyayinevi.com.tr\/index.php\/wp-json\/wp\/v2\/product\/781218","targetHints":{"allow":["GET"]}}],"collection":[{"href":"https:\/\/roveyayinevi.com.tr\/index.php\/wp-json\/wp\/v2\/product"}],"about":[{"href":"https:\/\/roveyayinevi.com.tr\/index.php\/wp-json\/wp\/v2\/types\/product"}],"wp:attachment":[{"href":"https:\/\/roveyayinevi.com.tr\/index.php\/wp-json\/wp\/v2\/media?parent=781218"}],"wp:term":[{"taxonomy":"product_brand","embeddable":true,"href":"https:\/\/roveyayinevi.com.tr\/index.php\/wp-json\/wp\/v2\/product_brand?post=781218"},{"taxonomy":"product_cat","embeddable":true,"href":"https:\/\/roveyayinevi.com.tr\/index.php\/wp-json\/wp\/v2\/product_cat?post=781218"},{"taxonomy":"product_tag","embeddable":true,"href":"https:\/\/roveyayinevi.com.tr\/index.php\/wp-json\/wp\/v2\/product_tag?post=781218"}],"curies":[{"name":"wp","href":"https:\/\/api.w.org\/{rel}","templated":true}]}}