{"id":781217,"date":"2026-01-20T04:41:59","date_gmt":"2026-01-20T01:41:59","guid":{"rendered":"https:\/\/roveyayinevi.com.tr\/index.php\/urun\/national-geographic-kids-surungenler\/"},"modified":"2026-04-15T03:45:36","modified_gmt":"2026-04-15T00:45:36","slug":"national-geographic-kids-surungenler","status":"publish","type":"product","link":"https:\/\/roveyayinevi.com.tr\/index.php\/urun\/national-geographic-kids-surungenler\/","title":{"rendered":"National Geographic Kids &#8211; S\u00fcr\u00fcngenler"},"content":{"rendered":"<p>S\u00fcr\u00fcngenler sessiz, h\u0131zl\u0131 ve \u00e7ok \u00e7e\u015fitlidir. Bu Seviye 1 kitap, y\u0131lanlardan kertenkelelere, kaplumba\u011falardan timsahlara kadar s\u00fcr\u00fcngen d\u00fcnyas\u0131n\u0131n temel \u00f6zelliklerini basit c\u00fcmlelerle \u00e7ocuklara tan\u0131t\u0131r. Metinlerde her hayvan\u0131n nerede ya\u015fad\u0131\u011f\u0131, nas\u0131l hareket etti\u011fi ve kendini nas\u0131l korudu\u011fu gibi temel bilgiler bulunur. Foto\u011fraflar, her s\u00fcr\u00fcngenin benzersiz g\u00f6r\u00fcn\u00fc\u015f\u00fcn\u00fc \u00e7ocuklara net bir \u015fekilde g\u00f6sterir. National Geographic\u2019in g\u00fcvenilir i\u00e7eri\u011fi, bu kitab\u0131 minik do\u011fa merakl\u0131lar\u0131 i\u00e7in m\u00fckemmel bir ba\u015flang\u0131\u00e7 kayna\u011f\u0131 yapar. K\u0131sa, a\u00e7\u0131k ve merak uyand\u0131r\u0131c\u0131 anlat\u0131m\u0131yla \u00e7ocuklar\u0131n okuma iste\u011fini art\u0131r\u0131r.<\/p>\n","protected":false},"excerpt":{"rendered":"<p>S\u00fcr\u00fcngenler sessiz, h\u0131zl\u0131 ve \u00e7ok \u00e7e\u015fitlidir. Bu Seviye 1 kitap, y\u0131lanlardan kertenkelelere, kaplumba\u011falardan timsahlara kadar s\u00fcr\u00fcngen d\u00fcnyas\u0131n\u0131n temel \u00f6zelliklerini basit c\u00fcmlelerle \u00e7ocuklara tan\u0131t\u0131r. Metinlerde her hayvan\u0131n<span class=\"excerpt-hellip\"> [\u2026]<\/span><\/p>\n","protected":false},"featured_media":0,"template":"","meta":{"_monsterinsights_skip_tracking":false,"_monsterinsights_sitenote_active":false,"_monsterinsights_sitenote_note":"","_monsterinsights_sitenote_category":0},"product_brand":[],"product_cat":[13829,12274],"product_tag":[],"class_list":{"0":"post-781217","1":"product","2":"type-product","3":"status-publish","5":"product_cat-bilimsel-kitaplar","6":"product_cat-cocuk-ve-genclik-kitaplari","7":"pa_cilt-ciltsiz","8":"pa_tur-kitap","9":"pa_yayinevi-beta-kids","10":"pa_yazar-jennifer-szymanski","12":"first","13":"instock","14":"sale","15":"shipping-taxable","16":"purchasable","17":"product-type-simple"},"_links":{"self":[{"href":"https:\/\/roveyayinevi.com.tr\/index.php\/wp-json\/wp\/v2\/product\/781217","targetHints":{"allow":["GET"]}}],"collection":[{"href":"https:\/\/roveyayinevi.com.tr\/index.php\/wp-json\/wp\/v2\/product"}],"about":[{"href":"https:\/\/roveyayinevi.com.tr\/index.php\/wp-json\/wp\/v2\/types\/product"}],"wp:attachment":[{"href":"https:\/\/roveyayinevi.com.tr\/index.php\/wp-json\/wp\/v2\/media?parent=781217"}],"wp:term":[{"taxonomy":"product_brand","embeddable":true,"href":"https:\/\/roveyayinevi.com.tr\/index.php\/wp-json\/wp\/v2\/product_brand?post=781217"},{"taxonomy":"product_cat","embeddable":true,"href":"https:\/\/roveyayinevi.com.tr\/index.php\/wp-json\/wp\/v2\/product_cat?post=781217"},{"taxonomy":"product_tag","embeddable":true,"href":"https:\/\/roveyayinevi.com.tr\/index.php\/wp-json\/wp\/v2\/product_tag?post=781217"}],"curies":[{"name":"wp","href":"https:\/\/api.w.org\/{rel}","templated":true}]}}