{"id":781215,"date":"2026-01-20T04:41:56","date_gmt":"2026-01-20T01:41:56","guid":{"rendered":"https:\/\/roveyayinevi.com.tr\/index.php\/urun\/dijital-tayfa-dron-yarislari-ciltli\/"},"modified":"2026-04-15T03:45:36","modified_gmt":"2026-04-15T00:45:36","slug":"dijital-tayfa-dron-yarislari-ciltli","status":"publish","type":"product","link":"https:\/\/roveyayinevi.com.tr\/index.php\/urun\/dijital-tayfa-dron-yarislari-ciltli\/","title":{"rendered":"Dijital Tayfa &#8211; Dron Yar\u0131\u015flar\u0131 (Ciltli)"},"content":{"rendered":"<p>Gelece\u011fin teknolojilerine haz\u0131r m\u0131s\u0131n?Dijital Tayfa ile gelece\u011fin mesleklerini ke\u015ffedecek, kendi kendine \u00e7al\u0131\u015fan d\u00fckk\u00e2nlara \u00e7ok \u015fa\u015f\u0131racak, senin ya\u015f\u0131nda bir mucidin neler ba\u015fard\u0131\u011f\u0131n\u0131 g\u00f6recek, teknolojinin g\u00fcnl\u00fck hayat\u0131m\u0131za etkilerini fark edecek, dron yar\u0131\u015flar\u0131nda h\u0131z ve e\u011flencenin tad\u0131n\u0131 \u00e7\u0131karacaks\u0131n!Dijital Tayfa\u2019yla her hik\u00e2yede yeni bir ke\u015fif seni bekliyor.<\/p>\n","protected":false},"excerpt":{"rendered":"<p>Gelece\u011fin teknolojilerine haz\u0131r m\u0131s\u0131n?Dijital Tayfa ile gelece\u011fin mesleklerini ke\u015ffedecek, kendi kendine \u00e7al\u0131\u015fan d\u00fckk\u00e2nlara \u00e7ok \u015fa\u015f\u0131racak, senin ya\u015f\u0131nda bir mucidin neler ba\u015fard\u0131\u011f\u0131n\u0131 g\u00f6recek, teknolojinin g\u00fcnl\u00fck hayat\u0131m\u0131za etkilerini<span class=\"excerpt-hellip\"> [\u2026]<\/span><\/p>\n","protected":false},"featured_media":0,"template":"","meta":{"_monsterinsights_skip_tracking":false,"_monsterinsights_sitenote_active":false,"_monsterinsights_sitenote_note":"","_monsterinsights_sitenote_category":0},"product_brand":[],"product_cat":[12274,12284],"product_tag":[],"class_list":{"0":"post-781215","1":"product","2":"type-product","3":"status-publish","5":"product_cat-cocuk-ve-genclik-kitaplari","6":"product_cat-hikayeler","7":"pa_cilt-ciltli","8":"pa_tur-kitap","9":"pa_yayinevi-isf-yayinlari","10":"pa_yazar-ozan-civit","12":"first","13":"instock","14":"sale","15":"shipping-taxable","16":"purchasable","17":"product-type-simple"},"_links":{"self":[{"href":"https:\/\/roveyayinevi.com.tr\/index.php\/wp-json\/wp\/v2\/product\/781215","targetHints":{"allow":["GET"]}}],"collection":[{"href":"https:\/\/roveyayinevi.com.tr\/index.php\/wp-json\/wp\/v2\/product"}],"about":[{"href":"https:\/\/roveyayinevi.com.tr\/index.php\/wp-json\/wp\/v2\/types\/product"}],"wp:attachment":[{"href":"https:\/\/roveyayinevi.com.tr\/index.php\/wp-json\/wp\/v2\/media?parent=781215"}],"wp:term":[{"taxonomy":"product_brand","embeddable":true,"href":"https:\/\/roveyayinevi.com.tr\/index.php\/wp-json\/wp\/v2\/product_brand?post=781215"},{"taxonomy":"product_cat","embeddable":true,"href":"https:\/\/roveyayinevi.com.tr\/index.php\/wp-json\/wp\/v2\/product_cat?post=781215"},{"taxonomy":"product_tag","embeddable":true,"href":"https:\/\/roveyayinevi.com.tr\/index.php\/wp-json\/wp\/v2\/product_tag?post=781215"}],"curies":[{"name":"wp","href":"https:\/\/api.w.org\/{rel}","templated":true}]}}