{"id":781210,"date":"2026-01-20T04:41:49","date_gmt":"2026-01-20T01:41:49","guid":{"rendered":"https:\/\/roveyayinevi.com.tr\/index.php\/urun\/tanrica-felsefe\/"},"modified":"2026-04-15T03:45:36","modified_gmt":"2026-04-15T00:45:36","slug":"tanrica-felsefe","status":"publish","type":"product","link":"https:\/\/roveyayinevi.com.tr\/index.php\/urun\/tanrica-felsefe\/","title":{"rendered":"Tanr\u0131\u00e7a Felsefe"},"content":{"rendered":"<p>Haks\u0131z yere mahk\u00fbm edilen Boethius\u2019un kederden bulan\u0131kla\u015fm\u0131\u015f zihni yaln\u0131zca evrenin yeg\u00e2ne yarat\u0131c\u0131s\u0131n\u0131n Tanr\u0131 oldu\u011funa dair bilgiyi saklayabilmi\u015ftir. Bu bilgi d\u0131\u015f\u0131nda herhangi bir \u015fey hat\u0131rlamamaktad\u0131r, zihni karanl\u0131\u011fa g\u00f6m\u00fclm\u00fc\u015ft\u00fcr. Karanl\u0131k bir zindanda mak\u00fbs talihine a\u011flarken, t\u00fcm ya\u015fam\u0131n\u0131 izinde ge\u00e7irdi\u011fi Felsefe\u2019nin bir anda \u0131\u015f\u0131klar sa\u00e7arak belirmesiyle yeniden ba\u015flar her \u015fey. Felsefe, etraf\u0131n\u0131 ayd\u0131nlatan bir Tanr\u0131\u00e7a olarak \u00e7\u0131kar Boethius\u2019un kar\u015f\u0131s\u0131na. Antik\u00e7a\u011fa \u00f6zg\u00fc d\u00fc\u015f\u00fcnme bi\u00e7imini H\u0131ristiyan bir bak\u0131\u015fla harmanlayarak, Boethius\u2019a t\u00fcm unuttuklar\u0131n\u0131 yeniden hat\u0131rlamas\u0131 i\u00e7in yard\u0131mc\u0131 olur. \u0130\u015fte bu nedenle kitab\u0131n ad\u0131 Tanr\u0131\u00e7a Felsefe\u2019dir. Masumken mahk\u00fbm k\u0131l\u0131nm\u0131\u015f olmaktan yak\u0131nan d\u00fc\u015f\u00fcn\u00fcr\u00fcn, Felsefe\u2019nin k\u0131lavuzlu\u011fuyla t\u00fcm ya\u015fad\u0131klar\u0131n\u0131 yeniden d\u00fc\u015f\u00fcnmesi, bildiklerini ad\u0131m ad\u0131m yeniden hat\u0131rlamas\u0131 ve Yunan-Roma bilgeli\u011fine dayanan ge\u00e7mi\u015finden el al\u0131p Tanr\u0131n\u0131n kudretine yeniden inanmas\u0131 gerekecektir. Hem Antik\u00e7a\u011f felsefesiyle ilgileniyor hem de insana dair temel sorular\u0131n \u00e7a\u011flar boyunca nas\u0131l d\u00f6n\u00fc\u015ft\u00fc\u011f\u00fcn\u00fc merak ediyorsan\u0131z, elinizdeki kitap tam size g\u00f6re. Gelin, Boethius\u2019a yol g\u00f6steren Tanr\u0131\u00e7a Felsefe\u2019nin izinde birlikte y\u00fcr\u00fcy\u00fcp hakiki mutluluk, iyilik ve k\u00f6t\u00fcl\u00fck, kader ve sonsuzluk \u00fczerine yeniden d\u00fc\u015f\u00fcnelim.<\/p>\n","protected":false},"excerpt":{"rendered":"<p>Haks\u0131z yere mahk\u00fbm edilen Boethius\u2019un kederden bulan\u0131kla\u015fm\u0131\u015f zihni yaln\u0131zca evrenin yeg\u00e2ne yarat\u0131c\u0131s\u0131n\u0131n Tanr\u0131 oldu\u011funa dair bilgiyi saklayabilmi\u015ftir. Bu bilgi d\u0131\u015f\u0131nda herhangi bir \u015fey hat\u0131rlamamaktad\u0131r, zihni karanl\u0131\u011fa<span class=\"excerpt-hellip\"> [\u2026]<\/span><\/p>\n","protected":false},"featured_media":0,"template":"","meta":{"_monsterinsights_skip_tracking":false,"_monsterinsights_sitenote_active":false,"_monsterinsights_sitenote_note":"","_monsterinsights_sitenote_category":0},"product_brand":[],"product_cat":[12388,14717],"product_tag":[],"class_list":{"0":"post-781210","1":"product","2":"type-product","3":"status-publish","5":"product_cat-felsefe","6":"product_cat-felsefe-tarihi","7":"pa_cilt-ciltsiz","8":"pa_tur-kitap","9":"pa_yayinevi-alfa-yayinlari","10":"pa_yazar-bengu-cennet-coskun","12":"first","13":"instock","14":"sale","15":"shipping-taxable","16":"purchasable","17":"product-type-simple"},"_links":{"self":[{"href":"https:\/\/roveyayinevi.com.tr\/index.php\/wp-json\/wp\/v2\/product\/781210","targetHints":{"allow":["GET"]}}],"collection":[{"href":"https:\/\/roveyayinevi.com.tr\/index.php\/wp-json\/wp\/v2\/product"}],"about":[{"href":"https:\/\/roveyayinevi.com.tr\/index.php\/wp-json\/wp\/v2\/types\/product"}],"wp:attachment":[{"href":"https:\/\/roveyayinevi.com.tr\/index.php\/wp-json\/wp\/v2\/media?parent=781210"}],"wp:term":[{"taxonomy":"product_brand","embeddable":true,"href":"https:\/\/roveyayinevi.com.tr\/index.php\/wp-json\/wp\/v2\/product_brand?post=781210"},{"taxonomy":"product_cat","embeddable":true,"href":"https:\/\/roveyayinevi.com.tr\/index.php\/wp-json\/wp\/v2\/product_cat?post=781210"},{"taxonomy":"product_tag","embeddable":true,"href":"https:\/\/roveyayinevi.com.tr\/index.php\/wp-json\/wp\/v2\/product_tag?post=781210"}],"curies":[{"name":"wp","href":"https:\/\/api.w.org\/{rel}","templated":true}]}}