{"id":781209,"date":"2026-01-20T04:41:47","date_gmt":"2026-01-20T01:41:47","guid":{"rendered":"https:\/\/roveyayinevi.com.tr\/index.php\/urun\/anomali-2\/"},"modified":"2026-04-15T03:45:36","modified_gmt":"2026-04-15T00:45:36","slug":"anomali-2","status":"publish","type":"product","link":"https:\/\/roveyayinevi.com.tr\/index.php\/urun\/anomali-2\/","title":{"rendered":"Anomali"},"content":{"rendered":"<p>Oyunun unutuldu\u011fu bir d\u00fcnyada \u00e7ocuk kalabilmek m\u00fcmk\u00fcn m\u00fc? Dilge G\u00fcney, \u00e7ocuklu\u011fun nas\u0131l oldu\u011funu unutan yeti\u015fkinlere ithaf etti\u011fi Anomali ile normal kavram\u0131n\u0131 tersy\u00fcz eden distopik bir metne imza at\u0131yor. \u00c7ocukluktan yeti\u015fkinli\u011fe uzanan karma\u015f\u0131k yolculu\u011fu masals\u0131 bir dille betimleyen yazar, b\u00fcy\u00fcmenin ve d\u00f6n\u00fc\u015f\u00fcm\u00fcn anlam\u0131n\u0131 oyun kuram\u0131 \u00fczerinden sorgulat\u0131yor. De\u011fi\u015fimin getirdi\u011fi bilinmezli\u011fin insan\u0131 nas\u0131l bir belirsizli\u011fe s\u00fcr\u00fckledi\u011fini g\u00f6steren bu alegorik roman, otoriter g\u00fc\u00e7lere kar\u015f\u0131 dostlu\u011fun, dayan\u0131\u015fman\u0131n ve vicdan\u0131n \u00fcst\u00fcnl\u00fc\u011f\u00fcn\u00fc yineliyor. Oyun oynaman\u0131n \u00f6zg\u00fcrle\u015ftirdi\u011fi bir evrende geli\u015fen hi\u00e7 beklenmedik bir \u201canomali\u201d, k\u0131sa s\u00fcrede \u00e7ocuklar\u0131 pen\u00e7esine d\u00fc\u015f\u00fcrecek bir karabasana d\u00f6n\u00fc\u015f\u00fcr. \u00c7at\u0131lardan havalanan reng\u00e2renk u\u00e7urtmalar\u0131n, etrafa sa\u00e7\u0131lan pastalar\u0131n, g\u00f6ky\u00fcz\u00fcn\u00fc saran kahkaha bulutlar\u0131n\u0131n yerini art\u0131k \u00e7\u0131\u011fl\u0131klar ve ko\u015fu\u015fturmacalar alm\u0131\u015ft\u0131r. \u00c7ocuklar ba\u015fta anomaliye inanmak istemeseler de arkada\u015flar\u0131 Mu ve di\u011ferlerinin teker teker ortadan kaybolmas\u0131 i\u015fin rengini de\u011fi\u015ftirir. Kasaban\u0131n y\u00f6neticisi Sukha\u2019n\u0131n k\u0131lavuzlu\u011funda arkada\u015flar\u0131n\u0131 aramaya \u00e7\u0131kan kahraman\u0131m\u0131z ise kendisine yakla\u015fmakta olan de\u011fi\u015fim anomalisine direnmekte kararl\u0131d\u0131r. Anomalinin izini s\u00fcrerken k\u00e2h bir kurdun karn\u0131na k\u00e2h bir kelebe\u011fin kozas\u0131na konuk olan gen\u00e7 k\u0131z bir yandan da kendi bedeninde ve zihnindeki keskin de\u011fi\u015fimlerle m\u00fccadele etmek zorundad\u0131r&#8230; \u00d6zg\u00fcn hik\u00e2yesi ve \u00e7arp\u0131c\u0131 karakterleriyle \u00f6ne \u00e7\u0131kan Anomali, \u00e7ocuklu\u011fun saf ve temiz d\u00fcnyas\u0131n\u0131 y\u00fcceltirken b\u00fcy\u00fcmenin kimi zaman b\u00fcy\u00fcl\u00fc bir yan\u0131lsamadan ibaret olabilece\u011fini de g\u00f6zler \u00f6n\u00fcne seriyor. \u201cOyun oynama iste\u011fi normaldir, ko\u015fulsuz ve daima.\u201d<\/p>\n","protected":false},"excerpt":{"rendered":"<p>Oyunun unutuldu\u011fu bir d\u00fcnyada \u00e7ocuk kalabilmek m\u00fcmk\u00fcn m\u00fc? Dilge G\u00fcney, \u00e7ocuklu\u011fun nas\u0131l oldu\u011funu unutan yeti\u015fkinlere ithaf etti\u011fi Anomali ile normal kavram\u0131n\u0131 tersy\u00fcz eden distopik bir metne<span class=\"excerpt-hellip\"> [\u2026]<\/span><\/p>\n","protected":false},"featured_media":0,"template":"","meta":{"_monsterinsights_skip_tracking":false,"_monsterinsights_sitenote_active":false,"_monsterinsights_sitenote_note":"","_monsterinsights_sitenote_category":0},"product_brand":[],"product_cat":[12274,12284],"product_tag":[],"class_list":{"0":"post-781209","1":"product","2":"type-product","3":"status-publish","5":"product_cat-cocuk-ve-genclik-kitaplari","6":"product_cat-hikayeler","7":"pa_cilt-ciltsiz","8":"pa_tur-kitap","9":"pa_yayinevi-tudem-yayinlari","10":"pa_yazar-dilge-guney","12":"first","13":"instock","14":"sale","15":"shipping-taxable","16":"purchasable","17":"product-type-simple"},"_links":{"self":[{"href":"https:\/\/roveyayinevi.com.tr\/index.php\/wp-json\/wp\/v2\/product\/781209","targetHints":{"allow":["GET"]}}],"collection":[{"href":"https:\/\/roveyayinevi.com.tr\/index.php\/wp-json\/wp\/v2\/product"}],"about":[{"href":"https:\/\/roveyayinevi.com.tr\/index.php\/wp-json\/wp\/v2\/types\/product"}],"wp:attachment":[{"href":"https:\/\/roveyayinevi.com.tr\/index.php\/wp-json\/wp\/v2\/media?parent=781209"}],"wp:term":[{"taxonomy":"product_brand","embeddable":true,"href":"https:\/\/roveyayinevi.com.tr\/index.php\/wp-json\/wp\/v2\/product_brand?post=781209"},{"taxonomy":"product_cat","embeddable":true,"href":"https:\/\/roveyayinevi.com.tr\/index.php\/wp-json\/wp\/v2\/product_cat?post=781209"},{"taxonomy":"product_tag","embeddable":true,"href":"https:\/\/roveyayinevi.com.tr\/index.php\/wp-json\/wp\/v2\/product_tag?post=781209"}],"curies":[{"name":"wp","href":"https:\/\/api.w.org\/{rel}","templated":true}]}}