{"id":781204,"date":"2026-01-20T04:41:39","date_gmt":"2026-01-20T01:41:39","guid":{"rendered":"https:\/\/roveyayinevi.com.tr\/index.php\/urun\/50-soruda-oyun-ve-oyunlastirma\/"},"modified":"2026-01-22T03:59:15","modified_gmt":"2026-01-22T00:59:15","slug":"50-soruda-oyun-ve-oyunlastirma","status":"publish","type":"product","link":"https:\/\/roveyayinevi.com.tr\/index.php\/urun\/50-soruda-oyun-ve-oyunlastirma\/","title":{"rendered":"50 Soruda Oyun ve Oyunla\u015ft\u0131rma"},"content":{"rendered":"<p>50 Soruda Oyun ve Oyunla\u015ft\u0131rma, oyunun b\u00fcy\u00fcl\u00fc ger\u00e7e\u011fini, k\u00f6klerini, bile\u015fenlerini ve farkl\u0131 uygulamalar\u0131n\u0131 merak eden herkese davet niteli\u011finde. Kurum \u00e7al\u0131\u015fanlar\u0131ndan e\u011fitimcilere, ebeveynlerden oyun merakl\u0131lar\u0131na dek geni\u015f bir kitleye hitap ederek, i\u00e7inizdeki Homo ludens\u2019i uyand\u0131rma ve oyuna dair yeni bir bak\u0131\u015f a\u00e7\u0131s\u0131 kazanman\u0131z\u0131 sa\u011flama \u00fcmidiyle yaz\u0131ld\u0131. Ele al\u0131nan kimi ba\u015fl\u0131klar \u015f\u00f6yle: Oyun nedir? Oyunlar nas\u0131l ayr\u0131l\u0131r? E\u011fitsel oyun, kart oyunlar\u0131, masa\u00fcst\u00fc oyunlar\u0131, kutu oyunlar\u0131, ka\u00e7\u0131\u015f oyunlar\u0131, ak\u0131l-zek\u00e2 oyunlar\u0131, geleneksel oyunlar, dijital oyunlar nedir; \u00f6zellikleri nelerdir? Oyun teorisi nedir ve hayata nas\u0131l uygulan\u0131r? Oyunla\u015ft\u0131rma ne demektir? Fiziksel oyunlar m\u0131, dijital oyunlar m\u0131 tercih edilmeli? Dijital oyun t\u00fcrleri hangileridir? Dijital oyun geli\u015ftirme ad\u0131mlar\u0131 nelerdir? Evde oyun geli\u015ftirebilir miyim? Dijital oyun mekanikleri, dinamikleri ve bile\u015fenleri nelerdir? Metaverse ortam\u0131nda oyunlar nas\u0131l olacak? Gelecekte nas\u0131l oyunlar oynayaca\u011f\u0131z? Oyunun faydalar\u0131 nedir? Ne zaman zararl\u0131 olur? Oyun ba\u011f\u0131ml\u0131l\u0131\u011f\u0131 nedir, nas\u0131l \u00f6nlenebilir? Aile \u0130\u00e7inde hangi t\u00fcr etkinlikler oyunla\u015ft\u0131r\u0131labilir? N\u00f6ro\u00e7e\u015fitli \u00e7ocuklar i\u00e7in hangi oyunlar tercih edilmelidir? \u00c7ocuklar oyun tasar\u0131m\u0131n\u0131 nereden \u00f6\u011frenebilir?<\/p>\n","protected":false},"excerpt":{"rendered":"<p>50 Soruda Oyun ve Oyunla\u015ft\u0131rma, oyunun b\u00fcy\u00fcl\u00fc ger\u00e7e\u011fini, k\u00f6klerini, bile\u015fenlerini ve farkl\u0131 uygulamalar\u0131n\u0131 merak eden herkese davet niteli\u011finde. Kurum \u00e7al\u0131\u015fanlar\u0131ndan e\u011fitimcilere, ebeveynlerden oyun merakl\u0131lar\u0131na dek geni\u015f<span class=\"excerpt-hellip\"> [\u2026]<\/span><\/p>\n","protected":false},"featured_media":0,"template":"","meta":{"_monsterinsights_skip_tracking":false,"_monsterinsights_sitenote_active":false,"_monsterinsights_sitenote_note":"","_monsterinsights_sitenote_category":0},"product_brand":[],"product_cat":[141304],"product_tag":[],"class_list":{"0":"post-781204","1":"product","2":"type-product","3":"status-publish","5":"product_cat-yeni-cikanlar","6":"pa_cilt-ciltsiz","7":"pa_tur-kitap","8":"pa_yayinevi-bilim-ve-gelecek-yayinevi","9":"pa_yazar-ercan-altug-yilmaz","11":"first","12":"instock","13":"sale","14":"shipping-taxable","15":"purchasable","16":"product-type-simple"},"_links":{"self":[{"href":"https:\/\/roveyayinevi.com.tr\/index.php\/wp-json\/wp\/v2\/product\/781204","targetHints":{"allow":["GET"]}}],"collection":[{"href":"https:\/\/roveyayinevi.com.tr\/index.php\/wp-json\/wp\/v2\/product"}],"about":[{"href":"https:\/\/roveyayinevi.com.tr\/index.php\/wp-json\/wp\/v2\/types\/product"}],"wp:attachment":[{"href":"https:\/\/roveyayinevi.com.tr\/index.php\/wp-json\/wp\/v2\/media?parent=781204"}],"wp:term":[{"taxonomy":"product_brand","embeddable":true,"href":"https:\/\/roveyayinevi.com.tr\/index.php\/wp-json\/wp\/v2\/product_brand?post=781204"},{"taxonomy":"product_cat","embeddable":true,"href":"https:\/\/roveyayinevi.com.tr\/index.php\/wp-json\/wp\/v2\/product_cat?post=781204"},{"taxonomy":"product_tag","embeddable":true,"href":"https:\/\/roveyayinevi.com.tr\/index.php\/wp-json\/wp\/v2\/product_tag?post=781204"}],"curies":[{"name":"wp","href":"https:\/\/api.w.org\/{rel}","templated":true}]}}