{"id":781202,"date":"2026-01-20T04:41:36","date_gmt":"2026-01-20T01:41:36","guid":{"rendered":"https:\/\/roveyayinevi.com.tr\/index.php\/urun\/citkusu\/"},"modified":"2026-04-03T03:37:18","modified_gmt":"2026-04-03T00:37:18","slug":"citkusu","status":"publish","type":"product","link":"https:\/\/roveyayinevi.com.tr\/index.php\/urun\/citkusu\/","title":{"rendered":"\u00c7itku\u015fu"},"content":{"rendered":"<p>Bir ailenin ge\u00e7mi\u015findeki duygusal travmalar ku\u015faktan ku\u015fa\u011fa nas\u0131l ge\u00e7er? \u00c7a\u011fda\u015f \u0130rlanda edebiyat\u0131n\u0131n usta isimlerinden Anne Enright, benli\u011fe do\u011fru b\u00fcy\u00fcleyici bir yolculuk sundu\u011fu \u00c7itku\u015fu\u2019nda bir ailenin \u00fc\u00e7 ku\u015fa\u011f\u0131n\u0131 temsil eden kad\u0131nlar\u0131, aralar\u0131ndaki ili\u015fkileri ve duygusal ba\u011flar\u0131 kaleminin ucuna tak\u0131yor. Bi\u00e7em konusundaki dehas\u0131yla okurun i\u00e7 d\u00fcnyas\u0131na n\u00fcfuz etmeyi ba\u015faran yazar, insan\u0131n insana aktard\u0131klar\u0131 hakk\u0131nda d\u00fc\u015f\u00fcnd\u00fcr\u00fcrken aile i\u00e7inde ya\u015fanan ve sonraki ku\u015faklara sirayet eden travmalar\u0131 anlamland\u0131rmaya yo\u011funla\u015f\u0131yor. Bireyin kalabal\u0131klar i\u00e7indeki yaln\u0131zl\u0131\u011f\u0131n\u0131 \u015fiirsel yank\u0131larla dindiren bu melodik roman, aile ba\u011flar\u0131n\u0131n bo\u011fuculu\u011fu \u00fczerine ince esprilerle bezeli bir hik\u00e2ye anlat\u0131yor. \u201cKu\u015f kendisinden ibaretti i\u015fte. Herhangi birimiz buraya gelmeden uzun zaman \u00f6nce de vard\u0131, hepimiz gittikten uzun zaman sonra da var olacak.\u201d Peki ya insan? O neyi devral\u0131p neyi miras b\u0131rakacak? Umut, hayal k\u0131r\u0131kl\u0131\u011f\u0131, sevgi, ne\u015fe, yetenek, merak, zek\u00e2, travma m\u0131? Carmel, t\u00fcm ya\u015fam\u0131n\u0131 yaln\u0131zl\u0131k i\u00e7inde ge\u00e7irmi\u015f bir kad\u0131nken k\u0131z\u0131 Nell\u2019in do\u011fumuyla birlikte yaln\u0131zl\u0131\u011f\u0131 daha da derinle\u015fir. Nell, annesinin manevi y\u00fckleri alt\u0131nda g\u00fcnden g\u00fcne ezilirken, anne k\u0131z\u0131n aralar\u0131ndaki karma\u015f\u0131k ili\u015fki zamanla duygusal bir devinime d\u00f6n\u00fc\u015f\u00fcr. Kendi se\u00e7ti\u011fi hayat\u0131 ya\u015famak isteyen Nell, k\u00f6klerinden kopabilmek i\u00e7in evden ayr\u0131lmay\u0131 planlarken Carmel ise, \u00fcnl\u00fc bir \u015fair olan babas\u0131 Phil\u2019in, annesi Terry\u2019nin ve karde\u015fi Imalda\u2019n\u0131n g\u00f6lgesinde kanamaya devam eden \u00e7ocukluk yaralar\u0131n\u0131 sarmaya \u00e7al\u0131\u015fmaktad\u0131r&#8230; 2007 Man Booker \u00d6d\u00fcl\u00fc\u2019n\u00fc alan Anne Enright\u2019\u0131n, yaratt\u0131\u011f\u0131 karakterler ve ger\u00e7ek\u00e7i kurgusuyla dikkat \u00e7eken roman\u0131 \u00c7itku\u015fu, 2024 y\u0131l\u0131nda The Writers\u2019 Prize\u2019a (Yazarlar \u00d6d\u00fcl\u00fc) lay\u0131k g\u00f6r\u00fcld\u00fc.<\/p>\n","protected":false},"excerpt":{"rendered":"<p>Bir ailenin ge\u00e7mi\u015findeki duygusal travmalar ku\u015faktan ku\u015fa\u011fa nas\u0131l ge\u00e7er? \u00c7a\u011fda\u015f \u0130rlanda edebiyat\u0131n\u0131n usta isimlerinden Anne Enright, benli\u011fe do\u011fru b\u00fcy\u00fcleyici bir yolculuk sundu\u011fu \u00c7itku\u015fu\u2019nda bir ailenin \u00fc\u00e7<span class=\"excerpt-hellip\"> [\u2026]<\/span><\/p>\n","protected":false},"featured_media":0,"template":"","meta":{"_monsterinsights_skip_tracking":false,"_monsterinsights_sitenote_active":false,"_monsterinsights_sitenote_note":"","_monsterinsights_sitenote_category":0},"product_brand":[],"product_cat":[12291,12711],"product_tag":[],"class_list":{"0":"post-781202","1":"product","2":"type-product","3":"status-publish","5":"product_cat-edebiyat","6":"product_cat-roman-oyku","7":"pa_cilt-ciltsiz","8":"pa_tur-kitap","9":"pa_yayinevi-delidolu","10":"pa_yazar-anne-enright","12":"first","13":"instock","14":"sale","15":"shipping-taxable","16":"purchasable","17":"product-type-simple"},"_links":{"self":[{"href":"https:\/\/roveyayinevi.com.tr\/index.php\/wp-json\/wp\/v2\/product\/781202","targetHints":{"allow":["GET"]}}],"collection":[{"href":"https:\/\/roveyayinevi.com.tr\/index.php\/wp-json\/wp\/v2\/product"}],"about":[{"href":"https:\/\/roveyayinevi.com.tr\/index.php\/wp-json\/wp\/v2\/types\/product"}],"wp:attachment":[{"href":"https:\/\/roveyayinevi.com.tr\/index.php\/wp-json\/wp\/v2\/media?parent=781202"}],"wp:term":[{"taxonomy":"product_brand","embeddable":true,"href":"https:\/\/roveyayinevi.com.tr\/index.php\/wp-json\/wp\/v2\/product_brand?post=781202"},{"taxonomy":"product_cat","embeddable":true,"href":"https:\/\/roveyayinevi.com.tr\/index.php\/wp-json\/wp\/v2\/product_cat?post=781202"},{"taxonomy":"product_tag","embeddable":true,"href":"https:\/\/roveyayinevi.com.tr\/index.php\/wp-json\/wp\/v2\/product_tag?post=781202"}],"curies":[{"name":"wp","href":"https:\/\/api.w.org\/{rel}","templated":true}]}}