{"id":781196,"date":"2026-01-20T04:41:24","date_gmt":"2026-01-20T01:41:24","guid":{"rendered":"https:\/\/roveyayinevi.com.tr\/index.php\/urun\/hayal-kurmak-bedava\/"},"modified":"2026-04-15T03:45:35","modified_gmt":"2026-04-15T00:45:35","slug":"hayal-kurmak-bedava","status":"publish","type":"product","link":"https:\/\/roveyayinevi.com.tr\/index.php\/urun\/hayal-kurmak-bedava\/","title":{"rendered":"Hayal Kurmak Bedava"},"content":{"rendered":"<p>Kerem ve arkada\u015flar\u0131, Ebru \u00d6\u011fretmen sayesinde bu y\u0131l yeni bir \u015fey ke\u015ffediyorlar: Hayal kurmak. Her sabah be\u015f dakikal\u0131\u011f\u0131na g\u00f6zlerini kapat\u0131yor ve bamba\u015fka d\u00fcnyalara dal\u0131yorlar; \u00e7\u00f6l\u00fcn ortas\u0131nda arkeolog oluyor, \u00fcnl\u00fc yazar ve ressamlarla tan\u0131\u015f\u0131yor, d\u00fcnyay\u0131 de\u011fi\u015ftirecek bir bulu\u015fa imza at\u0131yorlar. Ama as\u0131l, insan\u0131n kendi s\u0131n\u0131rlar\u0131n\u0131 hayal g\u00fcc\u00fcyle a\u015fabilece\u011fini ke\u015ffediyorlar.<\/p>\n","protected":false},"excerpt":{"rendered":"<p>Kerem ve arkada\u015flar\u0131, Ebru \u00d6\u011fretmen sayesinde bu y\u0131l yeni bir \u015fey ke\u015ffediyorlar: Hayal kurmak. Her sabah be\u015f dakikal\u0131\u011f\u0131na g\u00f6zlerini kapat\u0131yor ve bamba\u015fka d\u00fcnyalara dal\u0131yorlar; \u00e7\u00f6l\u00fcn ortas\u0131nda<span class=\"excerpt-hellip\"> [\u2026]<\/span><\/p>\n","protected":false},"featured_media":0,"template":"","meta":{"_monsterinsights_skip_tracking":false,"_monsterinsights_sitenote_active":false,"_monsterinsights_sitenote_note":"","_monsterinsights_sitenote_category":0},"product_brand":[],"product_cat":[12291,12711],"product_tag":[],"class_list":{"0":"post-781196","1":"product","2":"type-product","3":"status-publish","5":"product_cat-edebiyat","6":"product_cat-roman-oyku","7":"pa_cilt-ciltsiz","8":"pa_tur-kitap","9":"pa_yayinevi-mundi","10":"pa_yazar-fuat-sevimay","12":"first","13":"instock","14":"sale","15":"shipping-taxable","16":"purchasable","17":"product-type-simple"},"_links":{"self":[{"href":"https:\/\/roveyayinevi.com.tr\/index.php\/wp-json\/wp\/v2\/product\/781196","targetHints":{"allow":["GET"]}}],"collection":[{"href":"https:\/\/roveyayinevi.com.tr\/index.php\/wp-json\/wp\/v2\/product"}],"about":[{"href":"https:\/\/roveyayinevi.com.tr\/index.php\/wp-json\/wp\/v2\/types\/product"}],"wp:attachment":[{"href":"https:\/\/roveyayinevi.com.tr\/index.php\/wp-json\/wp\/v2\/media?parent=781196"}],"wp:term":[{"taxonomy":"product_brand","embeddable":true,"href":"https:\/\/roveyayinevi.com.tr\/index.php\/wp-json\/wp\/v2\/product_brand?post=781196"},{"taxonomy":"product_cat","embeddable":true,"href":"https:\/\/roveyayinevi.com.tr\/index.php\/wp-json\/wp\/v2\/product_cat?post=781196"},{"taxonomy":"product_tag","embeddable":true,"href":"https:\/\/roveyayinevi.com.tr\/index.php\/wp-json\/wp\/v2\/product_tag?post=781196"}],"curies":[{"name":"wp","href":"https:\/\/api.w.org\/{rel}","templated":true}]}}