{"id":781194,"date":"2026-01-20T04:41:21","date_gmt":"2026-01-20T01:41:21","guid":{"rendered":"https:\/\/roveyayinevi.com.tr\/index.php\/urun\/modern-gitar-metodu-cilt-2\/"},"modified":"2026-04-15T03:45:35","modified_gmt":"2026-04-15T00:45:35","slug":"modern-gitar-metodu-cilt-2","status":"publish","type":"product","link":"https:\/\/roveyayinevi.com.tr\/index.php\/urun\/modern-gitar-metodu-cilt-2\/","title":{"rendered":"Modern Gitar Metodu Cilt 2"},"content":{"rendered":"<p>Berklee M\u00fczik Koleji gitar program\u0131n\u0131n temel metni olarak kullan\u0131lan William Leavitt Gitar Metodu, zaman testinden ge\u00e7mi\u015f, sad\u0131k gitar \u00f6\u011frencileri ve e\u011fitmenlerinden olu\u015fan geni\u015f bir hayran kitlesi kazanm\u0131\u015ft\u0131r. \u00dc\u00e7 ciltten olu\u015fan bu metot, ba\u015flang   \u0131\u00e7tan ileri d\u00fczeye kadar her seviyeye uygun, pratik  ve kapsaml\u0131 bir gitar e\u011fitim program\u0131d\u0131r. Leavitt&#8217;in  benzersiz e\u011fitim yakla\u015f\u0131m\u0131, \u00f6\u011frencilere en temel  seviyeden ileri seviyelere kadar \u00fcst\u00fcn gitar \u00e7alma becerileri \u00f6\u011fretiyor. Ayr\u0131ca mevcut:   Cilt 1 Birinci cilt, ba\u015flang\u0131\u00e7   seviyesindeki gitaristler i\u00e7in sa\u011flam bir temel olu\u015fturuyor, gitar ve m\u00fczik temelleri hakk\u0131nda kapsaml\u0131 bir yelpaze sunuyor: \u2022gamlar \u2022melodik \u00e7al\u0131\u015fmalar \u2022akor ve arpej \u00e7al\u0131\u015fmalar\u0131 \u2022m\u00fczik nas\u0131l okunur \u2022her iki el i\u00e7in teknik geli\u015ftirmeye y\u00f6nelik \u00f6zel egzersizler \u2022ta\u015f\u0131y\u0131c\u0131 akor kal\u0131plar\u0131n\u0131 kullanarak ses y\u00f6nlendirmeye y\u00f6nelik benzersiz bir yakla\u015f\u0131m   Cilt 2 Birinci ciltteki temel bilgileri \u00f6\u011frendikten sonra, bu orta seviye kitapta melodi, gamlar, arpejler ve akorlar\u0131n incelenmesine devam ediliyor ve t\u00fcm sap\u0131 kaps\u0131yor. Bu ciltte ayr\u0131ca \u015funlar ele al\u0131nmaktad\u0131r: \u2022aral\u0131klar \u2022akor seslendirmeleri \u2022do\u011fa\u00e7lama \u2022ritim gitar teknikleri \u2022birlikte \u00e7al\u0131nan d\u00fcetler<\/p>\n","protected":false},"excerpt":{"rendered":"<p>Berklee M\u00fczik Koleji gitar program\u0131n\u0131n temel metni olarak kullan\u0131lan William Leavitt Gitar Metodu, zaman testinden ge\u00e7mi\u015f, sad\u0131k gitar \u00f6\u011frencileri ve e\u011fitmenlerinden olu\u015fan geni\u015f bir hayran kitlesi<span class=\"excerpt-hellip\"> [\u2026]<\/span><\/p>\n","protected":false},"featured_media":0,"template":"","meta":{"_monsterinsights_skip_tracking":false,"_monsterinsights_sitenote_active":false,"_monsterinsights_sitenote_note":"","_monsterinsights_sitenote_category":0},"product_brand":[],"product_cat":[14556],"product_tag":[],"class_list":{"0":"post-781194","1":"product","2":"type-product","3":"status-publish","5":"product_cat-muzik","6":"pa_cilt-ciltsiz","7":"pa_tur-kitap","8":"pa_yayinevi-inkilap-kitabevi","9":"pa_yazar-william-leavitt","11":"first","12":"instock","13":"sale","14":"shipping-taxable","15":"purchasable","16":"product-type-simple"},"_links":{"self":[{"href":"https:\/\/roveyayinevi.com.tr\/index.php\/wp-json\/wp\/v2\/product\/781194","targetHints":{"allow":["GET"]}}],"collection":[{"href":"https:\/\/roveyayinevi.com.tr\/index.php\/wp-json\/wp\/v2\/product"}],"about":[{"href":"https:\/\/roveyayinevi.com.tr\/index.php\/wp-json\/wp\/v2\/types\/product"}],"wp:attachment":[{"href":"https:\/\/roveyayinevi.com.tr\/index.php\/wp-json\/wp\/v2\/media?parent=781194"}],"wp:term":[{"taxonomy":"product_brand","embeddable":true,"href":"https:\/\/roveyayinevi.com.tr\/index.php\/wp-json\/wp\/v2\/product_brand?post=781194"},{"taxonomy":"product_cat","embeddable":true,"href":"https:\/\/roveyayinevi.com.tr\/index.php\/wp-json\/wp\/v2\/product_cat?post=781194"},{"taxonomy":"product_tag","embeddable":true,"href":"https:\/\/roveyayinevi.com.tr\/index.php\/wp-json\/wp\/v2\/product_tag?post=781194"}],"curies":[{"name":"wp","href":"https:\/\/api.w.org\/{rel}","templated":true}]}}