{"id":781186,"date":"2026-01-20T04:41:05","date_gmt":"2026-01-20T01:41:05","guid":{"rendered":"https:\/\/roveyayinevi.com.tr\/index.php\/urun\/kusadasi-tarihi-ansiklopedisi\/"},"modified":"2026-04-15T03:45:35","modified_gmt":"2026-04-15T00:45:35","slug":"kusadasi-tarihi-ansiklopedisi","status":"publish","type":"product","link":"https:\/\/roveyayinevi.com.tr\/index.php\/urun\/kusadasi-tarihi-ansiklopedisi\/","title":{"rendered":"Ku\u015fadas\u0131 Tarihi Ansiklopedisi"},"content":{"rendered":"<p>Yerel tarih el de\u011fmemi\u015f bir hazinedir. Bu hazine topra\u011f\u0131n y\u00fczeyine yak\u0131n noktada \u00f6ylece yatmakta ve niyeti olan\u0131n a\u00e7\u0131\u011fa \u00e7\u0131karmas\u0131n\u0131 beklemektedir. Bu i\u015fe g\u00f6nl\u00fcn\u00fc vermi\u015f biri, bir konu \u00fczerinden bu kaz\u0131y\u0131 y\u00fcr\u00fctmeye ve derinle\u015ftirmeye soyunur. B\u00f6ylece, elde etti\u011fi bulgular ve onu tamamlayan do\u011fru bilgilerle kent tarihinin bir par\u00e7as\u0131n\u0131 a\u00e7\u0131\u011fa \u00e7\u0131kar\u0131r. Bir konu \u00fczerinden \u00e7al\u0131\u015fma y\u00fcr\u00fct\u00fcl\u00fcrken, par\u00e7a par\u00e7a bir\u00e7ok bilgi de not edilir. Par\u00e7al\u0131 bilgiler biriktik\u00e7e bunlar\u0131 bir bi\u00e7imde de\u011ferlendirme kayg\u0131s\u0131 ortaya \u00e7\u0131kar. \u00d6rne\u011fin; Ku\u015fadas\u0131 Sinemalar\u0131, De\u011firmenderesi De\u011firmenleri, Aya Yorgo Manast\u0131r\u0131, Samos\u2019tan 1941-1943\u2019te Geli\u015fler, Ku\u015fadas\u0131\u2019na Gelen Gezginler, \u00d6k\u00fcz Mehmet Pa\u015fa Vakfiyesi, Ku\u015fadas\u0131 Mahalleleri ve Mahalle Muhtarlar\u0131 vb konular tek ba\u015f\u0131na birer kitap olamazlar. Onlar\u0131 toplu halde ansiklopedik bir kaynak haline d\u00f6n\u00fc\u015ft\u00fcrmek gerekir. Ben de bu mant\u0131kla size sundu\u011fum \u00e7al\u0131\u015fmam\u0131n ad\u0131n\u0131 \u201cKu\u015fadas\u0131 Ansiklopedisi\u201d koydum. (\u2026) Ku\u015fadas\u0131 kent tarihini \u015fekillendiren \u00f6nemli ba\u015fl\u0131klar vard\u0131r ve bunlar\u0131n ba\u015f\u0131nda, antik d\u00f6nem Efes\u2019i ile birlikte \u015fekillenen kozmopolit Ku\u015fadas\u0131 gelir. Neopolis-Maratheison-Nea Ephesea-Scalanova s\u00fcreci ve sonras\u0131nda Rum, Ermeni, Yahudi n\u00fcfusun da var oldu\u011fu bir Osmanl\u0131 liman kasabas\u0131 \u00f6yk\u00fcs\u00fcd\u00fcr Ku\u015fadas\u0131. Akdeniz\u2019e a\u00e7\u0131lan \u00f6nemli bir b\u00f6lgede varolu\u015fu, korsan faaliyetleri, ticari ya\u015fam\u0131n\u0131n hareketlili\u011fi, Roma\/Bizans d\u00f6neminin Efes\u2019i \u00fczerinden b\u00f6lgesel \u00f6nemi, kentin temlik olarak Osmanl\u0131 \u00fcst d\u00fczey unsurlar\u0131 taraf\u0131ndan s\u00fcrekli payla\u015f\u0131l\u0131\u015f\u0131\u2026 T\u00fcm bunlar kentin dokusunu \u015fekillendiren \u015feylerdir.  Kitapta, Ku\u015fadas\u0131 Tarihi b\u00f6l\u00fcm\u00fc d\u0131\u015f\u0131nda; tarihi kuyular, yavansu kaynaklar\u0131- p\u0131narlar-\u0131l\u0131calar, De\u011firmenderesi De\u011firmenleri ve De\u011firmenderesi\u2019nde Zoohoduh Pigi Manast\u0131r\u0131, Ku\u015fadas\u0131 Liman\u0131 tarih\u00e7esi, Ku\u015fadas\u0131 mahalleleri ve mahalle muhtarlar\u0131, Ku\u015fadas\u0131 sinemalar\u0131, mezarl\u0131klar, Ku\u015fadas\u0131\u2019nda \u00e7evrilen filmler, deniz fenerleri, Samos ile yap\u0131lan ka\u00e7ak\u00e7\u0131l\u0131k, ya\u011fhaneler ve debbahl\u0131k, Samos\u2019un Almanlarca bombalanmas\u0131 ve Samos\u2019tan Ku\u015fadas\u0131\u2019na gelenler vb ba\u015fl\u0131klar\u0131yla kenti bir\u00e7ok y\u00f6nden tan\u0131tt\u0131\u011f\u0131m\u0131 d\u00fc\u015f\u00fcn\u00fcyorum. \u015eenol Eskin\/\u00d6ns\u00f6zden<\/p>\n","protected":false},"excerpt":{"rendered":"<p>Yerel tarih el de\u011fmemi\u015f bir hazinedir. Bu hazine topra\u011f\u0131n y\u00fczeyine yak\u0131n noktada \u00f6ylece yatmakta ve niyeti olan\u0131n a\u00e7\u0131\u011fa \u00e7\u0131karmas\u0131n\u0131 beklemektedir. Bu i\u015fe g\u00f6nl\u00fcn\u00fc vermi\u015f biri, bir<span class=\"excerpt-hellip\"> [\u2026]<\/span><\/p>\n","protected":false},"featured_media":0,"template":"","meta":{"_monsterinsights_skip_tracking":false,"_monsterinsights_sitenote_active":false,"_monsterinsights_sitenote_note":"","_monsterinsights_sitenote_category":0},"product_brand":[],"product_cat":[12312,12304],"product_tag":[],"class_list":{"0":"post-781186","1":"product","2":"type-product","3":"status-publish","5":"product_cat-diger","6":"product_cat-tarih","7":"pa_cilt-ciltsiz","8":"pa_tur-kitap","9":"pa_yayinevi-zet-akademi-yayinlari","10":"pa_yazar-senol-eskin","12":"first","13":"instock","14":"sale","15":"shipping-taxable","16":"purchasable","17":"product-type-simple"},"_links":{"self":[{"href":"https:\/\/roveyayinevi.com.tr\/index.php\/wp-json\/wp\/v2\/product\/781186","targetHints":{"allow":["GET"]}}],"collection":[{"href":"https:\/\/roveyayinevi.com.tr\/index.php\/wp-json\/wp\/v2\/product"}],"about":[{"href":"https:\/\/roveyayinevi.com.tr\/index.php\/wp-json\/wp\/v2\/types\/product"}],"wp:attachment":[{"href":"https:\/\/roveyayinevi.com.tr\/index.php\/wp-json\/wp\/v2\/media?parent=781186"}],"wp:term":[{"taxonomy":"product_brand","embeddable":true,"href":"https:\/\/roveyayinevi.com.tr\/index.php\/wp-json\/wp\/v2\/product_brand?post=781186"},{"taxonomy":"product_cat","embeddable":true,"href":"https:\/\/roveyayinevi.com.tr\/index.php\/wp-json\/wp\/v2\/product_cat?post=781186"},{"taxonomy":"product_tag","embeddable":true,"href":"https:\/\/roveyayinevi.com.tr\/index.php\/wp-json\/wp\/v2\/product_tag?post=781186"}],"curies":[{"name":"wp","href":"https:\/\/api.w.org\/{rel}","templated":true}]}}