{"id":781181,"date":"2026-01-20T04:40:56","date_gmt":"2026-01-20T01:40:56","guid":{"rendered":"https:\/\/roveyayinevi.com.tr\/index.php\/urun\/bazen-3\/"},"modified":"2026-04-15T03:45:34","modified_gmt":"2026-04-15T00:45:34","slug":"bazen-3","status":"publish","type":"product","link":"https:\/\/roveyayinevi.com.tr\/index.php\/urun\/bazen-3\/","title":{"rendered":"Bazen"},"content":{"rendered":"<p>Bazen\u2026 Bir kelebek olup g\u00f6ky\u00fcz\u00fcnde kanat \u00e7\u0131rpmak istersin. Bazen bir ta\u015f olup d\u00fcnyay\u0131 sessizce dinlemek.   Bu kitap, bedeninle hik\u00e2yeler anlatman\u0131n, nefesinle hayal kurman\u0131n ve hareketlerinle kendini ifade etmenin d\u00fc\u015fsel bir davetidir!   Yoga pozlar\u0131yla; \u00e7ocuklara bedensel fark\u0131ndal\u0131k ve yarat\u0131c\u0131l\u0131k sunmakla kalmay\u0131p, sat\u0131r aralar\u0131na gizlenmi\u015f yumu\u015fac\u0131k bir sesle, b\u00fcy\u00fck k\u00fc\u00e7\u00fck herkesi i\u00e7sel bir yolculu\u011fa \u00e7a\u011f\u0131rmaktad\u0131r.   Her poz, bir hik\u00e2ye\u2026 Her hik\u00e2ye, kendi yolculu\u011funun bir par\u00e7as\u0131\u2026<\/p>\n","protected":false},"excerpt":{"rendered":"<p>Bazen\u2026 Bir kelebek olup g\u00f6ky\u00fcz\u00fcnde kanat \u00e7\u0131rpmak istersin. Bazen bir ta\u015f olup d\u00fcnyay\u0131 sessizce dinlemek. Bu kitap, bedeninle hik\u00e2yeler anlatman\u0131n, nefesinle hayal kurman\u0131n ve hareketlerinle kendini<span class=\"excerpt-hellip\"> [\u2026]<\/span><\/p>\n","protected":false},"featured_media":0,"template":"","meta":{"_monsterinsights_skip_tracking":false,"_monsterinsights_sitenote_active":false,"_monsterinsights_sitenote_note":"","_monsterinsights_sitenote_category":0},"product_brand":[],"product_cat":[12274,12284],"product_tag":[],"class_list":{"0":"post-781181","1":"product","2":"type-product","3":"status-publish","5":"product_cat-cocuk-ve-genclik-kitaplari","6":"product_cat-hikayeler","7":"pa_cilt-ciltsiz","8":"pa_tur-kitap","9":"pa_yayinevi-luna-cocuk-yayinlari","10":"pa_yazar-begum-ureten-abuaf-gozde-gunes","12":"first","13":"instock","14":"sale","15":"shipping-taxable","16":"purchasable","17":"product-type-simple"},"_links":{"self":[{"href":"https:\/\/roveyayinevi.com.tr\/index.php\/wp-json\/wp\/v2\/product\/781181","targetHints":{"allow":["GET"]}}],"collection":[{"href":"https:\/\/roveyayinevi.com.tr\/index.php\/wp-json\/wp\/v2\/product"}],"about":[{"href":"https:\/\/roveyayinevi.com.tr\/index.php\/wp-json\/wp\/v2\/types\/product"}],"wp:attachment":[{"href":"https:\/\/roveyayinevi.com.tr\/index.php\/wp-json\/wp\/v2\/media?parent=781181"}],"wp:term":[{"taxonomy":"product_brand","embeddable":true,"href":"https:\/\/roveyayinevi.com.tr\/index.php\/wp-json\/wp\/v2\/product_brand?post=781181"},{"taxonomy":"product_cat","embeddable":true,"href":"https:\/\/roveyayinevi.com.tr\/index.php\/wp-json\/wp\/v2\/product_cat?post=781181"},{"taxonomy":"product_tag","embeddable":true,"href":"https:\/\/roveyayinevi.com.tr\/index.php\/wp-json\/wp\/v2\/product_tag?post=781181"}],"curies":[{"name":"wp","href":"https:\/\/api.w.org\/{rel}","templated":true}]}}