{"id":781170,"date":"2026-01-20T04:40:41","date_gmt":"2026-01-20T01:40:41","guid":{"rendered":"https:\/\/roveyayinevi.com.tr\/index.php\/urun\/eczacibasi-fotografcilar-dizisi-16-manuel-citak\/"},"modified":"2026-04-15T03:45:34","modified_gmt":"2026-04-15T00:45:34","slug":"eczacibasi-fotografcilar-dizisi-16-manuel-citak","status":"publish","type":"product","link":"https:\/\/roveyayinevi.com.tr\/index.php\/urun\/eczacibasi-fotografcilar-dizisi-16-manuel-citak\/","title":{"rendered":"Eczac\u0131ba\u015f\u0131 Foto\u011fraf\u00e7\u0131lar Dizisi 16: Manuel \u00c7\u0131tak"},"content":{"rendered":"<p>Eczac\u0131ba\u015f\u0131 Foto\u011fraf\u00e7\u0131lar Dizisi\u2019nin yeni kitab\u0131 Manuel \u00c7\u0131tak, kitabevlerinde yerini al\u0131yor.Eczac\u0131ba\u015f\u0131 Toplulu\u011fu\u2019nun 50 y\u0131l\u0131 a\u015fk\u0131n bir ge\u00e7mi\u015fe sahip foto\u011fraf yay\u0131nc\u0131l\u0131\u011f\u0131 gelene\u011finin g\u00fcn\u00fcm\u00fczde en \u00f6nemli par\u00e7as\u0131 olan ve Dr. Nejat F. Eczac\u0131ba\u015f\u0131 Vakf\u0131 taraf\u0131ndan yay\u0131nlanan seri, her y\u0131l de\u011ferli bir foto\u011fraf\u00e7\u0131n\u0131n retrospektif kitab\u0131n\u0131, sanatsal b\u00fct\u00fcnl\u00fck i\u00e7inde ve referans kitap niteli\u011finde izleyicilere sunuyor.Dizinin 16. kitab\u0131 Manuel \u00c7\u0131tak\u2019a (1962-2023) ayr\u0131ld\u0131. Klasik belgesel \u00fcslubun yak\u0131n tarihteki en \u00f6nemli temsilcilerinden \u00c7\u0131tak, kusursuz kompozisyonlar\u0131 ve \u00f6znesine duyarl\u0131 yakla\u015f\u0131m\u0131yla t\u00fcm T\u00fcrkiye\u2019de ve d\u00fcnyan\u0131n farkl\u0131 noktalar\u0131nda kent ya\u015fam\u0131, portre, inan\u00e7, k\u0131y\u0131lar ve ada temal\u0131 dingin ancak \u00e7arp\u0131c\u0131 \u00e7al\u0131\u015fmalar\u0131yla \u00f6ne \u00e7\u0131k\u0131yor. Ya\u015fam\u0131n\u0131 serbest foto\u011fraf\u00e7\u0131 olarak s\u00fcrd\u00fcrm\u00fc\u015f olan \u00c7\u0131tak\u2019\u0131n son ki\u015fisel sergisi \u0130slomania\u2019dan ve \u00fcnl\u00fc Kilyos karelerinden \u00f6rneklerin de yer ald\u0131\u011f\u0131 geni\u015f se\u00e7ki, sanat\u00e7\u0131n\u0131n bu hacimdeki ilk kitab\u0131 olma \u00f6zelli\u011fini ta\u015f\u0131yor ve onu ilham verici ki\u015fili\u011fiyle gelece\u011fe ta\u015f\u0131yor.Konsept ve tasar\u0131m\u0131 B\u00fclent Erkmen\u2019e ait olan, edit\u00f6rl\u00fc\u011f\u00fcn\u00fc Orhan Cem \u00c7etin\u2019in \u00fcstlendi\u011fi Eczac\u0131ba\u015f\u0131 Foto\u011fraf\u00e7\u0131lar Dizisi\u2019nin on alt\u0131nc\u0131 kitab\u0131 Manuel \u00c7\u0131tak, T\u00fcrk\u00e7e ve \u0130ngilizce olarak iki dilde sunuluyor.<\/p>\n","protected":false},"excerpt":{"rendered":"<p>Eczac\u0131ba\u015f\u0131 Foto\u011fraf\u00e7\u0131lar Dizisi\u2019nin yeni kitab\u0131 Manuel \u00c7\u0131tak, kitabevlerinde yerini al\u0131yor.Eczac\u0131ba\u015f\u0131 Toplulu\u011fu\u2019nun 50 y\u0131l\u0131 a\u015fk\u0131n bir ge\u00e7mi\u015fe sahip foto\u011fraf yay\u0131nc\u0131l\u0131\u011f\u0131 gelene\u011finin g\u00fcn\u00fcm\u00fczde en \u00f6nemli par\u00e7as\u0131 olan ve<span class=\"excerpt-hellip\"> [\u2026]<\/span><\/p>\n","protected":false},"featured_media":0,"template":"","meta":{"_monsterinsights_skip_tracking":false,"_monsterinsights_sitenote_active":false,"_monsterinsights_sitenote_note":"","_monsterinsights_sitenote_category":0},"product_brand":[],"product_cat":[12409,12408],"product_tag":[],"class_list":{"0":"post-781170","1":"product","2":"type-product","3":"status-publish","5":"product_cat-fotograf-sinema-tiyatro","6":"product_cat-sanat","7":"pa_cilt-ciltsiz","8":"pa_tur-kitap","9":"pa_yayinevi-eczacibasi-vakfi-yayinlari","10":"pa_yazar-kolektif","12":"first","13":"instock","14":"sale","15":"shipping-taxable","16":"purchasable","17":"product-type-simple"},"_links":{"self":[{"href":"https:\/\/roveyayinevi.com.tr\/index.php\/wp-json\/wp\/v2\/product\/781170","targetHints":{"allow":["GET"]}}],"collection":[{"href":"https:\/\/roveyayinevi.com.tr\/index.php\/wp-json\/wp\/v2\/product"}],"about":[{"href":"https:\/\/roveyayinevi.com.tr\/index.php\/wp-json\/wp\/v2\/types\/product"}],"wp:attachment":[{"href":"https:\/\/roveyayinevi.com.tr\/index.php\/wp-json\/wp\/v2\/media?parent=781170"}],"wp:term":[{"taxonomy":"product_brand","embeddable":true,"href":"https:\/\/roveyayinevi.com.tr\/index.php\/wp-json\/wp\/v2\/product_brand?post=781170"},{"taxonomy":"product_cat","embeddable":true,"href":"https:\/\/roveyayinevi.com.tr\/index.php\/wp-json\/wp\/v2\/product_cat?post=781170"},{"taxonomy":"product_tag","embeddable":true,"href":"https:\/\/roveyayinevi.com.tr\/index.php\/wp-json\/wp\/v2\/product_tag?post=781170"}],"curies":[{"name":"wp","href":"https:\/\/api.w.org\/{rel}","templated":true}]}}