{"id":781167,"date":"2026-01-20T04:40:37","date_gmt":"2026-01-20T01:40:37","guid":{"rendered":"https:\/\/roveyayinevi.com.tr\/index.php\/urun\/cogito-119-bugun-sahne-nedir\/"},"modified":"2026-04-15T03:45:34","modified_gmt":"2026-04-15T00:45:34","slug":"cogito-119-bugun-sahne-nedir","status":"publish","type":"product","link":"https:\/\/roveyayinevi.com.tr\/index.php\/urun\/cogito-119-bugun-sahne-nedir\/","title":{"rendered":"Cogito 119  Bug\u00fcn, Sahne Nedir?"},"content":{"rendered":"<p>Mevsimlik d\u00fc\u015f\u00fcnce dergisi cogito\u2019nun Ayberk Erkay edit\u00f6rl\u00fc\u011f\u00fcnde haz\u0131rlanan \u201cBug\u00fcn, Sahne Nedir?\u201d dosyas\u0131, tiyatroya alan olarak hizmet eden mek\u00e2nlar\u0131n \u00e7o\u011fald\u0131\u011f\u0131, performans pratiklerinin disiplin s\u0131n\u0131rlar\u0131n\u0131 a\u015ft\u0131\u011f\u0131, dijital ara\u00e7lar\u0131n sahneyle i\u00e7 i\u00e7e ge\u00e7ti\u011fi, bedenin, sesin ve dilin yeni rejimler alt\u0131nda yeniden dola\u015f\u0131ma girdi\u011fi bir tarihsel e\u015fik olarak betimlenebilecek g\u00fcn\u00fcm\u00fczde, bu sorunun sadece estetik ya da teknik bir tart\u0131\u015fma ba\u015fl\u0131\u011f\u0131 olarak de\u011fil, politik, etik ve ontolojik bir mesele olarak \u015fekillendi\u011fi  kuramsal makaleler, denemeler ve s\u00f6yle\u015filerden olu\u015fuyor.   Bugu\u0308n, Sahne Nedir?! sorusu ayn\u0131 zamanda bir sorumluluktan bahsediyor: Kim konu\u015fuyor, kim konu\u015fam\u0131yor? Kim g\u00f6ru\u0308nu\u0308r, kim d\u0131\u015far\u0131da kal\u0131yor? Hangi estetik tercihler piyasa, fon ve u\u0308retim ko\u015fullar\u0131yla \u015fekilleniyor; hangileri ger\u00e7ekten risk al\u0131yor? Sahne, bugu\u0308n h\u00e2l\u00e2 birlikte du\u0308\u015fu\u0308nmenin, birlikte kar\u015f\u0131la\u015fman\u0131n ve birlikte direnmenin mu\u0308mku\u0308n oldu\u011fu bir alan olabilir mi? Bu dosya, bu sorular\u0131 yan\u0131tlamaktan \u00e7ok, onlar\u0131 a\u00e7\u0131k tutmay\u0131 ve sahnenin du\u0308\u015fu\u0308nsel gu\u0308cu\u0308nu\u0308 tam da bu a\u00e7\u0131kl\u0131kta aramay\u0131 \u00f6neriyor. Bu \u00e7er\u00e7evede bir araya gelen yaz\u0131lar, sahneyi kimi zaman tarihsel bir du\u0308zenek, kimi zaman ontolojik bir ara-yu\u0308zey, kimi zaman politik bir mu\u0308cadele alan\u0131, kimi zaman da kurgusal ve edeb\u00ee bir deneyim olarak ele al\u0131yor.     Cogito\u2019dan \u2022 Ayberk Erkay: Bug\u00fcn, Sahne Nedir?   Dosya: Bug\u00fcn, Sahne Nedir?   Nami Ba\u015fer \u2022 Sahne \u00dczerine \u00c7e\u015fitlemeler   Ayberk Erkay- Zeynep Say\u0131n \u2022 S\u00f6yle\u015fi: Sahneden Olaya   Beliz G\u00fc\u00e7bilmez \u2022 Tiyatro\/Metin\/Performans   Deniz Ba\u015far \u2022 S\u00f6m\u00fcrgecilik Sonras\u0131 Zeminde Bir Dili K\u00fcresel \u00d6l\u00e7ekte Tiyatro Sahnesinde Var Etmek   Delphine Edy \u2022 Ya\u015fam \u00d6yk\u00fcs\u00fcn\u00fcn \u00c7a\u011fda\u015f Sahnedeki Y\u00fckseli\u015fi   Melike Saba Ak\u0131m \u2022 \u00c7a\u011fda\u015f Sahne: Varl\u0131k-Yokluk Dikotomisinden S\u00fcbjektil Ontolojiye   Mutluhan \u0130zmir \u2022 A\u00e7\u0131l\u0131\u015f Sahnesi \u0130mago; Ben Bir \u00d6tekidir   Art Babayants \u2022 Queer Hisler ve \u00c7ok Dilli Tiyatro: Toronto ve Biraz da \u0130stanbul \u00dczerine Baz\u0131 D\u00fc\u015f\u00fcnceler   Susanna Fournier \u2022 Zemin Lav, Peki Sahne Nedir? 6 De\u011ferlendirme, Giri\u015fim, Yakla\u015f\u0131m, \u00d6neri   Zafer Aracag\u00f6k \u2022 Tiyatro \u2013 1   Kemal Aydo\u011fan- Emine Ayhan \u2022 S\u00f6yle\u015fi: \u201cB\u00fcy\u00fck PSM\u2019lerin \u00d6n\u00fcnde Garipsiyorduk\u201d: Sahne \u00dczerine Bir S\u00f6yle\u015fi   \u00d6zen Yula \u2022 G\u00fcn\u00fcm\u00fcz T\u00fcrk Tiyatrosu\u2019nda \u201c\u00c7e\u015fitlenme\u201d Sorunu   Burcu Yasemin \u015eeyben \u2022 Sahnenin Gelece\u011fi \u00dczerine Bilin\u00e7 Ak\u0131\u015fsal Bir Deneme   Ece Yass\u0131tepe Ayy\u0131ld\u0131z \u2022 Yeni Bir Sahnenin \u0130zinde: Dijital \u00c7a\u011fda Tiyatroya Dair Bir De\u011ferlendirme<\/p>\n","protected":false},"excerpt":{"rendered":"<p>Mevsimlik d\u00fc\u015f\u00fcnce dergisi cogito\u2019nun Ayberk Erkay edit\u00f6rl\u00fc\u011f\u00fcnde haz\u0131rlanan \u201cBug\u00fcn, Sahne Nedir?\u201d dosyas\u0131, tiyatroya alan olarak hizmet eden mek\u00e2nlar\u0131n \u00e7o\u011fald\u0131\u011f\u0131, performans pratiklerinin disiplin s\u0131n\u0131rlar\u0131n\u0131 a\u015ft\u0131\u011f\u0131, dijital ara\u00e7lar\u0131n<span class=\"excerpt-hellip\"> [\u2026]<\/span><\/p>\n","protected":false},"featured_media":0,"template":"","meta":{"_monsterinsights_skip_tracking":false,"_monsterinsights_sitenote_active":false,"_monsterinsights_sitenote_note":"","_monsterinsights_sitenote_category":0},"product_brand":[],"product_cat":[19460,13527],"product_tag":[],"class_list":{"0":"post-781167","1":"product","2":"type-product","3":"status-publish","5":"product_cat-felsefe-sureli-yayinlar","6":"product_cat-sureli-yayinlar","7":"pa_cilt-ciltsiz","8":"pa_tur-dergi","9":"pa_yayinevi-yapi-kredi-yayinlari-dergi","10":"pa_yazar-kolektif","12":"first","13":"instock","14":"sale","15":"shipping-taxable","16":"purchasable","17":"product-type-simple"},"_links":{"self":[{"href":"https:\/\/roveyayinevi.com.tr\/index.php\/wp-json\/wp\/v2\/product\/781167","targetHints":{"allow":["GET"]}}],"collection":[{"href":"https:\/\/roveyayinevi.com.tr\/index.php\/wp-json\/wp\/v2\/product"}],"about":[{"href":"https:\/\/roveyayinevi.com.tr\/index.php\/wp-json\/wp\/v2\/types\/product"}],"wp:attachment":[{"href":"https:\/\/roveyayinevi.com.tr\/index.php\/wp-json\/wp\/v2\/media?parent=781167"}],"wp:term":[{"taxonomy":"product_brand","embeddable":true,"href":"https:\/\/roveyayinevi.com.tr\/index.php\/wp-json\/wp\/v2\/product_brand?post=781167"},{"taxonomy":"product_cat","embeddable":true,"href":"https:\/\/roveyayinevi.com.tr\/index.php\/wp-json\/wp\/v2\/product_cat?post=781167"},{"taxonomy":"product_tag","embeddable":true,"href":"https:\/\/roveyayinevi.com.tr\/index.php\/wp-json\/wp\/v2\/product_tag?post=781167"}],"curies":[{"name":"wp","href":"https:\/\/api.w.org\/{rel}","templated":true}]}}