{"id":781164,"date":"2026-01-20T04:40:31","date_gmt":"2026-01-20T01:40:31","guid":{"rendered":"https:\/\/roveyayinevi.com.tr\/index.php\/urun\/misafir-ciltli-2\/"},"modified":"2026-04-15T03:45:34","modified_gmt":"2026-04-15T00:45:34","slug":"misafir-ciltli-2","status":"publish","type":"product","link":"https:\/\/roveyayinevi.com.tr\/index.php\/urun\/misafir-ciltli-2\/","title":{"rendered":"Misafir &#8211; Ciltli"},"content":{"rendered":"<p>\u201cO benim misafirim. Ve misafirim ne kadar isterse o kadar kalacak.\u201d   \u201cSenin misafirin olmak ba\u015f\u0131ma gelen en g\u00fczel \u015feydi&#8230;\u201d   Annesinin i\u015fledi\u011fi bir su\u00e7un g\u00f6lgesinde, cezaevinin so\u011fuk duvarlar\u0131 aras\u0131nda b\u00fcy\u00fcyen Eliz\u2019in hayat\u0131, bir gece tan\u0131k oldu\u011fu bir su\u00e7la tamamen de\u011fi\u015fir.   Art\u0131k yaln\u0131zca ge\u00e7mi\u015finin de\u011fil, mafyan\u0131n da hedefindedir. Ka\u00e7acak yeri, g\u00fcvenecek kimsesi yokken kader onu hi\u00e7 beklemedi\u011fi biriyle kar\u015f\u0131la\u015ft\u0131r\u0131r : Devrim Ali Y\u00f6ner.   Devrim, Eliz\u2019i \u00f6l\u00fcmden kurtar\u0131r. Onu pe\u015findeki mafya \u00f6rg\u00fct\u00fcnden koruyaca\u011f\u0131na, her \u015fey d\u00fczelene kadar evinde misafir edece\u011fine s\u00f6z verir fakat bu, \u00f6zg\u00fcrl\u00fc\u011fe a\u00e7\u0131lan bir kap\u0131 de\u011fil, karanl\u0131k s\u0131rlarla dolu ba\u015fka bir tutsakl\u0131\u011f\u0131n ba\u015flang\u0131c\u0131d\u0131r.   Eliz kendini bir gecede tehlikenin, g\u00fc\u00e7 oyunlar\u0131n\u0131n ve kimsenin ad\u0131n\u0131 koyamad\u0131\u011f\u0131 bir \u00e7ekimin merkezinde bulur. Peki Devrim\u2019in saklad\u0131\u011f\u0131 ger\u00e7ek, onlar\u0131 birbirine yakla\u015ft\u0131racak m\u0131 yoksa sonsuza dek ay\u0131racak m\u0131?<\/p>\n","protected":false},"excerpt":{"rendered":"<p>\u201cO benim misafirim. Ve misafirim ne kadar isterse o kadar kalacak.\u201d \u201cSenin misafirin olmak ba\u015f\u0131ma gelen en g\u00fczel \u015feydi&#8230;\u201d Annesinin i\u015fledi\u011fi bir su\u00e7un g\u00f6lgesinde, cezaevinin so\u011fuk<span class=\"excerpt-hellip\"> [\u2026]<\/span><\/p>\n","protected":false},"featured_media":0,"template":"","meta":{"_monsterinsights_skip_tracking":false,"_monsterinsights_sitenote_active":false,"_monsterinsights_sitenote_note":"","_monsterinsights_sitenote_category":0},"product_brand":[],"product_cat":[12291,12711],"product_tag":[],"class_list":{"0":"post-781164","1":"product","2":"type-product","3":"status-publish","5":"product_cat-edebiyat","6":"product_cat-roman-oyku","7":"pa_cilt-ciltli","8":"pa_tur-kitap","9":"pa_yayinevi-indigo-kitap","10":"pa_yazar-beyza-alkoc","12":"first","13":"instock","14":"sale","15":"shipping-taxable","16":"purchasable","17":"product-type-simple"},"_links":{"self":[{"href":"https:\/\/roveyayinevi.com.tr\/index.php\/wp-json\/wp\/v2\/product\/781164","targetHints":{"allow":["GET"]}}],"collection":[{"href":"https:\/\/roveyayinevi.com.tr\/index.php\/wp-json\/wp\/v2\/product"}],"about":[{"href":"https:\/\/roveyayinevi.com.tr\/index.php\/wp-json\/wp\/v2\/types\/product"}],"wp:attachment":[{"href":"https:\/\/roveyayinevi.com.tr\/index.php\/wp-json\/wp\/v2\/media?parent=781164"}],"wp:term":[{"taxonomy":"product_brand","embeddable":true,"href":"https:\/\/roveyayinevi.com.tr\/index.php\/wp-json\/wp\/v2\/product_brand?post=781164"},{"taxonomy":"product_cat","embeddable":true,"href":"https:\/\/roveyayinevi.com.tr\/index.php\/wp-json\/wp\/v2\/product_cat?post=781164"},{"taxonomy":"product_tag","embeddable":true,"href":"https:\/\/roveyayinevi.com.tr\/index.php\/wp-json\/wp\/v2\/product_tag?post=781164"}],"curies":[{"name":"wp","href":"https:\/\/api.w.org\/{rel}","templated":true}]}}