{"id":781159,"date":"2026-01-20T04:40:22","date_gmt":"2026-01-20T01:40:22","guid":{"rendered":"https:\/\/roveyayinevi.com.tr\/index.php\/urun\/beni-taniyor-musun-ben-bir-ayiyim-ciltli\/"},"modified":"2026-04-15T03:45:33","modified_gmt":"2026-04-15T00:45:33","slug":"beni-taniyor-musun-ben-bir-ayiyim-ciltli","status":"publish","type":"product","link":"https:\/\/roveyayinevi.com.tr\/index.php\/urun\/beni-taniyor-musun-ben-bir-ayiyim-ciltli\/","title":{"rendered":"Beni Tan\u0131yor Musun? Ben Bir Ay\u0131y\u0131m! (Ciltli)"},"content":{"rendered":"<p>Merhaba! Ben k\u00fc\u00e7\u00fck bir ay\u0131y\u0131m. Ormanda dola\u015fmay\u0131, karde\u015fimle oyunlar oynamay\u0131 \u00e7ok seviyorum. Annem bize kocaman ay\u0131lar\u0131n bilmesi gereken her \u015feyi \u00f6\u011fretiyor. Benimle tan\u0131\u015fmak ister misin? S\u0131cac\u0131k bir \u00f6yk\u00fc e\u015fli\u011finde do\u011fay\u0131 tan\u0131yoruz\u2026<\/p>\n","protected":false},"excerpt":{"rendered":"<p>Merhaba! Ben k\u00fc\u00e7\u00fck bir ay\u0131y\u0131m. Ormanda dola\u015fmay\u0131, karde\u015fimle oyunlar oynamay\u0131 \u00e7ok seviyorum. Annem bize kocaman ay\u0131lar\u0131n bilmesi gereken her \u015feyi \u00f6\u011fretiyor. Benimle tan\u0131\u015fmak ister misin? S\u0131cac\u0131k<span class=\"excerpt-hellip\"> [\u2026]<\/span><\/p>\n","protected":false},"featured_media":0,"template":"","meta":{"_monsterinsights_skip_tracking":false,"_monsterinsights_sitenote_active":false,"_monsterinsights_sitenote_note":"","_monsterinsights_sitenote_category":0},"product_brand":[],"product_cat":[12274,12518],"product_tag":[],"class_list":{"0":"post-781159","1":"product","2":"type-product","3":"status-publish","5":"product_cat-cocuk-ve-genclik-kitaplari","6":"product_cat-okul-oncesi-kitaplar","7":"pa_cilt-ciltli","8":"pa_tur-kitap","9":"pa_yayinevi-is-bankasi-kultur-yayinlari","10":"pa_yazar-andrea-weller-essers","12":"first","13":"instock","14":"sale","15":"shipping-taxable","16":"purchasable","17":"product-type-simple"},"_links":{"self":[{"href":"https:\/\/roveyayinevi.com.tr\/index.php\/wp-json\/wp\/v2\/product\/781159","targetHints":{"allow":["GET"]}}],"collection":[{"href":"https:\/\/roveyayinevi.com.tr\/index.php\/wp-json\/wp\/v2\/product"}],"about":[{"href":"https:\/\/roveyayinevi.com.tr\/index.php\/wp-json\/wp\/v2\/types\/product"}],"wp:attachment":[{"href":"https:\/\/roveyayinevi.com.tr\/index.php\/wp-json\/wp\/v2\/media?parent=781159"}],"wp:term":[{"taxonomy":"product_brand","embeddable":true,"href":"https:\/\/roveyayinevi.com.tr\/index.php\/wp-json\/wp\/v2\/product_brand?post=781159"},{"taxonomy":"product_cat","embeddable":true,"href":"https:\/\/roveyayinevi.com.tr\/index.php\/wp-json\/wp\/v2\/product_cat?post=781159"},{"taxonomy":"product_tag","embeddable":true,"href":"https:\/\/roveyayinevi.com.tr\/index.php\/wp-json\/wp\/v2\/product_tag?post=781159"}],"curies":[{"name":"wp","href":"https:\/\/api.w.org\/{rel}","templated":true}]}}