{"id":781149,"date":"2026-01-20T04:40:04","date_gmt":"2026-01-20T01:40:04","guid":{"rendered":"https:\/\/roveyayinevi.com.tr\/index.php\/urun\/ilk-genel-kultur-kitabim\/"},"modified":"2026-04-15T03:45:33","modified_gmt":"2026-04-15T00:45:33","slug":"ilk-genel-kultur-kitabim","status":"publish","type":"product","link":"https:\/\/roveyayinevi.com.tr\/index.php\/urun\/ilk-genel-kultur-kitabim\/","title":{"rendered":"\u0130lk Genel K\u00fclt\u00fcr Kitab\u0131m"},"content":{"rendered":"<p>Pek \u00e7ok konu ba\u015fl\u0131\u011f\u0131nda birbirinden ilgin\u00e7 bilgiler edinmek ister misin? O halde bu kitap tam sana g\u00f6re!<\/p>\n","protected":false},"excerpt":{"rendered":"<p>Pek \u00e7ok konu ba\u015fl\u0131\u011f\u0131nda birbirinden ilgin\u00e7 bilgiler edinmek ister misin? O halde bu kitap tam sana g\u00f6re!<\/p>\n","protected":false},"featured_media":0,"template":"","meta":{"_monsterinsights_skip_tracking":false,"_monsterinsights_sitenote_active":false,"_monsterinsights_sitenote_note":"","_monsterinsights_sitenote_category":0},"product_brand":[],"product_cat":[13829,12274],"product_tag":[],"class_list":{"0":"post-781149","1":"product","2":"type-product","3":"status-publish","5":"product_cat-bilimsel-kitaplar","6":"product_cat-cocuk-ve-genclik-kitaplari","7":"pa_cilt-ciltsiz","8":"pa_tur-kitap","9":"pa_yayinevi-is-bankasi-kultur-yayinlari","10":"pa_yazar-james-maclaine","12":"first","13":"instock","14":"sale","15":"shipping-taxable","16":"purchasable","17":"product-type-simple"},"_links":{"self":[{"href":"https:\/\/roveyayinevi.com.tr\/index.php\/wp-json\/wp\/v2\/product\/781149","targetHints":{"allow":["GET"]}}],"collection":[{"href":"https:\/\/roveyayinevi.com.tr\/index.php\/wp-json\/wp\/v2\/product"}],"about":[{"href":"https:\/\/roveyayinevi.com.tr\/index.php\/wp-json\/wp\/v2\/types\/product"}],"wp:attachment":[{"href":"https:\/\/roveyayinevi.com.tr\/index.php\/wp-json\/wp\/v2\/media?parent=781149"}],"wp:term":[{"taxonomy":"product_brand","embeddable":true,"href":"https:\/\/roveyayinevi.com.tr\/index.php\/wp-json\/wp\/v2\/product_brand?post=781149"},{"taxonomy":"product_cat","embeddable":true,"href":"https:\/\/roveyayinevi.com.tr\/index.php\/wp-json\/wp\/v2\/product_cat?post=781149"},{"taxonomy":"product_tag","embeddable":true,"href":"https:\/\/roveyayinevi.com.tr\/index.php\/wp-json\/wp\/v2\/product_tag?post=781149"}],"curies":[{"name":"wp","href":"https:\/\/api.w.org\/{rel}","templated":true}]}}