{"id":781141,"date":"2026-01-20T04:39:51","date_gmt":"2026-01-20T01:39:51","guid":{"rendered":"https:\/\/roveyayinevi.com.tr\/index.php\/urun\/cabuk-bana-pozitif-bir-seyler-soyle\/"},"modified":"2026-04-15T03:45:33","modified_gmt":"2026-04-15T00:45:33","slug":"cabuk-bana-pozitif-bir-seyler-soyle","status":"publish","type":"product","link":"https:\/\/roveyayinevi.com.tr\/index.php\/urun\/cabuk-bana-pozitif-bir-seyler-soyle\/","title":{"rendered":"\u00c7abuk Bana Pozitif Bir \u015eeyler S\u00f6yle"},"content":{"rendered":"<p>Kendine has \u00e7izgisi ile tan\u0131nan Sama Bada, bug\u00fcne kadarki en kapsaml\u0131 eserini Bambuk Yay\u0131nevi arac\u0131l\u0131\u011f\u0131ylaokurlar\u0131yla bulu\u015fturuyor. Tam 1370 karikat\u00fcrden olu\u015fan bu dev se\u00e7ki, klasik bir mizah kitab\u0131n\u0131n s\u0131n\u0131rlar\u0131n\u0131zorlayarak okuru tekinsiz bir g\u00f6rsel yolculu\u011fa \u00e7\u0131kar\u0131yor.Sama Bada\u2019n\u0131n \u00e7izgileri, al\u0131\u015f\u0131la geldik \u201cg\u00fcld\u00fcr\u00fc\u201d \u00f6\u011felerinden ziyade; insan\u0131n i\u00e7ine, yaln\u0131zl\u0131\u011f\u0131na ve modernhayat\u0131n abs\u00fcrtl\u00fc\u011f\u00fcne odaklan\u0131yor. Eser, okura kahkaha vadetmek yerine, her karede durup d\u00fc\u015f\u00fcnece\u011fi,bazen rahats\u0131z olaca\u011f\u0131, bazen de kendi sessizli\u011fiyle bulu\u015faca\u011f\u0131 bir deneyim sunuyor.\u201cGiri\u015fi ve \u00c7\u0131k\u0131\u015f\u0131 Olmayan Bir Sanr\u0131\u201dBu eser, bir kitaptan \u00e7ok, okurun her sayfas\u0131nda \u201chayat\u0131 kuytulardan izleyenlerin\u201d d\u00fcnyas\u0131na tan\u0131kl\u0131k edece\u011fita\u015f\u0131nabilir bir sergi niteli\u011finde.\u00c7abuk Bana Pozitif Bir \u015eeyler S\u00f6yle, mizah\u0131 sadece g\u00fclmek i\u00e7in de\u011fil, anlamak ve katlanmak i\u00e7in t\u00fcketenkoleksiyonerler ve okurlar i\u00e7in.<\/p>\n","protected":false},"excerpt":{"rendered":"<p>Kendine has \u00e7izgisi ile tan\u0131nan Sama Bada, bug\u00fcne kadarki en kapsaml\u0131 eserini Bambuk Yay\u0131nevi arac\u0131l\u0131\u011f\u0131ylaokurlar\u0131yla bulu\u015fturuyor. Tam 1370 karikat\u00fcrden olu\u015fan bu dev se\u00e7ki, klasik bir mizah<span class=\"excerpt-hellip\"> [\u2026]<\/span><\/p>\n","protected":false},"featured_media":0,"template":"","meta":{"_monsterinsights_skip_tracking":false,"_monsterinsights_sitenote_active":false,"_monsterinsights_sitenote_note":"","_monsterinsights_sitenote_category":0},"product_brand":[],"product_cat":[12291,14825],"product_tag":[],"class_list":{"0":"post-781141","1":"product","2":"type-product","3":"status-publish","5":"product_cat-edebiyat","6":"product_cat-mizah","7":"pa_cilt-ciltsiz","8":"pa_tur-kitap","9":"pa_yayinevi-bambuk-yayinevi","10":"pa_yazar-sama-bada","12":"first","13":"instock","14":"sale","15":"shipping-taxable","16":"purchasable","17":"product-type-simple"},"_links":{"self":[{"href":"https:\/\/roveyayinevi.com.tr\/index.php\/wp-json\/wp\/v2\/product\/781141","targetHints":{"allow":["GET"]}}],"collection":[{"href":"https:\/\/roveyayinevi.com.tr\/index.php\/wp-json\/wp\/v2\/product"}],"about":[{"href":"https:\/\/roveyayinevi.com.tr\/index.php\/wp-json\/wp\/v2\/types\/product"}],"wp:attachment":[{"href":"https:\/\/roveyayinevi.com.tr\/index.php\/wp-json\/wp\/v2\/media?parent=781141"}],"wp:term":[{"taxonomy":"product_brand","embeddable":true,"href":"https:\/\/roveyayinevi.com.tr\/index.php\/wp-json\/wp\/v2\/product_brand?post=781141"},{"taxonomy":"product_cat","embeddable":true,"href":"https:\/\/roveyayinevi.com.tr\/index.php\/wp-json\/wp\/v2\/product_cat?post=781141"},{"taxonomy":"product_tag","embeddable":true,"href":"https:\/\/roveyayinevi.com.tr\/index.php\/wp-json\/wp\/v2\/product_tag?post=781141"}],"curies":[{"name":"wp","href":"https:\/\/api.w.org\/{rel}","templated":true}]}}