{"id":781137,"date":"2026-01-20T04:39:45","date_gmt":"2026-01-20T01:39:45","guid":{"rendered":"https:\/\/roveyayinevi.com.tr\/index.php\/urun\/komunist-parti-manifestosu-ciltli\/"},"modified":"2026-04-15T03:45:32","modified_gmt":"2026-04-15T00:45:32","slug":"komunist-parti-manifestosu-ciltli","status":"publish","type":"product","link":"https:\/\/roveyayinevi.com.tr\/index.php\/urun\/komunist-parti-manifestosu-ciltli\/","title":{"rendered":"Kom\u00fcnist Parti Manifestosu (Ciltli)"},"content":{"rendered":"<p>Karl Marx (1818-1883), Friedrich Engels (1820-1895): Bilimsel sosyalizmin kurucular\u0131. Kom\u00fcnist Parti Manifestosu, k\u0131rk y\u0131l\u0131 bulan dostluklar\u0131nda birlikte pek \u00e7ok esere imza atan Marx ve Engels\u2019in ku\u015fkusuz en \u00e7arp\u0131c\u0131 \u00e7al\u0131\u015fmalar\u0131ndan biridir. Ate\u015fli retori\u011fi, keskin ve derine i\u015fleyen mecazlar\u0131yla Manifesto, burjuva s\u0131n\u0131f\u0131n\u0131n tarihsel ve devrimci rol\u00fcn\u00fcn hakk\u0131n\u0131 teslim ederek s\u00f6ze ba\u015flar fakat ele\u015ftirel bak\u0131\u015f ilerledik\u00e7e burjuvazinin toplumsal ve ahlaki kodlar\u0131, siyasi riyak\u00e2rl\u0131klar\u0131 ve k\u00fclt\u00fcrel kofluklar\u0131 sert bir ironiyle if\u015fa edilir. Yaln\u0131zca siyasi de\u011fil, edeb\u00ee de olan bu if\u015fa yo\u011funla\u015ft\u0131k\u00e7a bamba\u015fka bir hakikat de g\u00fcn y\u00fcz\u00fcne \u00e7\u0131kar: Burjuvazi iktisaden ve siyaseten y\u00fckselirken kendisini y\u0131kacak g\u00fc\u00e7leri de d\u00fcnya sahnesine ta\u015f\u0131m\u0131\u015f, kendi \u201cmezar kaz\u0131c\u0131lar\u0131n\u0131\u201d, proletaryay\u0131 da yaratmak zorunda kalm\u0131\u015ft\u0131r. Ezenler ve ezilenler aras\u0131ndaki \u00e7etin ve hen\u00fcz nihayete ermemi\u015f bir m\u00fccadelenin \u00f6znesi olarak proletarya, toplumsal ve bireysel kurtulu\u015fun habercisidir. Marx ve Engels\u2019e g\u00f6re \u201cdemokrasi m\u00fccadelesini kazanmakla\u201d m\u00fckellef olan proletarya, egemen s\u0131n\u0131flar\u0131n gadrine u\u011frayan, ad\u0131 san\u0131 an\u0131lmayan, bask\u0131 alt\u0131nda tutulan t\u00fcm toplumsal kesimlerin de \u00f6zg\u00fcrle\u015fme teminat\u0131d\u0131r.<\/p>\n","protected":false},"excerpt":{"rendered":"<p>Karl Marx (1818-1883), Friedrich Engels (1820-1895): Bilimsel sosyalizmin kurucular\u0131. Kom\u00fcnist Parti Manifestosu, k\u0131rk y\u0131l\u0131 bulan dostluklar\u0131nda birlikte pek \u00e7ok esere imza atan Marx ve Engels\u2019in ku\u015fkusuz<span class=\"excerpt-hellip\"> [\u2026]<\/span><\/p>\n","protected":false},"featured_media":0,"template":"","meta":{"_monsterinsights_skip_tracking":false,"_monsterinsights_sitenote_active":false,"_monsterinsights_sitenote_note":"","_monsterinsights_sitenote_category":0},"product_brand":[],"product_cat":[12337],"product_tag":[],"class_list":{"0":"post-781137","1":"product","2":"type-product","3":"status-publish","5":"product_cat-politika-siyaset","6":"pa_cilt-ciltli","7":"pa_tur-kitap","8":"pa_yayinevi-is-bankasi-kultur-yayinlari","9":"pa_yazar-friedrich-engels-karl-marx","11":"first","12":"instock","13":"sale","14":"shipping-taxable","15":"purchasable","16":"product-type-simple"},"_links":{"self":[{"href":"https:\/\/roveyayinevi.com.tr\/index.php\/wp-json\/wp\/v2\/product\/781137","targetHints":{"allow":["GET"]}}],"collection":[{"href":"https:\/\/roveyayinevi.com.tr\/index.php\/wp-json\/wp\/v2\/product"}],"about":[{"href":"https:\/\/roveyayinevi.com.tr\/index.php\/wp-json\/wp\/v2\/types\/product"}],"wp:attachment":[{"href":"https:\/\/roveyayinevi.com.tr\/index.php\/wp-json\/wp\/v2\/media?parent=781137"}],"wp:term":[{"taxonomy":"product_brand","embeddable":true,"href":"https:\/\/roveyayinevi.com.tr\/index.php\/wp-json\/wp\/v2\/product_brand?post=781137"},{"taxonomy":"product_cat","embeddable":true,"href":"https:\/\/roveyayinevi.com.tr\/index.php\/wp-json\/wp\/v2\/product_cat?post=781137"},{"taxonomy":"product_tag","embeddable":true,"href":"https:\/\/roveyayinevi.com.tr\/index.php\/wp-json\/wp\/v2\/product_tag?post=781137"}],"curies":[{"name":"wp","href":"https:\/\/api.w.org\/{rel}","templated":true}]}}