{"id":781128,"date":"2026-01-20T04:39:27","date_gmt":"2026-01-20T01:39:27","guid":{"rendered":"https:\/\/roveyayinevi.com.tr\/index.php\/urun\/bunyo-vucudumuzun-kucuk-sirlari\/"},"modified":"2026-04-08T03:42:35","modified_gmt":"2026-04-08T00:42:35","slug":"bunyo-vucudumuzun-kucuk-sirlari","status":"publish","type":"product","link":"https:\/\/roveyayinevi.com.tr\/index.php\/urun\/bunyo-vucudumuzun-kucuk-sirlari\/","title":{"rendered":"B\u00fcnyo V\u00fccudumuzun K\u00fc\u00e7\u00fck S\u0131rlar\u0131"},"content":{"rendered":"<p>V\u00fccudunun sana anlatmak istedi\u011fi bir \u015fey olabilir mi? Dilara&#8217;n\u0131n iki d\u00fcnyas\u0131 var: Okulda ge\u00e7en s\u0131radan g\u00fcnleri ve konu\u015fan kedisi B\u00fcnyo&#8217;yla girdi\u011fi gizli ama e\u011flenceli bir d\u00fcnya.  Bu d\u00fcnyada organlar \u00e7al\u0131\u015f\u0131r, h\u00fccreler i\u015f birli\u011fi yapar ve v\u00fccut, kendi dilince konu\u015fur.  En yak\u0131n arkada\u015f\u0131 hastaland\u0131\u011f\u0131nda Dilara, B\u00fcnyo&#8217;yla birlikte v\u00fccudun i\u00e7ine do\u011fru \u015fa\u015f\u0131rt\u0131c\u0131 bir yolculu\u011fa \u00e7\u0131kar. K\u0131zam\u0131k, grip, \u015fi\u015fmi\u015f bademcikler ve ka\u015f\u0131nd\u0131ran misafirlerle kar\u015f\u0131la\u015f\u0131rken her macera ona bedenini dinlemeyi ve iyile\u015fmenin nas\u0131l ger\u00e7ekle\u015fti\u011fini \u00f6\u011fretir.  B\u00fcnyo&#8217;yla her sayfada yeni bir s\u00fcrprize haz\u0131r olun!<\/p>\n","protected":false},"excerpt":{"rendered":"<p>V\u00fccudunun sana anlatmak istedi\u011fi bir \u015fey olabilir mi? Dilara&#8217;n\u0131n iki d\u00fcnyas\u0131 var: Okulda ge\u00e7en s\u0131radan g\u00fcnleri ve konu\u015fan kedisi B\u00fcnyo&#8217;yla girdi\u011fi gizli ama e\u011flenceli bir d\u00fcnya.<span class=\"excerpt-hellip\"> [\u2026]<\/span><\/p>\n","protected":false},"featured_media":0,"template":"","meta":{"_monsterinsights_skip_tracking":false,"_monsterinsights_sitenote_active":false,"_monsterinsights_sitenote_note":"","_monsterinsights_sitenote_category":0},"product_brand":[],"product_cat":[12274,12284],"product_tag":[],"class_list":{"0":"post-781128","1":"product","2":"type-product","3":"status-publish","5":"product_cat-cocuk-ve-genclik-kitaplari","6":"product_cat-hikayeler","7":"pa_cilt-ciltsiz","8":"pa_tur-kitap","9":"pa_yayinevi-timas-cocuk","10":"pa_yazar-dilara-sari","12":"first","13":"instock","14":"sale","15":"shipping-taxable","16":"purchasable","17":"product-type-simple"},"_links":{"self":[{"href":"https:\/\/roveyayinevi.com.tr\/index.php\/wp-json\/wp\/v2\/product\/781128","targetHints":{"allow":["GET"]}}],"collection":[{"href":"https:\/\/roveyayinevi.com.tr\/index.php\/wp-json\/wp\/v2\/product"}],"about":[{"href":"https:\/\/roveyayinevi.com.tr\/index.php\/wp-json\/wp\/v2\/types\/product"}],"wp:attachment":[{"href":"https:\/\/roveyayinevi.com.tr\/index.php\/wp-json\/wp\/v2\/media?parent=781128"}],"wp:term":[{"taxonomy":"product_brand","embeddable":true,"href":"https:\/\/roveyayinevi.com.tr\/index.php\/wp-json\/wp\/v2\/product_brand?post=781128"},{"taxonomy":"product_cat","embeddable":true,"href":"https:\/\/roveyayinevi.com.tr\/index.php\/wp-json\/wp\/v2\/product_cat?post=781128"},{"taxonomy":"product_tag","embeddable":true,"href":"https:\/\/roveyayinevi.com.tr\/index.php\/wp-json\/wp\/v2\/product_tag?post=781128"}],"curies":[{"name":"wp","href":"https:\/\/api.w.org\/{rel}","templated":true}]}}