{"id":781123,"date":"2026-01-20T04:39:16","date_gmt":"2026-01-20T01:39:16","guid":{"rendered":"https:\/\/roveyayinevi.com.tr\/index.php\/urun\/zaman-kurabiyecisi\/"},"modified":"2026-04-15T03:45:32","modified_gmt":"2026-04-15T00:45:32","slug":"zaman-kurabiyecisi","status":"publish","type":"product","link":"https:\/\/roveyayinevi.com.tr\/index.php\/urun\/zaman-kurabiyecisi\/","title":{"rendered":"Zaman Kurabiyecisi"},"content":{"rendered":"<p>Ayda yaln\u0131zca bir kez kap\u0131lar\u0131n\u0131 a\u00e7an gizemli bir f\u0131r\u0131n, ge\u00e7mi\u015fe uzanan bir yolculuk ve herkesten saklanmas\u0131 gereken bir s\u0131r&#8230; Hanbyeol\u2019\u00fcn s\u0131radan hayat\u0131, Seonggeon hakk\u0131ndaki bir zorbal\u0131k s\u00f6ylentisiyle alt\u00fcst olur. Ger\u00e7ek g\u00fcn y\u00fcz\u00fcne \u00e7\u0131kmadan Seonggeon okuldan ayr\u0131lm\u0131\u015f ve gen\u00e7 k\u0131z\u0131n kalbinde kocaman bir soru i\u015fareti b\u0131rakm\u0131\u015ft\u0131r. Ama \u015fehrin bir k\u00f6\u015fesinde, zaman\u0131 geri ald\u0131\u011f\u0131 s\u00f6ylenen gizemli bir f\u0131r\u0131n vard\u0131r. Hanbyeol o f\u0131r\u0131n\u0131n kap\u0131s\u0131ndan i\u00e7eri girdi\u011finde, ge\u00e7mi\u015fe ad\u0131m atmakla kalmaz, \u00f6\u011frenmeye haz\u0131r olmad\u0131\u011f\u0131 bir ger\u00e7ekle de y\u00fczle\u015fir. Bu, g\u00f6r\u00fcneni de\u011fil, ger\u00e7e\u011fi se\u00e7menin ve insan\u0131n sevdiklerini kaybetmemesi u\u011fruna tekrar tekrar sava\u015fmas\u0131n\u0131n hik\u00e2yesi&#8230;<\/p>\n","protected":false},"excerpt":{"rendered":"<p>Ayda yaln\u0131zca bir kez kap\u0131lar\u0131n\u0131 a\u00e7an gizemli bir f\u0131r\u0131n, ge\u00e7mi\u015fe uzanan bir yolculuk ve herkesten saklanmas\u0131 gereken bir s\u0131r&#8230; Hanbyeol\u2019\u00fcn s\u0131radan hayat\u0131, Seonggeon hakk\u0131ndaki bir zorbal\u0131k<span class=\"excerpt-hellip\"> [\u2026]<\/span><\/p>\n","protected":false},"featured_media":0,"template":"","meta":{"_monsterinsights_skip_tracking":false,"_monsterinsights_sitenote_active":false,"_monsterinsights_sitenote_note":"","_monsterinsights_sitenote_category":0},"product_brand":[],"product_cat":[12291,14777],"product_tag":[],"class_list":{"0":"post-781123","1":"product","2":"type-product","3":"status-publish","5":"product_cat-edebiyat","6":"product_cat-fantastik","7":"pa_cilt-ciltsiz","8":"pa_tur-kitap","9":"pa_yayinevi-yuzu-kitap","10":"pa_yazar-peom-yu-jin","12":"first","13":"instock","14":"sale","15":"shipping-taxable","16":"purchasable","17":"product-type-simple"},"_links":{"self":[{"href":"https:\/\/roveyayinevi.com.tr\/index.php\/wp-json\/wp\/v2\/product\/781123","targetHints":{"allow":["GET"]}}],"collection":[{"href":"https:\/\/roveyayinevi.com.tr\/index.php\/wp-json\/wp\/v2\/product"}],"about":[{"href":"https:\/\/roveyayinevi.com.tr\/index.php\/wp-json\/wp\/v2\/types\/product"}],"wp:attachment":[{"href":"https:\/\/roveyayinevi.com.tr\/index.php\/wp-json\/wp\/v2\/media?parent=781123"}],"wp:term":[{"taxonomy":"product_brand","embeddable":true,"href":"https:\/\/roveyayinevi.com.tr\/index.php\/wp-json\/wp\/v2\/product_brand?post=781123"},{"taxonomy":"product_cat","embeddable":true,"href":"https:\/\/roveyayinevi.com.tr\/index.php\/wp-json\/wp\/v2\/product_cat?post=781123"},{"taxonomy":"product_tag","embeddable":true,"href":"https:\/\/roveyayinevi.com.tr\/index.php\/wp-json\/wp\/v2\/product_tag?post=781123"}],"curies":[{"name":"wp","href":"https:\/\/api.w.org\/{rel}","templated":true}]}}