{"id":781117,"date":"2026-01-20T04:39:04","date_gmt":"2026-01-20T01:39:04","guid":{"rendered":"https:\/\/roveyayinevi.com.tr\/index.php\/urun\/muhalif-bir-tarihcinin-siyasetnamesi\/"},"modified":"2026-04-15T03:45:32","modified_gmt":"2026-04-15T00:45:32","slug":"muhalif-bir-tarihcinin-siyasetnamesi","status":"publish","type":"product","link":"https:\/\/roveyayinevi.com.tr\/index.php\/urun\/muhalif-bir-tarihcinin-siyasetnamesi\/","title":{"rendered":"Muhalif Bir Tarih\u00e7inin Siyasetnamesi"},"content":{"rendered":"<p>On yedinci y\u00fczy\u0131l\u0131n ba\u015flar\u0131ndan itibaren Osmanl\u0131 devlet sistemindeki aksakl\u0131klar\u0131n art\u0131k daha net g\u00f6r\u00fclmeye ba\u015fland\u0131\u011f\u0131 bilinmektedir. \u00d6zellikle siyasi ve asker\u00ee alanda ya\u015fanan olumsuzluklar Osmanl\u0131 devlet adamlar\u0131 ve d\u00fc\u015f\u00fcn\u00fcrlerini olduk\u00e7a endi\u015felendirmi\u015f ve \u00e7\u00f6z\u00fcm aray\u0131\u015flar\u0131na itmi\u015ftir. Daha \u00e7ok tarih\u00e7ili\u011fi ile bilinen bir Osmanl\u0131 m\u00fcellifi, devlet adam\u0131 ve sanat\u00e7\u0131s\u0131 olan Solakz\u00e2de Mehmed Hemdem\u00ee, devletin i\u00e7erisinde bulundu\u011fu durumu de\u011ferlendirdi\u011fi ve \u00e7\u00f6z\u00fcm \u00f6nerileri sundu\u011fu bir siyasetname kaleme alm\u0131\u015ft\u0131r. Eserine herhangi bir isim koymayan Solakz\u00e2de, bu metni kaleme al\u0131rken 1645\u2019te Girit seferi ile ba\u015flayan Osmanl\u0131-Venedik sava\u015f\u0131n\u0131n beklenmedik derecede ba\u015far\u0131s\u0131z gidi\u015fat\u0131n\u0131n etkisindedir.  G\u00fcncel siyasi krizin sebebi olarak g\u00f6rd\u00fc\u011f\u00fc kesimleri ve politikalar\u0131 ele\u015ftirir. \u00d6zellikle Girit sava\u015f\u0131n\u0131n k\u00f6t\u00fc seyrinin y\u00f6netimdeki yanl\u0131\u015flar\u0131n bir neticesi oldu\u011funu belirtir. Ancak eserin b\u00fcy\u00fck bir b\u00f6l\u00fcm\u00fc g\u00fcncel siyasetin \u00f6tesinde, iyi y\u00f6netimin evrensel ilkeleri denilebilecek hususlara ayr\u0131lm\u0131\u015ft\u0131r. K\u00e2tip \u00c7elebi gibi \u0130bn Halduncu bir yakla\u015f\u0131m takip eden Solakz\u00e2de\u2019nin devletin k\u00f6keni, \u00f6nemi, de\u011feri ve toplumsal yap\u0131 ile ili\u015fkisi konusuna \u00e7ok \u00f6nem verdi\u011fi g\u00f6r\u00fclmektedir. \u201cEmanetlerin ehline verilmesi\u201d konusunu vurgulayan ve olduk\u00e7a sert ele\u015ftiriler kaleme alan Solakz\u00e2de\u2019nin devlet adamlar\u0131n\u0131 ve ulemay\u0131 gerek ahlaki gerekse de ilmi a\u00e7\u0131dan ciddi \u015fekilde tenkit etmesi dikkat \u00e7eker. Mehmet \u015eakir Y\u0131lmaz\u2019\u0131n yay\u0131na haz\u0131rlad\u0131\u011f\u0131 ve Tima\u015f Akademi taraf\u0131ndan Muhalif Bir Tarih\u00e7inin Siyasetnamesi ba\u015fl\u0131\u011f\u0131yla literat\u00fcre kazand\u0131r\u0131lan bu eser, Osmanl\u0131 siyasi d\u00fc\u015f\u00fcnce tarihinde \u00f6nemli bir yer tutmaktad\u0131r.<\/p>\n","protected":false},"excerpt":{"rendered":"<p>On yedinci y\u00fczy\u0131l\u0131n ba\u015flar\u0131ndan itibaren Osmanl\u0131 devlet sistemindeki aksakl\u0131klar\u0131n art\u0131k daha net g\u00f6r\u00fclmeye ba\u015fland\u0131\u011f\u0131 bilinmektedir. \u00d6zellikle siyasi ve asker\u00ee alanda ya\u015fanan olumsuzluklar Osmanl\u0131 devlet adamlar\u0131 ve<span class=\"excerpt-hellip\"> [\u2026]<\/span><\/p>\n","protected":false},"featured_media":0,"template":"","meta":{"_monsterinsights_skip_tracking":false,"_monsterinsights_sitenote_active":false,"_monsterinsights_sitenote_note":"","_monsterinsights_sitenote_category":0},"product_brand":[],"product_cat":[12370,12304],"product_tag":[],"class_list":{"0":"post-781117","1":"product","2":"type-product","3":"status-publish","5":"product_cat-arastirma-inceleme","6":"product_cat-tarih","7":"pa_cilt-ciltsiz","8":"pa_tur-kitap","9":"pa_yayinevi-timas-akademi-yayinlari","10":"pa_yazar-solakzade-mehmed-hemdemi","12":"first","13":"instock","14":"sale","15":"shipping-taxable","16":"purchasable","17":"product-type-simple"},"_links":{"self":[{"href":"https:\/\/roveyayinevi.com.tr\/index.php\/wp-json\/wp\/v2\/product\/781117","targetHints":{"allow":["GET"]}}],"collection":[{"href":"https:\/\/roveyayinevi.com.tr\/index.php\/wp-json\/wp\/v2\/product"}],"about":[{"href":"https:\/\/roveyayinevi.com.tr\/index.php\/wp-json\/wp\/v2\/types\/product"}],"wp:attachment":[{"href":"https:\/\/roveyayinevi.com.tr\/index.php\/wp-json\/wp\/v2\/media?parent=781117"}],"wp:term":[{"taxonomy":"product_brand","embeddable":true,"href":"https:\/\/roveyayinevi.com.tr\/index.php\/wp-json\/wp\/v2\/product_brand?post=781117"},{"taxonomy":"product_cat","embeddable":true,"href":"https:\/\/roveyayinevi.com.tr\/index.php\/wp-json\/wp\/v2\/product_cat?post=781117"},{"taxonomy":"product_tag","embeddable":true,"href":"https:\/\/roveyayinevi.com.tr\/index.php\/wp-json\/wp\/v2\/product_tag?post=781117"}],"curies":[{"name":"wp","href":"https:\/\/api.w.org\/{rel}","templated":true}]}}