{"id":781116,"date":"2026-01-20T04:39:02","date_gmt":"2026-01-20T01:39:02","guid":{"rendered":"https:\/\/roveyayinevi.com.tr\/index.php\/urun\/turkiye-tarihi-1-yeniceri-ocaginin-kaldirilisindan-ii-mahmudun-olumune-kadar-1826-1839\/"},"modified":"2026-04-15T03:45:32","modified_gmt":"2026-04-15T00:45:32","slug":"turkiye-tarihi-1-yeniceri-ocaginin-kaldirilisindan-ii-mahmudun-olumune-kadar-1826-1839","status":"publish","type":"product","link":"https:\/\/roveyayinevi.com.tr\/index.php\/urun\/turkiye-tarihi-1-yeniceri-ocaginin-kaldirilisindan-ii-mahmudun-olumune-kadar-1826-1839\/","title":{"rendered":"T\u00fcrkiye Tarihi-1 \/ Yeni\u00e7eri Oca\u011f\u0131&#8217;n\u0131n Kald\u0131r\u0131l\u0131\u015f\u0131ndan II. Mahmud&#8217;un \u00d6l\u00fcm\u00fcne Kadar (1826-1839)"},"content":{"rendered":"<p>Georg Friedrich Wilhelm Rosen (1820-1891), diplomat olmakla beraber, asl\u0131nda \u00fcst derecelerde bir \u015eark uzman\u0131d\u0131r. \u015eark bilimleri ve dilleri sahas\u0131nda \u00f6nemli isimleri bar\u0131nd\u0131ran ailesinin sevkiyle, kendisi de bu sahaya y\u00f6nelmi\u015ftir. 1844 senesinde \u0130stanbul\u02bcda Prusya el\u00e7ili\u011fi terc\u00fcman\u0131 olarak bulunmu\u015f, 1852-1867 aras\u0131 Kud\u00fcs\u02bcte Prusya Konsoloslu\u011fu vazifesini ifa etmi\u015ftir.  Telif etti\u011fi \u00e7e\u015fitli eserler hakk\u0131nda elinizdeki kitapta gerekli bilgi verilmektedir. En \u00f6nemli eseri olan T\u00fcrkiye Tarihi\u02bcni de Kud\u00fcs\u02bcte bulundu\u011fu s\u0131rada yazm\u0131\u015ft\u0131r. 1867 ve 1875 y\u0131llar\u0131 aras\u0131nda Belgrad\u02bcdaki Kuzey Alman Konfederasyonu\u02bcnun (1871\u02bcden sonra Alman \u0130mparatorlu\u011fu) ba\u015fkonsoloslu\u011funu yapm\u0131\u015f ve 1875\u02bcte do\u011fdu\u011fu Detmold\u02bca geri d\u00f6nm\u00fc\u015ft\u00fcr. Rosen\u2019in kaleme ald\u0131\u011f\u0131, Osmanl\u0131 Tarihi, T\u00fcrkiye Tarihi ismi alt\u0131nda 2 cilt olarak yay\u0131mlanm\u0131\u015ft\u0131r. \u00d6zellikle II. Mahmud d\u00f6nemiyle alakal\u0131 yapt\u0131\u011f\u0131 orijinal \u00e7al\u0131\u015fmalarla bildi\u011fimiz Prof. Dr. Kemal Beydilli\u2019nin terc\u00fcme etti\u011fi eserin birinci cildi olan bu \u00e7al\u0131\u015fma, Yeni\u00e7eri Oca\u011f\u0131\u2019n\u0131n kald\u0131r\u0131l\u0131\u015f\u0131ndan Sultan II. Mahmud\u2019un vefat\u0131na kadar d\u00f6nemi ele almaktad\u0131r. 1866 ve 1867 y\u0131llar\u0131nda bas\u0131lan T\u00fcrkiye Tarihi, \u00f6zellikle bir diplomat elinden \u00e7\u0131kan bir diplomasi tarihi olmas\u0131 sebebiyle ayr\u0131 bir \u00f6nem ta\u015f\u0131r. Bu anlamda eser, diplomatik mahfillerde dola\u015fan bilgiler \u0131\u015f\u0131\u011f\u0131nda ve kulland\u0131\u011f\u0131 sair \u00f6nemli kaynaklar ve belgeler m\u00fcvacehesinde kaleme al\u0131nm\u0131\u015f \u00e7ok \u00f6nemli bir kaynakt\u0131r. Eser Sultan Mahmud\u02bcun vefat\u0131 ve o\u011flu Abd\u00fclmecid\u02bcin c\u00fclusuyla sona erer (1839). Rosen\u02bcin de\u011ferlendirmesini okuyal\u0131m: Sultan Mahmud \u00f6mr\u00fcn\u00fc, b\u00fct\u00fcn bu geli\u015fmelerin olumsuzluklar\u0131 i\u00e7inde ba\u015far\u0131s\u0131n\u0131n herhangi bir meyvesini tadamadan ge\u00e7irdi. Ama b\u00fct\u00fcn bunlara ra\u011fmen, eseri ya\u015famaktad\u0131r ve T\u00fcrk Devleti ayakta kald\u0131\u011f\u0131 m\u00fcddet\u00e7e de ya\u015fayacakt\u0131r&#8230; Sultan Mahmud, \u00f6l\u00fcm\u00fcn\u00fcn \u00fczerinden \u00e7eyrek y\u00fczy\u0131l ge\u00e7mi\u015f olmas\u0131na ra\u011fmen, B\u00fcy\u00fck Friedrich [\u00f6. 1786] ve Kayzer Joseph [\u00f6. 1790] gibi, hakk\u0131ndaki bitmez t\u00fckenmez anlat\u0131larla halk\u0131n dilinde ya\u015famaya devam eder; oysa o\u011flu ve halefi Abd\u00fclmecid, vefat\u0131 [1861] \u00fczerinden hen\u00fcz daha be\u015f sene ge\u00e7meden, bir \u00fcflemeyle s\u00f6nen mumun zulmeti i\u00e7inde haketti\u011fi nisy\u00e2n\u0131n karanl\u0131\u011f\u0131na g\u00f6m\u00fclm\u00fc\u015ft\u00fcr.<\/p>\n","protected":false},"excerpt":{"rendered":"<p>Georg Friedrich Wilhelm Rosen (1820-1891), diplomat olmakla beraber, asl\u0131nda \u00fcst derecelerde bir \u015eark uzman\u0131d\u0131r. \u015eark bilimleri ve dilleri sahas\u0131nda \u00f6nemli isimleri bar\u0131nd\u0131ran ailesinin sevkiyle, kendisi de<span class=\"excerpt-hellip\"> [\u2026]<\/span><\/p>\n","protected":false},"featured_media":0,"template":"","meta":{"_monsterinsights_skip_tracking":false,"_monsterinsights_sitenote_active":false,"_monsterinsights_sitenote_note":"","_monsterinsights_sitenote_category":0},"product_brand":[],"product_cat":[12304,13493],"product_tag":[],"class_list":{"0":"post-781116","1":"product","2":"type-product","3":"status-publish","5":"product_cat-tarih","6":"product_cat-turkiye-ve-cumhuriyet-tarihi","7":"pa_cilt-ciltli","8":"pa_tur-kitap","9":"pa_yayinevi-timas-yayinlari","10":"pa_yazar-georg-rosen","12":"first","13":"instock","14":"sale","15":"shipping-taxable","16":"purchasable","17":"product-type-simple"},"_links":{"self":[{"href":"https:\/\/roveyayinevi.com.tr\/index.php\/wp-json\/wp\/v2\/product\/781116","targetHints":{"allow":["GET"]}}],"collection":[{"href":"https:\/\/roveyayinevi.com.tr\/index.php\/wp-json\/wp\/v2\/product"}],"about":[{"href":"https:\/\/roveyayinevi.com.tr\/index.php\/wp-json\/wp\/v2\/types\/product"}],"wp:attachment":[{"href":"https:\/\/roveyayinevi.com.tr\/index.php\/wp-json\/wp\/v2\/media?parent=781116"}],"wp:term":[{"taxonomy":"product_brand","embeddable":true,"href":"https:\/\/roveyayinevi.com.tr\/index.php\/wp-json\/wp\/v2\/product_brand?post=781116"},{"taxonomy":"product_cat","embeddable":true,"href":"https:\/\/roveyayinevi.com.tr\/index.php\/wp-json\/wp\/v2\/product_cat?post=781116"},{"taxonomy":"product_tag","embeddable":true,"href":"https:\/\/roveyayinevi.com.tr\/index.php\/wp-json\/wp\/v2\/product_tag?post=781116"}],"curies":[{"name":"wp","href":"https:\/\/api.w.org\/{rel}","templated":true}]}}