{"id":781115,"date":"2026-01-20T04:39:00","date_gmt":"2026-01-20T01:39:00","guid":{"rendered":"https:\/\/roveyayinevi.com.tr\/index.php\/urun\/kudus-hacli-kralligi\/"},"modified":"2026-04-15T03:45:32","modified_gmt":"2026-04-15T00:45:32","slug":"kudus-hacli-kralligi","status":"publish","type":"product","link":"https:\/\/roveyayinevi.com.tr\/index.php\/urun\/kudus-hacli-kralligi\/","title":{"rendered":"Kud\u00fcs Ha\u00e7l\u0131 Krall\u0131\u011f\u0131"},"content":{"rendered":"<p>Ha\u00e7l\u0131 Seferleri \u201cmilyonlarca ba\u015f\u0131bo\u015f ba\u011fnaz\u0131n M\u00fcsl\u00fcmanlar\u0131 katletmek i\u00e7in Do\u011fu\u2019ya talana gelmesi\u201dnden ibaret miydi? Seferler sonras\u0131nda kurulan Kud\u00fcs Ha\u00e7l\u0131 Krall\u0131\u011f\u0131 ger\u00e7ekten yaln\u0131zca k\u0131l\u0131\u00e7lar\u0131n konu\u015ftu\u011fu bir sava\u015f alan\u0131 m\u0131yd\u0131? Yoksa Do\u011fu ile Bat\u0131\u2019n\u0131n i\u00e7 i\u00e7e ge\u00e7ti\u011fi, ticaretin, inanc\u0131n ve siyasetin ayn\u0131 anda y\u00fcr\u00fcd\u00fc\u011f\u00fc karma\u015f\u0131k bir d\u00fcnya m\u0131? D\u00f6nemin kudretli M\u00fcsl\u00fcman devletleri Ha\u00e7l\u0131 tehdidini neden bertaraf edemediler? Nas\u0131l oldu da kutsal Kud\u00fcs \u015fehri taraflar aras\u0131nda pazarl\u0131klara konu edildi?Dr. S\u00fcleyman Gen\u00e7, s\u00fcrekli sava\u015f haline ra\u011fmen ayakta kalmay\u0131 ba\u015faran Kud\u00fcs Ha\u00e7l\u0131 Krall\u0131\u011f\u0131\u2019n\u0131n, yani Ortado\u011fu\u2019nun ilk koloni devletinin anatomisini \u00e7\u0131kar\u0131yor.  Krall\u0131\u011f\u0131n sadece siyasi faaliyetlerini ve b\u00f6lgedeki M\u00fcsl\u00fcman devletlerle m\u00fccadelesini anlatm\u0131yor; ayn\u0131 zamanda \u0130slam co\u011frafyas\u0131na uyum sa\u011flamaya \u00e7al\u0131\u015fan Bat\u0131l\u0131 feodal devlet y\u00f6netimini, Do\u011fu Akdeniz\u2019deki ticari a\u011flara d\u00e2hil olma \u00e7abas\u0131n\u0131, liman \u015fehirleri \u00fczerinden Avrupa ile Levant aras\u0131ndaki mal ve bilgi ak\u0131\u015f\u0131n\u0131 da hik\u00e2yeye d\u00e2hil ediyor. Papal\u0131k, Bat\u0131l\u0131 krallar, asker\u00ee tarikatlar, M\u00fcsl\u00fcman devletler ve yerel unsurlar aras\u0131nda kurulan k\u0131r\u0131lgan dengeler \u00fczerinden d\u00f6nemin hukukunu, kurumlar\u0131n\u0131 ve ekonomisini de ele al\u0131yor.Sava\u015f\u0131n m\u00fctarekeyle, h\u0131rs\u0131n sab\u0131rla, d\u00fcnyevi tutkular\u0131n uhrevi gayelerle i\u00e7 i\u00e7e ge\u00e7ti\u011fi bir Ortado\u011fu tarihi\u2026<\/p>\n","protected":false},"excerpt":{"rendered":"<p>Ha\u00e7l\u0131 Seferleri \u201cmilyonlarca ba\u015f\u0131bo\u015f ba\u011fnaz\u0131n M\u00fcsl\u00fcmanlar\u0131 katletmek i\u00e7in Do\u011fu\u2019ya talana gelmesi\u201dnden ibaret miydi? Seferler sonras\u0131nda kurulan Kud\u00fcs Ha\u00e7l\u0131 Krall\u0131\u011f\u0131 ger\u00e7ekten yaln\u0131zca k\u0131l\u0131\u00e7lar\u0131n konu\u015ftu\u011fu bir sava\u015f alan\u0131<span class=\"excerpt-hellip\"> [\u2026]<\/span><\/p>\n","protected":false},"featured_media":0,"template":"","meta":{"_monsterinsights_skip_tracking":false,"_monsterinsights_sitenote_active":false,"_monsterinsights_sitenote_note":"","_monsterinsights_sitenote_category":0},"product_brand":[],"product_cat":[12370,12304],"product_tag":[],"class_list":{"0":"post-781115","1":"product","2":"type-product","3":"status-publish","5":"product_cat-arastirma-inceleme","6":"product_cat-tarih","7":"pa_cilt-ciltsiz","8":"pa_tur-kitap","9":"pa_yayinevi-timas-yayinlari","10":"pa_yazar-suleyman-genc","12":"first","13":"instock","14":"sale","15":"shipping-taxable","16":"purchasable","17":"product-type-simple"},"_links":{"self":[{"href":"https:\/\/roveyayinevi.com.tr\/index.php\/wp-json\/wp\/v2\/product\/781115","targetHints":{"allow":["GET"]}}],"collection":[{"href":"https:\/\/roveyayinevi.com.tr\/index.php\/wp-json\/wp\/v2\/product"}],"about":[{"href":"https:\/\/roveyayinevi.com.tr\/index.php\/wp-json\/wp\/v2\/types\/product"}],"wp:attachment":[{"href":"https:\/\/roveyayinevi.com.tr\/index.php\/wp-json\/wp\/v2\/media?parent=781115"}],"wp:term":[{"taxonomy":"product_brand","embeddable":true,"href":"https:\/\/roveyayinevi.com.tr\/index.php\/wp-json\/wp\/v2\/product_brand?post=781115"},{"taxonomy":"product_cat","embeddable":true,"href":"https:\/\/roveyayinevi.com.tr\/index.php\/wp-json\/wp\/v2\/product_cat?post=781115"},{"taxonomy":"product_tag","embeddable":true,"href":"https:\/\/roveyayinevi.com.tr\/index.php\/wp-json\/wp\/v2\/product_tag?post=781115"}],"curies":[{"name":"wp","href":"https:\/\/api.w.org\/{rel}","templated":true}]}}