{"id":781113,"date":"2026-01-20T04:38:56","date_gmt":"2026-01-20T01:38:56","guid":{"rendered":"https:\/\/roveyayinevi.com.tr\/index.php\/urun\/miras-toprak\/"},"modified":"2026-04-15T03:45:31","modified_gmt":"2026-04-15T00:45:31","slug":"miras-toprak","status":"publish","type":"product","link":"https:\/\/roveyayinevi.com.tr\/index.php\/urun\/miras-toprak\/","title":{"rendered":"Miras Toprak"},"content":{"rendered":"<p>Annesinin \u00f6l\u00fcm\u00fcn\u00fcn ard\u0131ndan Nevabacka\u2019ya d\u00f6nen bir kad\u0131n i\u00e7in bu yolculuk, yaln\u0131zca bir evi de\u011fil, d\u00f6rt y\u00fcz y\u0131la yay\u0131lan bir aile miras\u0131n\u0131 devralmak anlam\u0131na gelir. Duvarlara sinmi\u015f d\u00fczen, bekleyen talimatlar ve k\u00f6yl\u00fclerin bak\u0131\u015flar\u0131nda h\u00e2l\u00e2 ya\u015fayan bir soyad\u0131, onu topra\u011f\u0131n haf\u0131zas\u0131yla y\u00fcz y\u00fcze getirir. Orman, batakl\u0131k ve \u00e7iftlik d\u00f6rt y\u00fcz y\u0131ll\u0131k bir ailenin k\u00fclt\u00fcrel miras\u0131n\u0131 saklamaktad\u0131r.B\u00fcy\u00fcl\u00fc ger\u00e7ek\u00e7ili\u011fin incelikli diliyle \u00f6r\u00fclen hik\u00e2yede do\u011fa\u00fcst\u00fc olan, g\u00fcndelik hayat\u0131n ayr\u0131lmaz bir par\u00e7as\u0131na d\u00f6n\u00fc\u015f\u00fcr; her neslin b\u0131rakt\u0131\u011f\u0131 iz bir sonrakinin yolunu belirler. Toprak hem koruyan hem talep eden bir tan\u0131k gibidir.Yirmi \u00fc\u00e7 \u00fclkenin okuruyla bulu\u015fan Miras Toprak, insanla do\u011fa aras\u0131ndaki kadim ba\u011f\u0131, aile olman\u0131n a\u011f\u0131rl\u0131\u011f\u0131n\u0131 ve devral\u0131nan hayatlar\u0131n sessiz y\u00fck\u00fcn\u00fc anlatan b\u00fcy\u00fcleyici bir roman. \u201cZaman ve mek\u00e2na g\u00fc\u00e7l\u00fc bir \u015fekilde k\u00f6k salm\u0131\u015f, ancak insan kaderlerini tasvir ederkenki derinli\u011fi ve duygusuyla bug\u00fcne ta\u015f\u0131nan bir hik\u00e2ye. B\u00fcy\u00fcleyici, m\u00fcthi\u015f dokunakl\u0131 bir okuma deneyimi.\u201d\u2014 Johanna T\u00f6rn-Mangs, \u0130sve\u00e7 YLE Edebiyat \u00d6d\u00fcl\u00fc Direkt\u00f6r\u00fc. Finlandiyal\u0131 yazar Maria Turtschaninoff\u2019un m\u00fcthi\u015f roman\u0131 Miras Toprak, d\u00f6rt y\u00fczy\u0131l \u00f6nce Bothnia K\u00f6rfezi k\u0131y\u0131s\u0131nda bir asker taraf\u0131ndan in\u015fa edilen bir kul\u00fcbenin, burada y\u00fczy\u0131llar boyunca ya\u015fayan nesillerin ve erkekler batakl\u0131klarda ya\u015fayan varl\u0131klara verdikleri s\u00f6ze sad\u0131k kalmad\u0131\u011f\u0131nda uyanan bir lanetin hik\u00e2yesini anlat\u0131yor. Okuru i\u00e7ine \u00e7eken bir okuma deneyimi garanti.\u2014 Isabelle Falconnier<\/p>\n","protected":false},"excerpt":{"rendered":"<p>Annesinin \u00f6l\u00fcm\u00fcn\u00fcn ard\u0131ndan Nevabacka\u2019ya d\u00f6nen bir kad\u0131n i\u00e7in bu yolculuk, yaln\u0131zca bir evi de\u011fil, d\u00f6rt y\u00fcz y\u0131la yay\u0131lan bir aile miras\u0131n\u0131 devralmak anlam\u0131na gelir. Duvarlara sinmi\u015f<span class=\"excerpt-hellip\"> [\u2026]<\/span><\/p>\n","protected":false},"featured_media":0,"template":"","meta":{"_monsterinsights_skip_tracking":false,"_monsterinsights_sitenote_active":false,"_monsterinsights_sitenote_note":"","_monsterinsights_sitenote_category":0},"product_brand":[],"product_cat":[12291,12711],"product_tag":[],"class_list":{"0":"post-781113","1":"product","2":"type-product","3":"status-publish","5":"product_cat-edebiyat","6":"product_cat-roman-oyku","7":"pa_cilt-ciltsiz","8":"pa_tur-kitap","9":"pa_yayinevi-timas-yayinlari","10":"pa_yazar-maria-turtschaninoff","12":"first","13":"instock","14":"sale","15":"shipping-taxable","16":"purchasable","17":"product-type-simple"},"_links":{"self":[{"href":"https:\/\/roveyayinevi.com.tr\/index.php\/wp-json\/wp\/v2\/product\/781113","targetHints":{"allow":["GET"]}}],"collection":[{"href":"https:\/\/roveyayinevi.com.tr\/index.php\/wp-json\/wp\/v2\/product"}],"about":[{"href":"https:\/\/roveyayinevi.com.tr\/index.php\/wp-json\/wp\/v2\/types\/product"}],"wp:attachment":[{"href":"https:\/\/roveyayinevi.com.tr\/index.php\/wp-json\/wp\/v2\/media?parent=781113"}],"wp:term":[{"taxonomy":"product_brand","embeddable":true,"href":"https:\/\/roveyayinevi.com.tr\/index.php\/wp-json\/wp\/v2\/product_brand?post=781113"},{"taxonomy":"product_cat","embeddable":true,"href":"https:\/\/roveyayinevi.com.tr\/index.php\/wp-json\/wp\/v2\/product_cat?post=781113"},{"taxonomy":"product_tag","embeddable":true,"href":"https:\/\/roveyayinevi.com.tr\/index.php\/wp-json\/wp\/v2\/product_tag?post=781113"}],"curies":[{"name":"wp","href":"https:\/\/api.w.org\/{rel}","templated":true}]}}