{"id":781109,"date":"2026-01-20T04:38:50","date_gmt":"2026-01-20T01:38:50","guid":{"rendered":"https:\/\/roveyayinevi.com.tr\/index.php\/urun\/bebeklikten-ergenlige-dijital-ebeveynlik\/"},"modified":"2026-04-15T03:45:31","modified_gmt":"2026-04-15T00:45:31","slug":"bebeklikten-ergenlige-dijital-ebeveynlik","status":"publish","type":"product","link":"https:\/\/roveyayinevi.com.tr\/index.php\/urun\/bebeklikten-ergenlige-dijital-ebeveynlik\/","title":{"rendered":"Bebeklikten Ergenli\u011fe Dijital Ebeveynlik"},"content":{"rendered":"<p>Cihan \u00c7elik ve Abdullah Manap, Bebeklikten Ergenli\u011fe Dijital Ebeveynlik\u2019te, dijital teknolojilerin gebe oldu\u011fu risklerin ve f\u0131rsatlar\u0131n fark\u0131nda olan, \u00e7ocuklar\u0131n\u0131 dijital d\u00fcnyada kontrol edebilen ve olumlu rol model olabilen ebeveynlik tarz\u0131n\u0131 ele ald\u0131lar. \u0130\u00e7inde bulundu\u011fumuz \u00e7a\u011f, anne-babalara yeni sorumluluklar y\u00fckledi. 21. y\u00fczy\u0131l anne-babalar\u0131n\u0131n dijital ebeveynlik sorumluluklar\u0131n\u0131n fark\u0131nda olmas\u0131, hem \u00e7ocuklar\u0131n\u0131n ve kendilerinin ya\u015fam kalitesini artt\u0131rmak, hem de sa\u011fl\u0131kl\u0131 aile ili\u015fkileri kurmak a\u00e7\u0131s\u0131ndan art\u0131k bir zorunluluk haline geldi. Yazarlar, dijital ebeveynli\u011fi sadece \u00e7ocu\u011fun ekran kullan\u0131m\u0131 a\u00e7\u0131s\u0131ndan de\u011fil, geli\u015fimsel ihtiya\u00e7lar\u0131n\u0131 da g\u00f6zeten bir yakla\u015f\u0131mla ele al\u0131yorlar. Farkl\u0131 ya\u015f d\u00f6nemlerinde ortaya \u00e7\u0131kan ihtiya\u00e7lar\u0131 ve bunlar\u0131n dijital ara\u00e7larla etkile\u015fimini masaya yat\u0131r\u0131yor; uygulama \u00f6nerileri ve senaryolarla birlikte anne-babalara g\u00fczel bir pratik yapma olana\u011f\u0131 sa\u011fl\u0131yorlar.    Dijital ebeveynlik; yasaklarla de\u011fil, yak\u0131nl\u0131k, ileti\u015fim ve fark\u0131ndal\u0131kla geli\u015fir. \u00c7ocu\u011funuz b\u00fcy\u00fcd\u00fck\u00e7e ihtiya\u00e7lar\u0131 de\u011fi\u015fecek, ekranlarla ili\u015fkisi de sizin rehberli\u011finizle d\u00f6n\u00fc\u015fmeye devam edecektir. Teknolojik geli\u015fmeleri \u00e7ocu\u011funuz kadar iyi takip edemiyor veya onun kadar h\u0131zl\u0131 \u00f6\u011frenemiyor olabilirsiniz. Yine de \u00fcmitsizli\u011fe kap\u0131lmadan bu d\u00f6n\u00fc\u015f\u00fcm\u00fcn komuta merkezinde oldu\u011funuzun fark\u0131nda olmal\u0131s\u0131n\u0131z.<\/p>\n","protected":false},"excerpt":{"rendered":"<p>Cihan \u00c7elik ve Abdullah Manap, Bebeklikten Ergenli\u011fe Dijital Ebeveynlik\u2019te, dijital teknolojilerin gebe oldu\u011fu risklerin ve f\u0131rsatlar\u0131n fark\u0131nda olan, \u00e7ocuklar\u0131n\u0131 dijital d\u00fcnyada kontrol edebilen ve olumlu rol<span class=\"excerpt-hellip\"> [\u2026]<\/span><\/p>\n","protected":false},"featured_media":0,"template":"","meta":{"_monsterinsights_skip_tracking":false,"_monsterinsights_sitenote_active":false,"_monsterinsights_sitenote_note":"","_monsterinsights_sitenote_category":0},"product_brand":[],"product_cat":[12679,12357],"product_tag":[],"class_list":{"0":"post-781109","1":"product","2":"type-product","3":"status-publish","5":"product_cat-cocuk-psikolojisi","6":"product_cat-psikoloji","7":"pa_cilt-ciltsiz","8":"pa_tur-kitap","9":"pa_yayinevi-timas-yayinlari","10":"pa_yazar-abdullah-manap-cihan-celik","12":"first","13":"instock","14":"sale","15":"shipping-taxable","16":"purchasable","17":"product-type-simple"},"_links":{"self":[{"href":"https:\/\/roveyayinevi.com.tr\/index.php\/wp-json\/wp\/v2\/product\/781109","targetHints":{"allow":["GET"]}}],"collection":[{"href":"https:\/\/roveyayinevi.com.tr\/index.php\/wp-json\/wp\/v2\/product"}],"about":[{"href":"https:\/\/roveyayinevi.com.tr\/index.php\/wp-json\/wp\/v2\/types\/product"}],"wp:attachment":[{"href":"https:\/\/roveyayinevi.com.tr\/index.php\/wp-json\/wp\/v2\/media?parent=781109"}],"wp:term":[{"taxonomy":"product_brand","embeddable":true,"href":"https:\/\/roveyayinevi.com.tr\/index.php\/wp-json\/wp\/v2\/product_brand?post=781109"},{"taxonomy":"product_cat","embeddable":true,"href":"https:\/\/roveyayinevi.com.tr\/index.php\/wp-json\/wp\/v2\/product_cat?post=781109"},{"taxonomy":"product_tag","embeddable":true,"href":"https:\/\/roveyayinevi.com.tr\/index.php\/wp-json\/wp\/v2\/product_tag?post=781109"}],"curies":[{"name":"wp","href":"https:\/\/api.w.org\/{rel}","templated":true}]}}