{"id":781108,"date":"2026-01-20T04:38:47","date_gmt":"2026-01-20T01:38:47","guid":{"rendered":"https:\/\/roveyayinevi.com.tr\/index.php\/urun\/1868-sofya-ve-cihangirin-kitabi\/"},"modified":"2026-04-15T03:45:31","modified_gmt":"2026-04-15T00:45:31","slug":"1868-sofya-ve-cihangirin-kitabi","status":"publish","type":"product","link":"https:\/\/roveyayinevi.com.tr\/index.php\/urun\/1868-sofya-ve-cihangirin-kitabi\/","title":{"rendered":"1868 Sofya ve Cihangir\u2019in Kitab\u0131"},"content":{"rendered":"<p>Bu\u0308tu\u0308n \u0130stanbullar kurmacad\u0131r. Ve bazen en ger\u00e7ek \u0130stanbul\u2019u, bir kedi anlat\u0131r.   1868\u2026 \u0130stanbul\u2019un camiler, tekkeler, gizli ge\u00e7itler, ku\u0308tu\u0308phaneler ve karanl\u0131k sokaklarla \u00f6ru\u0308lu\u0308 gu\u0308nleri. \u0130\u015fte bu kentin s\u0131rlar\u0131n\u0131, bir kedi \u00e7\u00f6zmeye ba\u015flar.   Cihangir, ailesinden gelen g\u00f6lgeli miras\u0131n, kay\u0131p karde\u015fi Korkut\u2019un ve babas\u0131n\u0131n sustu\u011fu ge\u00e7mi\u015fin izlerini su\u0308rerken kendini hi\u00e7 tahmin etmedi\u011fi bir du\u0308nyan\u0131n i\u00e7inde bulur. Hac\u0131 Selim A\u011fa Ku\u0308tu\u0308phanesi\u2019nin duvarlar\u0131nda sakl\u0131 f\u0131s\u0131lt\u0131lar, \u00dcsku\u0308dar sokaklar\u0131na da\u011f\u0131lm\u0131\u015f kediler aras\u0131nda \u00f6rgu\u0308tlu\u0308 gizemli bir yap\u0131 ve tarihte ilk kez olu\u015fturulmaya \u00e7al\u0131\u015f\u0131lan kedi alfabesi\u2026    T\u00fcm bu tehlikelerin aras\u0131nda bir sabah Harem&#8217;de kar\u015f\u0131la\u015ft\u0131\u00ac\u011f\u0131 o bak\u0131\u015f ise her \u015feyi bozup yeniden kurar: Sofya. K\u0131z Kule\u00acsi&#8217; ne bakan bir duvar\u0131n \u00fczerindeki sessiz g\u00fczellik.   1868 Sofya ve Cihangir\u2019in Kitab\u0131; a\u015fk\u0131, gizemi, \u0130stanbul\u2019un tarihle yo\u011frulmu\u015f ruhunu ve bir kedinin du\u0308nyay\u0131 de\u011fi\u015ftirme ihtimalini bir araya getiren masals\u0131 bir anlat\u0131.<\/p>\n","protected":false},"excerpt":{"rendered":"<p>Bu\u0308tu\u0308n \u0130stanbullar kurmacad\u0131r. Ve bazen en ger\u00e7ek \u0130stanbul\u2019u, bir kedi anlat\u0131r. 1868\u2026 \u0130stanbul\u2019un camiler, tekkeler, gizli ge\u00e7itler, ku\u0308tu\u0308phaneler ve karanl\u0131k sokaklarla \u00f6ru\u0308lu\u0308 gu\u0308nleri. \u0130\u015fte bu kentin<span class=\"excerpt-hellip\"> [\u2026]<\/span><\/p>\n","protected":false},"featured_media":0,"template":"","meta":{"_monsterinsights_skip_tracking":false,"_monsterinsights_sitenote_active":false,"_monsterinsights_sitenote_note":"","_monsterinsights_sitenote_category":0},"product_brand":[],"product_cat":[12291,12711],"product_tag":[],"class_list":{"0":"post-781108","1":"product","2":"type-product","3":"status-publish","5":"product_cat-edebiyat","6":"product_cat-roman-oyku","7":"pa_cilt-ciltsiz","8":"pa_tur-kitap","9":"pa_yayinevi-timas-yayinlari","10":"pa_yazar-halil-ibrahim-izgi","12":"first","13":"instock","14":"sale","15":"shipping-taxable","16":"purchasable","17":"product-type-simple"},"_links":{"self":[{"href":"https:\/\/roveyayinevi.com.tr\/index.php\/wp-json\/wp\/v2\/product\/781108","targetHints":{"allow":["GET"]}}],"collection":[{"href":"https:\/\/roveyayinevi.com.tr\/index.php\/wp-json\/wp\/v2\/product"}],"about":[{"href":"https:\/\/roveyayinevi.com.tr\/index.php\/wp-json\/wp\/v2\/types\/product"}],"wp:attachment":[{"href":"https:\/\/roveyayinevi.com.tr\/index.php\/wp-json\/wp\/v2\/media?parent=781108"}],"wp:term":[{"taxonomy":"product_brand","embeddable":true,"href":"https:\/\/roveyayinevi.com.tr\/index.php\/wp-json\/wp\/v2\/product_brand?post=781108"},{"taxonomy":"product_cat","embeddable":true,"href":"https:\/\/roveyayinevi.com.tr\/index.php\/wp-json\/wp\/v2\/product_cat?post=781108"},{"taxonomy":"product_tag","embeddable":true,"href":"https:\/\/roveyayinevi.com.tr\/index.php\/wp-json\/wp\/v2\/product_tag?post=781108"}],"curies":[{"name":"wp","href":"https:\/\/api.w.org\/{rel}","templated":true}]}}