{"id":781105,"date":"2026-01-20T04:38:43","date_gmt":"2026-01-20T01:38:43","guid":{"rendered":"https:\/\/roveyayinevi.com.tr\/index.php\/urun\/muhasebe-denetimi-yonuyle-transfer-fiyatlandirmasi-ve-vergi-incelemesi\/"},"modified":"2026-04-15T03:45:31","modified_gmt":"2026-04-15T00:45:31","slug":"muhasebe-denetimi-yonuyle-transfer-fiyatlandirmasi-ve-vergi-incelemesi","status":"publish","type":"product","link":"https:\/\/roveyayinevi.com.tr\/index.php\/urun\/muhasebe-denetimi-yonuyle-transfer-fiyatlandirmasi-ve-vergi-incelemesi\/","title":{"rendered":"Muhasebe Denetimi Y\u00f6n\u00fcyle Transfer Fiyatland\u0131rmas\u0131 Ve Vergi \u0130ncelemesi"},"content":{"rendered":"<p>\u0130\u00e7indekiler :     1.      B\u00d6L\u00dcM TRANSFER F\u0130YATLANDIRMASININ KAVRAMSAL \u00c7ER\u00c7EVES\u0130   2.      B\u00d6L\u00dcM TRANSFER F\u0130YATLANDIRMASINA \u0130L\u0130\u015eK\u0130N ULUSLARARASI D\u00dcZENLEMELER VE GEL\u0130\u015eMELER   3.      B\u00d6L\u00dcM T\u00dcRK MEVZUATINDA \u0130L\u0130\u015eK\u0130L\u0130 K\u0130\u015e\u0130 KAVRAMLARI   4.      B\u00d6L\u00dcM T\u00dcRK VERG\u0130 S\u0130STEM\u0130NDE TRANSFER F\u0130YATLANDIRMASI \u0130LE \u0130LG\u0130L\u0130 D\u00dcZENLEMELER   5.      B\u00d6L\u00dcM VERG\u0130 \u0130NCELEMELER\u0130NDE TRANSFER F\u0130YATLANDIRMASI YAKLA\u015eIMLARI VE YARGI KARARLARININ DE\u011eERLEND\u0130R\u0130LMES\u0130<\/p>\n","protected":false},"excerpt":{"rendered":"<p>\u0130\u00e7indekiler : 1. B\u00d6L\u00dcM TRANSFER F\u0130YATLANDIRMASININ KAVRAMSAL \u00c7ER\u00c7EVES\u0130 2. B\u00d6L\u00dcM TRANSFER F\u0130YATLANDIRMASINA \u0130L\u0130\u015eK\u0130N ULUSLARARASI D\u00dcZENLEMELER VE GEL\u0130\u015eMELER 3. B\u00d6L\u00dcM T\u00dcRK MEVZUATINDA \u0130L\u0130\u015eK\u0130L\u0130 K\u0130\u015e\u0130 KAVRAMLARI 4. B\u00d6L\u00dcM<span class=\"excerpt-hellip\"> [\u2026]<\/span><\/p>\n","protected":false},"featured_media":0,"template":"","meta":{"_monsterinsights_skip_tracking":false,"_monsterinsights_sitenote_active":false,"_monsterinsights_sitenote_note":"","_monsterinsights_sitenote_category":0},"product_brand":[],"product_cat":[13043,14381],"product_tag":[],"class_list":{"0":"post-781105","1":"product","2":"type-product","3":"status-publish","5":"product_cat-ekonomi","6":"product_cat-isletme-muhasebe-maliye","7":"pa_cilt-ciltsiz","8":"pa_tur-kitap","9":"pa_yayinevi-gazi-kitabevi","10":"pa_yazar-sinan-aslan","12":"first","13":"instock","14":"sale","15":"shipping-taxable","16":"purchasable","17":"product-type-simple"},"_links":{"self":[{"href":"https:\/\/roveyayinevi.com.tr\/index.php\/wp-json\/wp\/v2\/product\/781105","targetHints":{"allow":["GET"]}}],"collection":[{"href":"https:\/\/roveyayinevi.com.tr\/index.php\/wp-json\/wp\/v2\/product"}],"about":[{"href":"https:\/\/roveyayinevi.com.tr\/index.php\/wp-json\/wp\/v2\/types\/product"}],"wp:attachment":[{"href":"https:\/\/roveyayinevi.com.tr\/index.php\/wp-json\/wp\/v2\/media?parent=781105"}],"wp:term":[{"taxonomy":"product_brand","embeddable":true,"href":"https:\/\/roveyayinevi.com.tr\/index.php\/wp-json\/wp\/v2\/product_brand?post=781105"},{"taxonomy":"product_cat","embeddable":true,"href":"https:\/\/roveyayinevi.com.tr\/index.php\/wp-json\/wp\/v2\/product_cat?post=781105"},{"taxonomy":"product_tag","embeddable":true,"href":"https:\/\/roveyayinevi.com.tr\/index.php\/wp-json\/wp\/v2\/product_tag?post=781105"}],"curies":[{"name":"wp","href":"https:\/\/api.w.org\/{rel}","templated":true}]}}