{"id":781094,"date":"2026-01-20T04:38:18","date_gmt":"2026-01-20T01:38:18","guid":{"rendered":"https:\/\/roveyayinevi.com.tr\/index.php\/urun\/tsundoku\/"},"modified":"2026-04-15T03:45:31","modified_gmt":"2026-04-15T00:45:31","slug":"tsundoku","status":"publish","type":"product","link":"https:\/\/roveyayinevi.com.tr\/index.php\/urun\/tsundoku\/","title":{"rendered":"Tsundoku"},"content":{"rendered":"<p>\u201cBir kitab\u0131 sevmek i\u00e7in onu bitirmeniz gerekmez.Bazen yaln\u0131zca varl\u0131\u011f\u0131 bile kalbinizi \u0131s\u0131t\u0131r.\u201dKitaplarla \u00e7evrili bir ev\u2026 Bundan daha huzurlu ne olabilir ki? Belki de bu huzurun s\u0131rr\u0131, raflarda usulca bekleyen bir kitab\u0131n size s\u00f6yledi\u011fi k\u00fc\u00e7\u00fcc\u00fck bir s\u00f6zde sakl\u0131d\u0131r: \u201cHi\u00e7 acelemiz yok!\u201d\u0130\u015fte tsundoku tam da bu hissi anlat\u0131r:Okunmam\u0131\u015f kitaplar\u0131 bir y\u00fck gibi g\u00f6rmek yerine, onlar\u0131 sevmenin hafifli\u011fini\u2026\u201cHepsini okumad\u0131m\u201d tela\u015f\u0131ndan \u00e7ok, \u201chepsini seviyorum\u201d mutlulu\u011funu\u2026\u00c7\u00fcnk\u00fc baz\u0131 kitaplar okunmak i\u00e7in de\u011fil, yan\u0131n\u0131zda durmak, sizi g\u00fcl\u00fcmsetmek, d\u00fcnyan\u0131z\u0131 g\u00fczelle\u015ftirmek i\u00e7in vard\u0131r\u2026<\/p>\n","protected":false},"excerpt":{"rendered":"<p>\u201cBir kitab\u0131 sevmek i\u00e7in onu bitirmeniz gerekmez.Bazen yaln\u0131zca varl\u0131\u011f\u0131 bile kalbinizi \u0131s\u0131t\u0131r.\u201dKitaplarla \u00e7evrili bir ev\u2026 Bundan daha huzurlu ne olabilir ki? Belki de bu huzurun s\u0131rr\u0131,<span class=\"excerpt-hellip\"> [\u2026]<\/span><\/p>\n","protected":false},"featured_media":0,"template":"","meta":{"_monsterinsights_skip_tracking":false,"_monsterinsights_sitenote_active":false,"_monsterinsights_sitenote_note":"","_monsterinsights_sitenote_category":0},"product_brand":[],"product_cat":[13072,12291],"product_tag":[],"class_list":{"0":"post-781094","1":"product","2":"type-product","3":"status-publish","5":"product_cat-arastirma-inceleme-referans","6":"product_cat-edebiyat","7":"pa_cilt-ciltsiz","8":"pa_tur-kitap","9":"pa_yayinevi-dogan-novus","10":"pa_yazar-taiki-raito-pym","12":"first","13":"instock","14":"sale","15":"shipping-taxable","16":"purchasable","17":"product-type-simple"},"_links":{"self":[{"href":"https:\/\/roveyayinevi.com.tr\/index.php\/wp-json\/wp\/v2\/product\/781094","targetHints":{"allow":["GET"]}}],"collection":[{"href":"https:\/\/roveyayinevi.com.tr\/index.php\/wp-json\/wp\/v2\/product"}],"about":[{"href":"https:\/\/roveyayinevi.com.tr\/index.php\/wp-json\/wp\/v2\/types\/product"}],"wp:attachment":[{"href":"https:\/\/roveyayinevi.com.tr\/index.php\/wp-json\/wp\/v2\/media?parent=781094"}],"wp:term":[{"taxonomy":"product_brand","embeddable":true,"href":"https:\/\/roveyayinevi.com.tr\/index.php\/wp-json\/wp\/v2\/product_brand?post=781094"},{"taxonomy":"product_cat","embeddable":true,"href":"https:\/\/roveyayinevi.com.tr\/index.php\/wp-json\/wp\/v2\/product_cat?post=781094"},{"taxonomy":"product_tag","embeddable":true,"href":"https:\/\/roveyayinevi.com.tr\/index.php\/wp-json\/wp\/v2\/product_tag?post=781094"}],"curies":[{"name":"wp","href":"https:\/\/api.w.org\/{rel}","templated":true}]}}