{"id":781087,"date":"2026-01-20T04:38:00","date_gmt":"2026-01-20T01:38:00","guid":{"rendered":"https:\/\/roveyayinevi.com.tr\/index.php\/urun\/abd-zalim-imparatorluk\/"},"modified":"2026-04-15T03:45:30","modified_gmt":"2026-04-15T00:45:30","slug":"abd-zalim-imparatorluk","status":"publish","type":"product","link":"https:\/\/roveyayinevi.com.tr\/index.php\/urun\/abd-zalim-imparatorluk\/","title":{"rendered":"ABD: Zalim \u0130mparatorluk"},"content":{"rendered":"<p>\u201cBar\u0131\u015f yanl\u0131s\u0131ym\u0131\u015f edas\u0131yla g\u00f6z boyayan, masum c\u00fcmlelerle sava\u015flar\u0131 k\u0131nayan, iki y\u00fczl\u00fc bir imparatorluk! D\u00fcnyadaki sava\u015flar\u0131n arkas\u0131ndaki g\u00fc\u00e7! ABD\u2026\u201d Amerika Birle\u015fik Devletleri, d\u00fcnya olaylar\u0131 \u00fczerinde en g\u00fc\u00e7l\u00fc istikrars\u0131zla\u015ft\u0131r\u0131c\u0131 etkiye sahip \u00fclke. \u0130\u015fte tam da bu nedenle d\u00fcnya bar\u0131\u015f\u0131 i\u00e7in en b\u00fcy\u00fck tehdidi olu\u015fturuyor. Bug\u00fcn d\u00fcnya genelinde ya\u015fanmakta olan hi\u00e7bir kaos tesad\u00fcf de\u011fil. Sava\u015flar, ekonomik buhranlar, zenginlik, fakirlik, l\u00fcks, sefalet, \u2026vs.1945\u2019ten bu yana hi\u00e7bir \u00fclke ABD kadar \u00e7ok \u00fclkeyi bombalamad\u0131, i\u00e7 i\u015flerine kar\u0131\u015fmad\u0131, bu kadar \u00e7ok h\u00fck\u00fcmeti devirmedi. D\u00fcnyadaki en fazla askeri \u00fcsse sahip, en \u00e7ok silah ihra\u00e7 eden ve en y\u00fcksek savunma b\u00fct\u00e7esini y\u00f6neten \u00fclke de yine ABD. Bu kitab\u0131 bitirdikten sonra okur ister istemez \u015funu d\u00fc\u015f\u00fcn\u00fcyor: Bu s\u00f6m\u00fcr\u00fc d\u00fczeni ve silah \u00fcreticileri d\u00fcnyada var olmaya devam ettikleri s\u00fcrece, bu \u201coyun kurucu\u201d daha pek \u00e7ok manip\u00fclasyonunu, masummu\u015f ve bar\u0131\u015f yanl\u0131s\u0131ym\u0131\u015f edas\u0131yla, yine farkl\u0131 \u00fclkeler \u00fczerinden sahnelemeye devam edecek. ABD: Zalim \u0130mparatorluk, bu k\u00fcresel g\u00fcc\u00fcn arka plan\u0131n\u0131; hangi motivasyonlarla hareket etti\u011fini, hangi ara\u00e7lara ve kaynaklara yasland\u0131\u011f\u0131n\u0131 tarihsel verilerle inceliyor. Daniele Ganser; \u201c\u00f6zg\u00fcrl\u00fck\u201d, \u201cdemokrasi\u201d ve \u201cinsan haklar\u0131\u201d s\u00f6ylemlerini sorgularken, okuru modern d\u00fcnya d\u00fczenine farkl\u0131 bir a\u00e7\u0131dan bakmaya davet ediyor.<\/p>\n","protected":false},"excerpt":{"rendered":"<p>\u201cBar\u0131\u015f yanl\u0131s\u0131ym\u0131\u015f edas\u0131yla g\u00f6z boyayan, masum c\u00fcmlelerle sava\u015flar\u0131 k\u0131nayan, iki y\u00fczl\u00fc bir imparatorluk! D\u00fcnyadaki sava\u015flar\u0131n arkas\u0131ndaki g\u00fc\u00e7! ABD\u2026\u201d Amerika Birle\u015fik Devletleri, d\u00fcnya olaylar\u0131 \u00fczerinde en g\u00fc\u00e7l\u00fc<span class=\"excerpt-hellip\"> [\u2026]<\/span><\/p>\n","protected":false},"featured_media":0,"template":"","meta":{"_monsterinsights_skip_tracking":false,"_monsterinsights_sitenote_active":false,"_monsterinsights_sitenote_note":"","_monsterinsights_sitenote_category":0},"product_brand":[],"product_cat":[13590,12337],"product_tag":[],"class_list":{"0":"post-781087","1":"product","2":"type-product","3":"status-publish","5":"product_cat-arastirma-inceleme-politika-siyaset","6":"product_cat-politika-siyaset","7":"pa_cilt-ciltsiz","8":"pa_tur-kitap","9":"pa_yayinevi-destek-yayinlari","10":"pa_yazar-daniele-ganser","12":"first","13":"instock","14":"sale","15":"shipping-taxable","16":"purchasable","17":"product-type-simple"},"_links":{"self":[{"href":"https:\/\/roveyayinevi.com.tr\/index.php\/wp-json\/wp\/v2\/product\/781087","targetHints":{"allow":["GET"]}}],"collection":[{"href":"https:\/\/roveyayinevi.com.tr\/index.php\/wp-json\/wp\/v2\/product"}],"about":[{"href":"https:\/\/roveyayinevi.com.tr\/index.php\/wp-json\/wp\/v2\/types\/product"}],"wp:attachment":[{"href":"https:\/\/roveyayinevi.com.tr\/index.php\/wp-json\/wp\/v2\/media?parent=781087"}],"wp:term":[{"taxonomy":"product_brand","embeddable":true,"href":"https:\/\/roveyayinevi.com.tr\/index.php\/wp-json\/wp\/v2\/product_brand?post=781087"},{"taxonomy":"product_cat","embeddable":true,"href":"https:\/\/roveyayinevi.com.tr\/index.php\/wp-json\/wp\/v2\/product_cat?post=781087"},{"taxonomy":"product_tag","embeddable":true,"href":"https:\/\/roveyayinevi.com.tr\/index.php\/wp-json\/wp\/v2\/product_tag?post=781087"}],"curies":[{"name":"wp","href":"https:\/\/api.w.org\/{rel}","templated":true}]}}