{"id":781084,"date":"2026-01-20T04:37:54","date_gmt":"2026-01-20T01:37:54","guid":{"rendered":"https:\/\/roveyayinevi.com.tr\/index.php\/urun\/ozgurluk-yolu-iktisat-ve-iyi-toplum\/"},"modified":"2026-04-15T03:45:30","modified_gmt":"2026-04-15T00:45:30","slug":"ozgurluk-yolu-iktisat-ve-iyi-toplum","status":"publish","type":"product","link":"https:\/\/roveyayinevi.com.tr\/index.php\/urun\/ozgurluk-yolu-iktisat-ve-iyi-toplum\/","title":{"rendered":"\u00d6zg\u00fcrl\u00fck Yolu &#8211; \u0130ktisat ve \u0130yi Toplum"},"content":{"rendered":"<p>\u00d6zg\u00fcrl\u00fck, modern toplumlarda en \u00e7ok tart\u0131\u015f\u0131lan ama en az anla\u015f\u0131lan ideallerden biri. Nobel \u00f6d\u00fcll\u00fc iktisat\u00e7\u0131 Joseph E. Stiglitz, bu kavram\u0131 ekonomik sistemlerimizin merkezine yerle\u015ftirerek yeniden tan\u0131ml\u0131yor ve \u00f6zg\u00fcrl\u00fc\u011f\u00fcn ancak adil, s\u00fcrd\u00fcr\u00fclebilir ve herkes i\u00e7in f\u0131rsat sunan bir d\u00fczende anlaml\u0131 olabilece\u011fini g\u00f6steriyor.Stiglitz, neoliberal d\u00fc\u015f\u00fcncenin piyasa merkezli \u00f6zg\u00fcrl\u00fck anlay\u0131\u015f\u0131n\u0131 sorgularken e\u015fitsizlik, yoksulluk ve \u00e7evresel krizlerin k\u00f6kenlerini keskin bir analizle ortaya koyuyor. Serbest piyasalar\u0131n toplumsal refah\u0131 de\u011fil, g\u00fc\u00e7 ve servet yo\u011funla\u015fmas\u0131n\u0131 b\u00fcy\u00fctt\u00fc\u011f\u00fcn\u00fc savunuyor. Ger\u00e7ek \u00f6zg\u00fcrl\u00fc\u011f\u00fcn yaln\u0131zca bireysel se\u00e7imlerle de\u011fil, t\u00fcm bireylerin potansiyellerini ger\u00e7ekle\u015ftirebildi\u011fi, kamusal sorumlulu\u011fun ve ortak iyinin \u00f6nemsendi\u011fi bir ekonomik d\u00fczende m\u00fcmk\u00fcn oldu\u011funu d\u00fc\u015f\u00fcnen Stiglitz, devletin, toplumun ve piyasalar\u0131n dengeli ve sorumlu bi\u00e7imde bir arada i\u015fledi\u011fi ilerlemeci kapitalizm modelini \u00f6neriyor.Bu kitap, ekonomik sistemlerin yaln\u0131zca verimlilik ve b\u00fcy\u00fcme \u00fczerinden de\u011fil, etik ve insani temelleriyle de ele al\u0131nmas\u0131 gerekti\u011fini hat\u0131rlatan kapsaml\u0131 bir \u00e7al\u0131\u015fma. Stiglitz daha adil, dayan\u0131\u015fmac\u0131 ve ger\u00e7ekten \u00f6zg\u00fcr bir toplumun m\u00fcmk\u00fcn oldu\u011funu ikna edici bir dille ortaya koyarak, bizi \u00f6zg\u00fcrl\u00fc\u011f\u00fcn herkes i\u00e7in anlaml\u0131 olabilece\u011fi bir d\u00fcnyan\u0131n temellerini yeniden d\u00fc\u015f\u00fcnmeye davet ediyor.Joseph E. Stiglitz, Columbia \u00dcniversitesi\u2019nde Ekonomi profes\u00f6r\u00fcd\u00fcr.<\/p>\n","protected":false},"excerpt":{"rendered":"<p>\u00d6zg\u00fcrl\u00fck, modern toplumlarda en \u00e7ok tart\u0131\u015f\u0131lan ama en az anla\u015f\u0131lan ideallerden biri. Nobel \u00f6d\u00fcll\u00fc iktisat\u00e7\u0131 Joseph E. Stiglitz, bu kavram\u0131 ekonomik sistemlerimizin merkezine yerle\u015ftirerek yeniden tan\u0131ml\u0131yor<span class=\"excerpt-hellip\"> [\u2026]<\/span><\/p>\n","protected":false},"featured_media":0,"template":"","meta":{"_monsterinsights_skip_tracking":false,"_monsterinsights_sitenote_active":false,"_monsterinsights_sitenote_note":"","_monsterinsights_sitenote_category":0},"product_brand":[],"product_cat":[13043],"product_tag":[],"class_list":{"0":"post-781084","1":"product","2":"type-product","3":"status-publish","5":"product_cat-ekonomi","6":"pa_cilt-ciltsiz","7":"pa_tur-kitap","8":"pa_yayinevi-koc-universitesi-yayinlari","9":"pa_yazar-joseph-e-stiglitz","11":"first","12":"instock","13":"sale","14":"shipping-taxable","15":"purchasable","16":"product-type-simple"},"_links":{"self":[{"href":"https:\/\/roveyayinevi.com.tr\/index.php\/wp-json\/wp\/v2\/product\/781084","targetHints":{"allow":["GET"]}}],"collection":[{"href":"https:\/\/roveyayinevi.com.tr\/index.php\/wp-json\/wp\/v2\/product"}],"about":[{"href":"https:\/\/roveyayinevi.com.tr\/index.php\/wp-json\/wp\/v2\/types\/product"}],"wp:attachment":[{"href":"https:\/\/roveyayinevi.com.tr\/index.php\/wp-json\/wp\/v2\/media?parent=781084"}],"wp:term":[{"taxonomy":"product_brand","embeddable":true,"href":"https:\/\/roveyayinevi.com.tr\/index.php\/wp-json\/wp\/v2\/product_brand?post=781084"},{"taxonomy":"product_cat","embeddable":true,"href":"https:\/\/roveyayinevi.com.tr\/index.php\/wp-json\/wp\/v2\/product_cat?post=781084"},{"taxonomy":"product_tag","embeddable":true,"href":"https:\/\/roveyayinevi.com.tr\/index.php\/wp-json\/wp\/v2\/product_tag?post=781084"}],"curies":[{"name":"wp","href":"https:\/\/api.w.org\/{rel}","templated":true}]}}